{"id":9078,"date":"2021-03-30T11:38:45","date_gmt":"2021-03-30T15:38:45","guid":{"rendered":"https:\/\/kitaylegal.com\/areas-de-practica\/abogado-de-inmigracion\/abogado-especialista-en-ciudadania\/"},"modified":"2023-01-01T17:12:37","modified_gmt":"2023-01-01T21:12:37","slug":"abogado-de-ciudadania","status":"publish","type":"page","link":"https:\/\/kitaylegal.com\/es\/areas-de-practica\/abogado-de-inmigracion\/abogado-de-ciudadania\/","title":{"rendered":"Abogado de ciudadan\u00eda"},"content":{"rendered":"<h2>Un abogado de ciudadan\u00eda de los Estados Unidos puede ayudarlo a realizar el Sue\u00f1o Americano.<\/h2>\n<p>\u00bfNecesita un\u00a0<strong>abogado de ciudadan\u00eda\u00a0<\/strong>que lo ayude a navegar por el complejo\u00a0<strong>proceso de inmigraci\u00f3n de<\/strong>\u00a0los Estados Unidos\u00a0?\u00a0\u00a1Podemos ayudar!<\/p>\n<p>La ciudadan\u00eda es algo que todos damos por sentado.\u00a0Es un derecho en el que no pensamos hasta que es demasiado tarde y alguien pregunta: \u00ab\u00bfDe d\u00f3nde eres?\u00bb\u00a0Obtener la ciudadan\u00eda en los Estados Unidos puede ser dif\u00edcil y llevar mucho tiempo.\u00a0Pero la mayor\u00eda de las personas quieren convertirse en ciudadanos de este pa\u00eds porque saben que ofrece m\u00e1s oportunidades que cualquier otra naci\u00f3n de la Tierra.<\/p>\n<p>Un\u00a0<strong>abogado de ciudadan\u00eda\u00a0<\/strong>puede ayudarlo obteniendo visas temporales y estado de residencia permanente a trav\u00e9s de la naturalizaci\u00f3n o el\u00a0<strong>patrocinio familiar<\/strong>\u00a0.\u00a0Y cuando est\u00e9 listo para presentar documentos para la ciudadan\u00eda, estar\u00e1n a su lado en cada paso del camino.<\/p>\n<h2>C\u00f3mo solicitar la ciudadan\u00eda en los Estados Unidos de Am\u00e9rica<\/h2>\n<p><img decoding=\"async\" class=\"alignleft size-medium wp-image-8206\" src=\"https:\/\/kitaylegal.com\/wp-content\/uploads\/2021\/05\/Citizenship-Content-Image-300x300.jpg\" alt=\"Ni\u00f1a en campos de flores con la bandera americana ondeando al viento\" width=\"300\" height=\"300\" srcset=\"https:\/\/kitaylegal.com\/wp-content\/uploads\/2021\/05\/Citizenship-Content-Image-300x300.jpg 300w, https:\/\/kitaylegal.com\/wp-content\/uploads\/2021\/05\/Citizenship-Content-Image-150x150.jpg 150w, https:\/\/kitaylegal.com\/wp-content\/uploads\/2021\/05\/Citizenship-Content-Image-400x400.jpg 400w, https:\/\/kitaylegal.com\/wp-content\/uploads\/2021\/05\/Citizenship-Content-Image.jpg 576w\" sizes=\"(max-width: 300px) 100vw, 300px\" \/><\/p>\n<p>Para convertirse en ciudadano estadounidense, debe completar una solicitud y enviarla al gobierno de los EE. UU.\u00a0Adem\u00e1s, debe incluir la tarifa de presentaci\u00f3n requerida.\u00a0Lo m\u00e1s importante es que debe presentar evidencia de que cumple con todos los criterios para la ciudadan\u00eda.\u00a0Este proceso de solicitar y obtener su ciudadan\u00eda se llama \u00abnaturalizaci\u00f3n\u00bb.<\/p>\n<p>Cuando su solicitud est\u00e9 lista para su revisi\u00f3n, se le programar\u00e1 una entrevista en persona con un oficial de los Servicios de Ciudadan\u00eda e Inmigraci\u00f3n de los Estados Unidos (\u201cUSCIS\u201d).\u00a0Durante la entrevista, el oficial revisar\u00e1 su historial de inmigraci\u00f3n, antecedentes penales e historial de viajes.\u00a0Adem\u00e1s, administrar\u00e1n las pruebas de educaci\u00f3n c\u00edvica y de idioma ingl\u00e9s.\u00a0Un\u00a0<strong>abogado de ciudadan\u00eda\u00a0<\/strong>puede ayudarlo a guiarlo a trav\u00e9s de todo este proceso.<\/p>\n<p>Una vez que el oficial aprueba su solicitud, todav\u00eda le queda un paso m\u00e1s importante antes de poder llamarse ciudadano estadounidense.\u00a0Debes asistir a tu ceremonia de juramento y prestar el juramento de lealtad.\u00a0Su ceremonia puede tener lugar el mismo d\u00eda de su entrevista o puede programarse para una fecha posterior.\u00a0De cualquier manera, no puede aprovechar ninguno de los derechos espec\u00edficos asignados a los ciudadanos estadounidenses hasta que se complete su ceremonia.\u00a0Hacerlo puede tener consecuencias muy graves para su aplicaci\u00f3n.<\/p>\n<h2>Requisitos para solicitar la ciudadan\u00eda<\/h2>\n<p>No cualquiera puede solicitar la ciudadan\u00eda en los Estados Unidos.\u00a0Para convertirse en ciudadano estadounidense, un inmigrante DEBE:<\/p>\n<ul>\n<li>Ser mayor de 18 a\u00f1os;<\/li>\n<li>Haber sido residente permanente legal (tambi\u00e9n conocido como titular de una tarjeta verde) durante un m\u00ednimo de cinco a\u00f1os;\n<ul>\n<li>Si est\u00e1 casado con un ciudadano estadounidense, solo tiene que haber sido residente permanente legal durante tres a\u00f1os antes de poder presentar la solicitud;<\/li>\n<\/ul>\n<\/li>\n<li>Haber vivido en los Estados Unidos durante los \u00faltimos cinco a\u00f1os antes de enviar su solicitud y haber estado f\u00edsicamente presente en los Estados Unidos durante al menos la mitad de ese tiempo;<\/li>\n<li>Demostrar buen car\u00e1cter moral (es decir, sin arrestos ni condenas) en los cinco a\u00f1os antes de presentar su solicitud;<\/li>\n<li>No tener NINGUNA condena por ciertos delitos graves en ning\u00fan momento despu\u00e9s de 1990;\u00a0y<\/li>\n<li>Poder leer, escribir y hablar ingl\u00e9s b\u00e1sico.<\/li>\n<\/ul>\n<p>Para tener \u00e9xito, es fundamental que consulte con un\u00a0<strong>abogado\u00a0<\/strong>con experiencia en\u00a0<strong>ciudadan\u00eda de los Estados Unidos\u00a0<\/strong>.\u00a0Su abogado podr\u00e1 explicarle si cumple con cada uno de estos requisitos.\u00a0Tambi\u00e9n podr\u00e1n guiarte durante todo el proceso.\u00a0Es importante destacar que esto le dar\u00e1 la mejor oportunidad de obtener con \u00e9xito la ciudadan\u00eda de los Estados Unidos.<\/p>\n<h2>\u00bfPuede un abogado de ciudadan\u00eda decirme las preguntas de solicitud de ciudadan\u00eda?<\/h2>\n<p>Al hacer esta pregunta, es probable que se est\u00e9 preguntando acerca de la prueba de educaci\u00f3n c\u00edvica que es parte del proceso de ciudadan\u00eda.\u00a0La parte del examen de educaci\u00f3n c\u00edvica de su entrevista de ciudadan\u00eda pondr\u00e1 a prueba su conocimiento de la historia y el gobierno de los Estados Unidos.\u00a0El oficial le har\u00e1 hasta 20 preguntas y debe responder al menos 12 de ellas correctamente para aprobar.<\/p>\n<p>Si bien puede comprar gu\u00edas de estudio para ayudarlo a prepararse, USCIS ofrece una amplia gama de materiales sin cargo\u00a0<strong>directamente en su sitio web<\/strong>\u00a0.<\/p>\n<p>Algunas de estas preguntas incluyen:<\/p>\n<ul>\n<li>\u00bfC\u00f3mo se hacen los cambios a la Constituci\u00f3n de los Estados Unidos?<\/li>\n<li>\u00bfPor qu\u00e9 es importante la Declaraci\u00f3n de Independencia?<\/li>\n<li>\u00bfCu\u00e1ntos senadores tiene cada estado?<\/li>\n<\/ul>\n<p>Esta es solo una peque\u00f1a muestra de los tipos de preguntas que necesitar\u00e1 estudiar para la parte del examen de educaci\u00f3n c\u00edvica de su\u00a0proceso de\u00a0<strong>naturalizaci\u00f3n y ciudadan\u00eda\u00a0<\/strong>.\u00a0Para obtener orientaci\u00f3n adicional, consulte con un\u00a0<strong>abogado\u00a0<\/strong>con experiencia en\u00a0<strong>ciudadan\u00eda\u00a0<\/strong>en las oficinas Legales Kitay hoy mismo!<\/p>\n<h4>\u00bfC\u00f3mo es el examen de ingl\u00e9s?<\/h4>\n<p>La parte del examen de idioma ingl\u00e9s de su solicitud de ciudadan\u00eda consta de tres partes:<\/p>\n<ol>\n<li>Leer<\/li>\n<li>Escribir y<\/li>\n<li>Hablar en ingl\u00e9s<\/li>\n<\/ol>\n<p>Para completar la parte de lectura, debe leer correctamente en voz alta una de las tres oraciones proporcionadas por el oficial de inmigraci\u00f3n.\u00a0De manera similar, para completar la parte de escritura, debe escribir correctamente una de las tres oraciones que le ley\u00f3 el oficial de inmigraci\u00f3n.<\/p>\n<p>Su capacidad para hablar y comprender ingl\u00e9s ser\u00e1 determinada por el oficial de inmigraci\u00f3n durante el transcurso de su entrevista.\u00a0Su determinaci\u00f3n se basar\u00e1 en su capacidad para comprender y responder no solo a las preguntas sobre educaci\u00f3n c\u00edvica y lenguaje, sino tambi\u00e9n en su capacidad para realizar toda la entrevista en ingl\u00e9s.\u00a0Para obtener m\u00e1s detalles, consulte con un\u00a0<strong>abogado de ciudadan\u00eda\u00a0<\/strong>en los EE. UU. Antes de solicitar la ciudadan\u00eda.<\/p>\n<h4>Me preocupa el examen de ingl\u00e9s.\u00a0\u00bfPuede un abogado de ciudadan\u00eda informarme sobre alguna excepci\u00f3n?<\/h4>\n<p>S\u00ed, existen exenciones del requisito del idioma ingl\u00e9s, pero solo se aplican a un peque\u00f1o grupo de personas.<\/p>\n<p>Las exenciones de idioma se basan en su edad y el tiempo que ha tenido su tarjeta de residencia.\u00a0Puede aplicarse una exenci\u00f3n si usted es:<\/p>\n<ol>\n<li>50 a\u00f1os o m\u00e1s y ha tenido su tarjeta de residencia durante 20 a\u00f1os o m\u00e1s;\u00a0o<\/li>\n<li>Tiene 55 a\u00f1os o m\u00e1s y ha tenido su tarjeta de residencia durante 15 a\u00f1os o m\u00e1s.<\/li>\n<\/ol>\n<p>En estas situaciones, puede realizar su entrevista de ciudadan\u00eda y examen de educaci\u00f3n c\u00edvica en su mejor idioma.\u00a0Para saber si alguna de estas excepciones se aplica a usted, hable con un\u00a0<strong>abogado de ciudadan\u00eda\u00a0<\/strong>con experiencia\u00a0.<\/p>\n<p>Es importante destacar que a\u00fan debe aprobar el examen de educaci\u00f3n c\u00edvica incluso si cumple con una de estas excepciones para el examen de idioma ingl\u00e9s.\u00a0La \u00fanica diferencia es que podr\u00e1 hacerlo en su propio idioma, en vez de hacerlo en ingl\u00e9s.<\/p>\n<h4>\u00bfPuede ayudarme un abogado de ciudadan\u00eda de los Estados Unidos si ya no pas\u00e9 las pruebas de educaci\u00f3n c\u00edvica o de idioma ingl\u00e9s?<\/h4>\n<p>S\u00ed, un abogado de ciudadan\u00eda puede ayudarlo si ya ha reprobado una o ambas pruebas de educaci\u00f3n c\u00edvica y de idioma ingl\u00e9s.\u00a0Es importante destacar que un\u00a0<strong>abogado de ciudadan\u00eda\u00a0<\/strong>puede confirmar cu\u00e1ndo y d\u00f3nde puede realizar el examen por segunda vez.\u00a0Sin embargo, su abogado tendr\u00e1 que comenzar el proceso de nuevo por usted si falla despu\u00e9s de una nueva prueba.<\/p>\n<h4>\u00bfPuedo solicitar la ciudadan\u00eda si tengo una discapacidad que me impide completar los requisitos de educaci\u00f3n c\u00edvica e idioma?<\/h4>\n<p>S\u00ed, puede solicitar una exenci\u00f3n de los requisitos de educaci\u00f3n c\u00edvica e idioma si no puede completarlos debido a:<\/p>\n<ul>\n<li>Discapacidad f\u00edsica;<\/li>\n<li>La discapacidad del desarrollo;\u00a0o<\/li>\n<li>Discapacidad mental.<\/li>\n<\/ul>\n<p>Sin embargo, a\u00fan deber\u00e1 cumplir con todos los dem\u00e1s requisitos enumerados anteriormente.\u00a0Para que usted califique, su m\u00e9dico deber\u00e1 completar un formulario espec\u00edfico y explicar c\u00f3mo y por qu\u00e9 su condici\u00f3n afecta su capacidad para realizar estas pruebas.\u00a0Como puede ver, si califica para una exenci\u00f3n es una determinaci\u00f3n complicada.\u00a0Por lo tanto, aseg\u00farese de hablar con un\u00a0<strong>abogado de ciudadan\u00eda\u00a0<\/strong>.<\/p>\n<h2>\u00bfPuedo perder mi ciudadan\u00eda?<\/h2>\n<p>S\u00ed, se le puede quitar la ciudadan\u00eda estadounidense.\u00a0Sin embargo, esto solo ocurre en circunstancias muy espec\u00edficas.\u00a0Adem\u00e1s, esto solo puede suceder despu\u00e9s de un juicio durante el cual el gobierno de los EE. UU. Demuestre a un juez federal, sin lugar a dudas, que esta medida extrema est\u00e1 justificada.\u00a0Las circunstancias que podr\u00edan causar que pierda su ciudadan\u00eda estadounidense incluyen:<\/p>\n<ul>\n<li>Fraude de inmigraci\u00f3n;<\/li>\n<li>Afiliaci\u00f3n a una organizaci\u00f3n terrorista;\u00a0o<\/li>\n<li>En los casos en que la ciudadan\u00eda se obtenga mediante el servicio militar: baja deshonrosa.<\/li>\n<\/ul>\n<h2>\u00bfPor qu\u00e9 deber\u00eda solicitar la ciudadan\u00eda si ya he tenido mi tarjeta de residencia durante mucho tiempo?<\/h2>\n<p>Si bien una tarjeta verde le permitir\u00e1 vivir y trabajar en los Estados Unidos de manera permanente, obtener la ciudadan\u00eda estadounidense tiene varias ventajas.<\/p>\n<p>Primero, una gran ventaja es la protecci\u00f3n contra la deportaci\u00f3n.\u00a0Los titulares de la tarjeta verde pueden perder su estatus por varias razones.\u00a0Por ejemplo, esto puede incluir ciertas condenas penales o pasar demasiado tiempo fuera de los Estados Unidos.\u00a0Sin embargo, una vez que obtenga su ciudadan\u00eda estadounidense, solo podr\u00e1 revocarla en situaciones muy limitadas.<\/p>\n<p>Adem\u00e1s, otra gran ventaja de la ciudadan\u00eda estadounidense es la posibilidad de votar en las elecciones locales, estatales y federales.\u00a0Los inmigrantes que obtienen tarjetas de residencia generalmente lo hacen porque planean vivir en los Estados Unidos de manera permanente.\u00a0Sin embargo, a menos que obtengan la ciudadan\u00eda, podr\u00edan vivir aqu\u00ed toda su vida sin poder participar en nuestro proceso pol\u00edtico y tener voz y voto en las leyes por las que se rigen.<\/p>\n<p>Finalmente, a diferencia de una tarjeta verde, su ciudadan\u00eda nunca necesitar\u00e1 ser renovada.\u00a0Como resultado, nunca tendr\u00e1 que preocuparse por el proceso de obtenci\u00f3n de beneficios que requieren una tarjeta vigente, como cambiar de trabajo o renovar su licencia de conducir.<\/p>\n<h2>\u00a1Un abogado de ciudadan\u00eda en las Oficinas Legales Kitay \u00a0est\u00e1 listo para ayudar, en ingl\u00e9s o espa\u00f1ol!<\/h2>\n<p>\u00a1Un\u00a0<strong>abogado\u00a0<\/strong>con\u00a0experiencia en\u00a0<strong>ciudadan\u00eda\u00a0<\/strong>en las\u00a0<strong>Oficinas Legales Kitay <\/strong>\u00a0est\u00e1 listo para ayudarlo de inmediato!\u00a0Adem\u00e1s, podemos ayudarlo tanto en ingl\u00e9s como en espa\u00f1ol para que se sienta m\u00e1s c\u00f3modo con el proceso.\u00a0<strong>\u00a1Se habla espa\u00f1ol!<\/strong>\u00a0\u00a0\u00a0\u00a0\u00a0\u00a0\u00a0\u00a0<strong>\u00a0<\/strong><\/p>\n<p>Puede comunicarse con nosotros en\u00a0<strong>l\u00ednea<\/strong>\u00a0o llamando al 888-KITAYLAW.<\/p>\n","protected":false},"excerpt":{"rendered":"<p>Un abogado de ciudadan\u00eda de los Estados Unidos puede ayudarlo a realizar el Sue\u00f1o Americano. \u00bfNecesita un\u00a0abogado de ciudadan\u00eda\u00a0que lo ayude a navegar por el complejo\u00a0proceso de inmigraci\u00f3n de\u00a0los Estados Unidos\u00a0?\u00a0\u00a1Podemos ayudar! La ciudadan\u00eda es algo que todos damos por sentado.\u00a0Es un derecho en el que no pensamos hasta que es demasiado tarde y alguien&#8230; <\/p>\n<div class=\"clear\"><\/div>\n<p><a href=\"https:\/\/kitaylegal.com\/es\/areas-de-practica\/abogado-de-inmigracion\/abogado-de-ciudadania\/\" class=\"excerpt-read-more\">Read More<\/a><\/p>\n","protected":false},"author":2,"featured_media":0,"parent":9069,"menu_order":0,"comment_status":"closed","ping_status":"closed","template":"template-practice-sp.php","meta":{"_acf_changed":false,"footnotes":""},"class_list":["post-9078","page","type-page","status-publish","hentry"],"acf":[],"yoast_head":"<!-- This site is optimized with the Yoast SEO Premium plugin v27.3 (Yoast SEO v27.3) - https:\/\/yoast.com\/product\/yoast-seo-premium-wordpress\/ -->\n<title>Abogado de ciudadan\u00eda - Kitay Law Offices - Experienced Attorneys in PA &amp; NJ<\/title>\n<meta name=\"robots\" content=\"index, follow, max-snippet:-1, max-image-preview:large, max-video-preview:-1\" \/>\n<link rel=\"canonical\" href=\"https:\/\/kitaylegal.com\/es\/areas-de-practica\/abogado-de-inmigracion\/abogado-de-ciudadania\/\" \/>\n<meta property=\"og:locale\" content=\"es_ES\" \/>\n<meta property=\"og:type\" content=\"article\" \/>\n<meta property=\"og:title\" content=\"Abogado de ciudadan\u00eda\" \/>\n<meta property=\"og:description\" content=\"Un abogado de ciudadan\u00eda de los Estados Unidos puede ayudarlo a realizar el Sue\u00f1o Americano. \u00bfNecesita un\u00a0abogado de ciudadan\u00eda\u00a0que lo ayude a navegar por el complejo\u00a0proceso de inmigraci\u00f3n de\u00a0los Estados Unidos\u00a0?\u00a0\u00a1Podemos ayudar! La ciudadan\u00eda es algo que todos damos por sentado.\u00a0Es un derecho en el que no pensamos hasta que es demasiado tarde y alguien... Read More\" \/>\n<meta property=\"og:url\" content=\"https:\/\/kitaylegal.com\/es\/areas-de-practica\/abogado-de-inmigracion\/abogado-de-ciudadania\/\" \/>\n<meta property=\"og:site_name\" content=\"Kitay Law Offices - Experienced Attorneys in PA &amp; NJ\" \/>\n<meta property=\"article:modified_time\" content=\"2023-01-01T21:12:37+00:00\" \/>\n<meta property=\"og:image\" content=\"https:\/\/kitaylegal.com\/wp-content\/uploads\/2021\/05\/Citizenship-Content-Image-300x300.jpg\" \/>\n<meta name=\"twitter:card\" content=\"summary_large_image\" \/>\n<meta name=\"twitter:label1\" content=\"Tiempo de lectura\" \/>\n\t<meta name=\"twitter:data1\" content=\"8 minutos\" \/>\n<script type=\"application\/ld+json\" class=\"yoast-schema-graph\">{\"@context\":\"https:\\\/\\\/schema.org\",\"@graph\":[{\"@type\":\"WebPage\",\"@id\":\"https:\\\/\\\/kitaylegal.com\\\/es\\\/areas-de-practica\\\/abogado-de-inmigracion\\\/abogado-de-ciudadania\\\/\",\"url\":\"https:\\\/\\\/kitaylegal.com\\\/es\\\/areas-de-practica\\\/abogado-de-inmigracion\\\/abogado-de-ciudadania\\\/\",\"name\":\"Abogado de ciudadan\u00eda - Kitay Law Offices - Experienced Attorneys in PA &amp; NJ\",\"isPartOf\":{\"@id\":\"https:\\\/\\\/kitaylegal.com\\\/es\\\/#website\"},\"primaryImageOfPage\":{\"@id\":\"https:\\\/\\\/kitaylegal.com\\\/es\\\/areas-de-practica\\\/abogado-de-inmigracion\\\/abogado-de-ciudadania\\\/#primaryimage\"},\"image\":{\"@id\":\"https:\\\/\\\/kitaylegal.com\\\/es\\\/areas-de-practica\\\/abogado-de-inmigracion\\\/abogado-de-ciudadania\\\/#primaryimage\"},\"thumbnailUrl\":\"https:\\\/\\\/kitaylegal.com\\\/wp-content\\\/uploads\\\/2021\\\/05\\\/Citizenship-Content-Image-300x300.jpg\",\"datePublished\":\"2021-03-30T15:38:45+00:00\",\"dateModified\":\"2023-01-01T21:12:37+00:00\",\"breadcrumb\":{\"@id\":\"https:\\\/\\\/kitaylegal.com\\\/es\\\/areas-de-practica\\\/abogado-de-inmigracion\\\/abogado-de-ciudadania\\\/#breadcrumb\"},\"inLanguage\":\"es\",\"potentialAction\":[{\"@type\":\"ReadAction\",\"target\":[\"https:\\\/\\\/kitaylegal.com\\\/es\\\/areas-de-practica\\\/abogado-de-inmigracion\\\/abogado-de-ciudadania\\\/\"]}]},{\"@type\":\"ImageObject\",\"inLanguage\":\"es\",\"@id\":\"https:\\\/\\\/kitaylegal.com\\\/es\\\/areas-de-practica\\\/abogado-de-inmigracion\\\/abogado-de-ciudadania\\\/#primaryimage\",\"url\":\"https:\\\/\\\/kitaylegal.com\\\/wp-content\\\/uploads\\\/2021\\\/05\\\/Citizenship-Content-Image-300x300.jpg\",\"contentUrl\":\"https:\\\/\\\/kitaylegal.com\\\/wp-content\\\/uploads\\\/2021\\\/05\\\/Citizenship-Content-Image-300x300.jpg\"},{\"@type\":\"BreadcrumbList\",\"@id\":\"https:\\\/\\\/kitaylegal.com\\\/es\\\/areas-de-practica\\\/abogado-de-inmigracion\\\/abogado-de-ciudadania\\\/#breadcrumb\",\"itemListElement\":[{\"@type\":\"ListItem\",\"position\":1,\"name\":\"Home\",\"item\":\"https:\\\/\\\/kitaylegal.com\\\/es\\\/\"},{\"@type\":\"ListItem\",\"position\":2,\"name\":\"Areas de Pr\u00e1ctica &#8211; Vista General\",\"item\":\"https:\\\/\\\/kitaylegal.com\\\/es\\\/areas-de-practica\\\/\"},{\"@type\":\"ListItem\",\"position\":3,\"name\":\"Abogado de Inmigraci\u00f3n\",\"item\":\"https:\\\/\\\/kitaylegal.com\\\/es\\\/areas-de-practica\\\/abogado-de-inmigracion\\\/\"},{\"@type\":\"ListItem\",\"position\":4,\"name\":\"Abogado de ciudadan\u00eda\"}]},{\"@type\":\"WebSite\",\"@id\":\"https:\\\/\\\/kitaylegal.com\\\/es\\\/#website\",\"url\":\"https:\\\/\\\/kitaylegal.com\\\/es\\\/\",\"name\":\"Kitay Law Offices - Personal Injury, Workers' Compensation, and Criminal Defense Lawyer in Pennsylvania\",\"description\":\"Specializing in Personal Injury, Workers&#039; Compensation, Criminal Defense, DUI Law, and Toxic Torts.\",\"alternateName\":\"Kitay Law Offices - Personal Injury Lawyer in PA\",\"potentialAction\":[{\"@type\":\"SearchAction\",\"target\":{\"@type\":\"EntryPoint\",\"urlTemplate\":\"https:\\\/\\\/kitaylegal.com\\\/es\\\/?s={search_term_string}\"},\"query-input\":{\"@type\":\"PropertyValueSpecification\",\"valueRequired\":true,\"valueName\":\"search_term_string\"}}],\"inLanguage\":\"es\"}]}<\/script>\n<!-- \/ Yoast SEO Premium plugin. -->","yoast_head_json":{"title":"Abogado de ciudadan\u00eda - Kitay Law Offices - Experienced Attorneys in PA &amp; NJ","robots":{"index":"index","follow":"follow","max-snippet":"max-snippet:-1","max-image-preview":"max-image-preview:large","max-video-preview":"max-video-preview:-1"},"canonical":"https:\/\/kitaylegal.com\/es\/areas-de-practica\/abogado-de-inmigracion\/abogado-de-ciudadania\/","og_locale":"es_ES","og_type":"article","og_title":"Abogado de ciudadan\u00eda","og_description":"Un abogado de ciudadan\u00eda de los Estados Unidos puede ayudarlo a realizar el Sue\u00f1o Americano. \u00bfNecesita un\u00a0abogado de ciudadan\u00eda\u00a0que lo ayude a navegar por el complejo\u00a0proceso de inmigraci\u00f3n de\u00a0los Estados Unidos\u00a0?\u00a0\u00a1Podemos ayudar! La ciudadan\u00eda es algo que todos damos por sentado.\u00a0Es un derecho en el que no pensamos hasta que es demasiado tarde y alguien... Read More","og_url":"https:\/\/kitaylegal.com\/es\/areas-de-practica\/abogado-de-inmigracion\/abogado-de-ciudadania\/","og_site_name":"Kitay Law Offices - Experienced Attorneys in PA &amp; NJ","article_modified_time":"2023-01-01T21:12:37+00:00","og_image":[{"url":"https:\/\/kitaylegal.com\/wp-content\/uploads\/2021\/05\/Citizenship-Content-Image-300x300.jpg","type":"","width":"","height":""}],"twitter_card":"summary_large_image","twitter_misc":{"Tiempo de lectura":"8 minutos"},"schema":{"@context":"https:\/\/schema.org","@graph":[{"@type":"WebPage","@id":"https:\/\/kitaylegal.com\/es\/areas-de-practica\/abogado-de-inmigracion\/abogado-de-ciudadania\/","url":"https:\/\/kitaylegal.com\/es\/areas-de-practica\/abogado-de-inmigracion\/abogado-de-ciudadania\/","name":"Abogado de ciudadan\u00eda - Kitay Law Offices - Experienced Attorneys in PA &amp; NJ","isPartOf":{"@id":"https:\/\/kitaylegal.com\/es\/#website"},"primaryImageOfPage":{"@id":"https:\/\/kitaylegal.com\/es\/areas-de-practica\/abogado-de-inmigracion\/abogado-de-ciudadania\/#primaryimage"},"image":{"@id":"https:\/\/kitaylegal.com\/es\/areas-de-practica\/abogado-de-inmigracion\/abogado-de-ciudadania\/#primaryimage"},"thumbnailUrl":"https:\/\/kitaylegal.com\/wp-content\/uploads\/2021\/05\/Citizenship-Content-Image-300x300.jpg","datePublished":"2021-03-30T15:38:45+00:00","dateModified":"2023-01-01T21:12:37+00:00","breadcrumb":{"@id":"https:\/\/kitaylegal.com\/es\/areas-de-practica\/abogado-de-inmigracion\/abogado-de-ciudadania\/#breadcrumb"},"inLanguage":"es","potentialAction":[{"@type":"ReadAction","target":["https:\/\/kitaylegal.com\/es\/areas-de-practica\/abogado-de-inmigracion\/abogado-de-ciudadania\/"]}]},{"@type":"ImageObject","inLanguage":"es","@id":"https:\/\/kitaylegal.com\/es\/areas-de-practica\/abogado-de-inmigracion\/abogado-de-ciudadania\/#primaryimage","url":"https:\/\/kitaylegal.com\/wp-content\/uploads\/2021\/05\/Citizenship-Content-Image-300x300.jpg","contentUrl":"https:\/\/kitaylegal.com\/wp-content\/uploads\/2021\/05\/Citizenship-Content-Image-300x300.jpg"},{"@type":"BreadcrumbList","@id":"https:\/\/kitaylegal.com\/es\/areas-de-practica\/abogado-de-inmigracion\/abogado-de-ciudadania\/#breadcrumb","itemListElement":[{"@type":"ListItem","position":1,"name":"Home","item":"https:\/\/kitaylegal.com\/es\/"},{"@type":"ListItem","position":2,"name":"Areas de Pr\u00e1ctica &#8211; Vista General","item":"https:\/\/kitaylegal.com\/es\/areas-de-practica\/"},{"@type":"ListItem","position":3,"name":"Abogado de Inmigraci\u00f3n","item":"https:\/\/kitaylegal.com\/es\/areas-de-practica\/abogado-de-inmigracion\/"},{"@type":"ListItem","position":4,"name":"Abogado de ciudadan\u00eda"}]},{"@type":"WebSite","@id":"https:\/\/kitaylegal.com\/es\/#website","url":"https:\/\/kitaylegal.com\/es\/","name":"Kitay Law Offices - Personal Injury, Workers' Compensation, and Criminal Defense Lawyer in Pennsylvania","description":"Specializing in Personal Injury, Workers&#039; Compensation, Criminal Defense, DUI Law, and Toxic Torts.","alternateName":"Kitay Law Offices - Personal Injury Lawyer in PA","potentialAction":[{"@type":"SearchAction","target":{"@type":"EntryPoint","urlTemplate":"https:\/\/kitaylegal.com\/es\/?s={search_term_string}"},"query-input":{"@type":"PropertyValueSpecification","valueRequired":true,"valueName":"search_term_string"}}],"inLanguage":"es"}]}},"_links":{"self":[{"href":"https:\/\/kitaylegal.com\/es\/wp-json\/wp\/v2\/pages\/9078","targetHints":{"allow":["GET"]}}],"collection":[{"href":"https:\/\/kitaylegal.com\/es\/wp-json\/wp\/v2\/pages"}],"about":[{"href":"https:\/\/kitaylegal.com\/es\/wp-json\/wp\/v2\/types\/page"}],"author":[{"embeddable":true,"href":"https:\/\/kitaylegal.com\/es\/wp-json\/wp\/v2\/users\/2"}],"replies":[{"embeddable":true,"href":"https:\/\/kitaylegal.com\/es\/wp-json\/wp\/v2\/comments?post=9078"}],"version-history":[{"count":3,"href":"https:\/\/kitaylegal.com\/es\/wp-json\/wp\/v2\/pages\/9078\/revisions"}],"predecessor-version":[{"id":9444,"href":"https:\/\/kitaylegal.com\/es\/wp-json\/wp\/v2\/pages\/9078\/revisions\/9444"}],"up":[{"embeddable":true,"href":"https:\/\/kitaylegal.com\/es\/wp-json\/wp\/v2\/pages\/9069"}],"wp:attachment":[{"href":"https:\/\/kitaylegal.com\/es\/wp-json\/wp\/v2\/media?parent=9078"}],"curies":[{"name":"wp","href":"https:\/\/api.w.org\/{rel}","templated":true}]}}