{"id":9076,"date":"2021-03-30T11:38:47","date_gmt":"2021-03-30T15:38:47","guid":{"rendered":"https:\/\/kitaylegal.com\/areas-de-practica\/abogado-de-inmigracion\/abogado-especializado-en-asilo\/"},"modified":"2023-01-01T17:15:06","modified_gmt":"2023-01-01T21:15:06","slug":"abogado-de-asilo","status":"publish","type":"page","link":"https:\/\/kitaylegal.com\/es\/areas-de-practica\/abogado-de-inmigracion\/abogado-de-asilo\/","title":{"rendered":"Abogado de asilo"},"content":{"rendered":"<h2>Un abogado de asilo puede ayudarlo a protegerse del peligro en los Estados Unidos.<\/h2>\n<p>Los servicios de\u00a0<strong>abogados de asilo\u00a0<\/strong>son para personas que han huido de sus pa\u00edses de origen debido a la persecuci\u00f3n y quieren encontrar refugio en otro pa\u00eds.\u00a0Aquellos que califiquen pueden solicitar asilo en los Estados Unidos.\u00a0Es importante destacar que esta es una forma de protecci\u00f3n que les da derecho a vivir en cualquier lugar que elijan dentro de un pa\u00eds en particular.<\/p>\n<p>Sorprendentemente, Estados Unidos es uno de los pa\u00edses m\u00e1s abiertos del mundo.\u00a0Ofrece una multitud de oportunidades para quienes buscan nuevos comienzos.\u00a0A veces las personas se encuentran fuera de su pa\u00eds de origen necesitan solicitar protecci\u00f3n de asilo.<\/p>\n<p>Un\u00a0<strong>abogado de asilo\u00a0<\/strong>puede ayudarlo a protegerse del peligro ayud\u00e1ndolo a recibir un estatus legal.\u00a0Tambi\u00e9n pueden ayudar a procesar el papeleo, brindar orientaci\u00f3n sobre c\u00f3mo ser autosuficiente y mucho m\u00e1s.<\/p>\n<p>Una persona que busca asilo necesita un\u00a0<strong>abogado de asilo\u00a0<\/strong>para ayudarla con este proceso.\u00a0Estos abogados tienen un amplio conocimiento sobre\u00a0<strong>la ley de inmigraci\u00f3n<\/strong>\u00a0.\u00a0Adem\u00e1s, pueden brindarle consejos sobre c\u00f3mo protegerse del peligro mientras avanza con su aplicaci\u00f3n.<\/p>\n<h2>\u00bfQu\u00e9 es el asilo?<\/h2>\n<p>Seg\u00fan la ley de los EE. UU., El asilo es un estado migratorio legal para alguien que ha experimentado, o probablemente experimentar\u00e1, persecuci\u00f3n en su pa\u00eds de origen.\u00a0Es importante destacar que la persecuci\u00f3n debe deberse a una de cinco razones muy espec\u00edficas:<\/p>\n<ul>\n<li>Raza;<\/li>\n<li>Religi\u00f3n;<\/li>\n<li>Nacionalidad;<\/li>\n<li>Opini\u00f3n pol\u00edtica;\u00a0o<\/li>\n<li>Grupo social particular.<\/li>\n<\/ul>\n<p><img decoding=\"async\" class=\"alignleft size-medium wp-image-8204\" src=\"https:\/\/kitaylegal.com\/wp-content\/uploads\/2021\/05\/Asylum-Content-Image-300x300.jpg\" alt=\"Personas que solicitan asilo en Estados Unidos\" width=\"300\" height=\"300\" srcset=\"https:\/\/kitaylegal.com\/wp-content\/uploads\/2021\/05\/Asylum-Content-Image-300x300.jpg 300w, https:\/\/kitaylegal.com\/wp-content\/uploads\/2021\/05\/Asylum-Content-Image-150x150.jpg 150w, https:\/\/kitaylegal.com\/wp-content\/uploads\/2021\/05\/Asylum-Content-Image-400x400.jpg 400w, https:\/\/kitaylegal.com\/wp-content\/uploads\/2021\/05\/Asylum-Content-Image.jpg 576w\" sizes=\"(max-width: 300px) 100vw, 300px\" \/><\/p>\n<p>Cada elemento de esta definici\u00f3n tiene su propia definici\u00f3n y requisitos legales.\u00a0Como resultado, obtener Asilo en los EE. UU. Requiere mucho m\u00e1s que decirle a un juez de inmigraci\u00f3n que tiene miedo de regresar a su pa\u00eds de origen.\u00a0En cambio, su\u00a0<strong>abogado de asilo\u00a0<\/strong>le ayudar\u00e1 a demostrar que:<\/p>\n<ol>\n<li>El da\u00f1o que sufri\u00f3 o sufrir\u00e1 cumple con la definici\u00f3n legal de \u00abpersecuci\u00f3n\u00bb<\/li>\n<li>Que la persecuci\u00f3n ocurri\u00f3 u ocurrir\u00e1 debido a su raza, religi\u00f3n, nacionalidad, opini\u00f3n pol\u00edtica o grupo social en particular;\u00a0y<\/li>\n<li>Su supuesta \u00abraza\u00bb, \u00abreligi\u00f3n\u00bb, \u00abnacionalidad\u00bb, \u00abopini\u00f3n pol\u00edtica\u00bb o \u00abgrupo social particular\u00bb en realidad cumple con la definici\u00f3n de esos t\u00e9rminos seg\u00fan la ley de los EE. UU.<\/li>\n<\/ol>\n<p>Por lo tanto, el asilo no es f\u00e1cil de obtener.\u00a0Si bien puede tener un temor leg\u00edtimo de regresar a su pa\u00eds de origen, es posible que a\u00fan no califique legalmente para el asilo.\u00a0Es posible que no se encuentre con uno de los terrenos protegidos.\u00a0O su miedo puede no estar relacionado con su terreno protegido particular.\u00a0Por lo tanto, comun\u00edquese con un\u00a0<strong>abogado\u00a0<\/strong>con\u00a0experiencia en\u00a0<strong>asilo en los Estados Unidos\u00a0<\/strong>para obtener ayuda.<\/p>\n<h2>\u00bfCu\u00e1les son los beneficios de solicitar asilo?<\/h2>\n<p>Tanto la solicitud como la concesi\u00f3n de asilo conllevan importantes beneficios.\u00a0Primero, algunos solicitantes de asilo pueden solicitar permisos de trabajo un a\u00f1o despu\u00e9s de presentar su solicitud de asilo.\u00a0Sin embargo, no todos los que solicitan asilo califican para un permiso de trabajo.\u00a0Adem\u00e1s, las leyes que rodean a este tipo de permisos de trabajo est\u00e1n cambiando r\u00e1pidamente.\u00a0Por lo tanto, es importante hablar con un\u00a0<strong>abogado de asilo\u00a0<\/strong>con experiencia\u00a0en los EE. UU. Para determinar su elegibilidad.<\/p>\n<p>Una concesi\u00f3n de asilo tambi\u00e9n viene con beneficios \u00fanicos de muchas otras categor\u00edas de inmigrantes.\u00a0Por ejemplo:<\/p>\n<ul>\n<li>Se le permite vivir y trabajar en los Estados Unidos sin tener que solicitar un permiso de trabajo.<\/li>\n<li>Tambi\u00e9n puede solicitar ciertos beneficios gubernamentales limitados sin el temor de que el uso de estos beneficios lo descalifique para solicitar una tarjeta verde en el futuro.<\/li>\n<\/ul>\n<p>Finalmente, puede solicitar una tarjeta verde un a\u00f1o despu\u00e9s de su aprobaci\u00f3n.\u00a0Esto se opone a los 3 o 5 a\u00f1os para otras categor\u00edas de inmigrantes.<\/p>\n<h2>\u00bfPuedo solicitar asilo?<\/h2>\n<p>Para solicitar asilo, debe:<\/p>\n<ol>\n<li>Estar en los Estados Unidos;<\/li>\n<li>A\u00fan no tiene una tarjeta verde o ciudadan\u00eda estadounidense;\u00a0y<\/li>\n<li>Tiene un temor leg\u00edtimo de regresar a su pa\u00eds de origen.<\/li>\n<\/ol>\n<p>Recuerde, no importa si ingres\u00f3 legal o ilegalmente.\u00a0Adem\u00e1s, no importa si su estatus migratorio legal ha expirado.\u00a0Para ver si puede calificar, \u00a1comun\u00edquese con un\u00a0<strong>abogado de asilo\u00a0<\/strong>hoy mismo!<\/p>\n<h4>\u00bfCu\u00e1ndo deber\u00eda ayudarme un abogado de asilo a presentar la solicitud?<\/h4>\n<p>El plazo para solicitar asilo en Estados Unidos es muy estricto.\u00a0Su solicitud DEBE enviarse dentro de un a\u00f1o de su entrada a los Estados Unidos.<\/p>\n<p>Sin embargo, existen algunas excepciones a esta regla.\u00a0Al mismo tiempo, estas excepciones son muy limitadas.\u00a0Si no cumple con el plazo de 1 a\u00f1o, a\u00fan puede calificar si puede demostrar que:<\/p>\n<ol>\n<li>Se le impidi\u00f3 enviar su solicitud debido a circunstancias fuera de su control;<\/li>\n<li>Hay nuevas circunstancias que le hacen temer regresar a su pa\u00eds de origen;\u00a0o<\/li>\n<li>Ten\u00edas menos de 18 a\u00f1os cuando ingresaste a los EE. UU.<\/li>\n<\/ol>\n<p>Adem\u00e1s de su solicitud de asilo, tambi\u00e9n debe presentar evidencia de que una de estas excepciones se aplica a su situaci\u00f3n.\u00a0Como resultado, es crucial que cuente con un\u00a0<strong>abogado de asilo\u00a0<\/strong>experimentado que lo\u00a0gu\u00ede a trav\u00e9s de cada paso del proceso.<\/p>\n<h2>Diferentes tipos de solicitudes de asilo<\/h2>\n<p>Hay dos tipos de solicitudes de asilo: afirmativas y defensivas.\u00a0En ambos casos, debe presentar pruebas que demuestren que cumple con cada uno de los requisitos de asilo mencionados anteriormente.\u00a0Debido a que cada caso de asilo es tan particular, la evidencia requerida variar\u00e1 dependiendo de sus circunstancias espec\u00edficas.\u00a0Generalmente, la evidencia incluir\u00e1:<\/p>\n<ul>\n<li>Documentos id\u00e9nticos;<\/li>\n<li>Declaraciones juradas de testigos;<\/li>\n<li>Informes policiales;<\/li>\n<li>Informes m\u00e9dicos;\u00a0y<\/li>\n<li>Documentaci\u00f3n de las condiciones peligrosas en su pa\u00eds de origen.<\/li>\n<\/ul>\n<h4>Solicitudes de asilo afirmativo<\/h4>\n<p>Su solicitud de asilo afirmativo se env\u00eda directamente a los Servicios de Ciudadan\u00eda e Inmigraci\u00f3n de los EE. UU. (\u201cUSCIS\u201d).\u00a0USICS tambi\u00e9n decide estas aplicaciones.\u00a0Aqu\u00ed, el inmigrante viene al USCIS por su cuenta y solicita asilo al gobierno de los EE. UU.<\/p>\n<h4>Solicitudes de asilo defensivo<\/h4>\n<p>Las solicitudes de asilo defensivo van a la corte de inmigraci\u00f3n.\u00a0Esto ocurre despu\u00e9s de que un inmigrante ya est\u00e1 en proceso de deportaci\u00f3n.\u00a0Por lo tanto, un juez de inmigraci\u00f3n decide.<\/p>\n<h2>\u00bfPuede un abogado de asilo ayudar si se rechaza mi solicitud?<\/h2>\n<p>\u00a1Un\u00a0<strong>abogado de asilo\u00a0<\/strong>puede ayudarlo absolutamente si su solicitud ya ha sido denegada!\u00a0El curso de acci\u00f3n de su abogado depender\u00e1 de si su solicitud fue afirmativa o defensiva.<\/p>\n<p>Supongamos que se niega su solicitud afirmativa a trav\u00e9s de USCIS.\u00a0Aqu\u00ed, su caso es remitido a la Corte de Inmigraci\u00f3n.\u00a0Por lo tanto, tendr\u00e1 una segunda oportunidad de argumentar su caso, esta vez ante el juez de inmigraci\u00f3n.\u00a0Tambi\u00e9n tendr\u00e1 la oportunidad de pedirle al juez otras formas de reparaci\u00f3n que no estaban disponibles para usted cuando su caso estaba ante USCIS.<\/p>\n<p>Por otro lado, es posible que haya presentado una solicitud defensiva ante la Corte de Inmigraci\u00f3n.\u00a0Si se niega, puede apelar la decisi\u00f3n del juez ante la Junta de Apelaciones de Inmigraci\u00f3n (\u00abBIA\u00bb).\u00a0La BIA revisar\u00e1 toda la evidencia ya presentada y tomar\u00e1 una decisi\u00f3n basada en el registro existente.\u00a0Alternativamente, se le puede otorgar una de las otras formas de alivio que lo\u00a0<strong>protegen de la deportaci\u00f3n<\/strong>\u00a0de los Estados Unidos.<\/p>\n<h2>\u00bfQu\u00e9 puedo hacer si mi solicitud de asilo es completamente rechazada?<\/h2>\n<p>Si se le niega el asilo, es posible que a\u00fan tenga otras opciones.\u00a0Un\u00a0<strong>abogado con\u00a0<\/strong>experiencia en\u00a0<strong>asilo en los Estados Unidos\u00a0<\/strong>tambi\u00e9n puede ayudar a obtener ayuda en virtud de otros dos programas:<\/p>\n<ol>\n<li>Retenci\u00f3n de deportaci\u00f3n (\u00abRetenci\u00f3n\u00bb);\u00a0o<\/li>\n<li>La Convenci\u00f3n contra la Tortura (\u201cCAT\u201d).<\/li>\n<\/ol>\n<p>Una subvenci\u00f3n de alivio bajo cualquiera de los programas evita que el gobierno de los Estados Unidos lo deporte a un pa\u00eds que no es seguro.\u00a0Sin embargo, ambas formas de alivio siguen siendo muy dif\u00edciles de conseguir.\u00a0Es importante destacar que no tienen los mismos beneficios que el asilo.\u00a0En particular, si se le concede una retenci\u00f3n o una compensaci\u00f3n por CAT, se le ordenar\u00e1 la deportaci\u00f3n de los EE. UU., Pero en realidad no se le pedir\u00e1 que se vaya.\u00a0Se le permitir\u00e1 vivir y trabajar en los Estados Unidos hasta que el gobierno determine que las circunstancias en su pa\u00eds de origen ya no son peligrosas para usted, pero no podr\u00e1 solicitar una tarjeta verde a menos que tenga otra ruta para obtener una. como a trav\u00e9s de un\u00a0<strong>miembro de la familia<\/strong><strong>.<\/strong><\/p>\n<h4>\u00bfPuede un abogado de asilo explicar la retenci\u00f3n de deportaci\u00f3n?<\/h4>\n<p>Los requisitos para la\u00a0<strong>retenci\u00f3n de deportaci\u00f3n<\/strong>\u00a0son muy similares a los del asilo.\u00a0Sin embargo, existen dos diferencias importantes.\u00a0Primero, su solicitud NO tiene que ser presentada dentro de un a\u00f1o de haber ingresado a los Estados Unidos.\u00a0Segundo, el est\u00e1ndar de prueba para la retenci\u00f3n de deportaci\u00f3n es mucho m\u00e1s alto que para el asilo.\u00a0Por lo tanto, en lugar de simplemente demostrar que tiene un temor razonable de persecuci\u00f3n al regresar a su pa\u00eds de origen, tambi\u00e9n debe demostrarle al juez que es probable que suceda la persecuci\u00f3n que teme.<\/p>\n<h4>\u00bfC\u00f3mo obtengo reparaci\u00f3n en virtud de la Convenci\u00f3n contra la Tortura?<\/h4>\n<p>Los requisitos de reparaci\u00f3n bajo la\u00a0<strong>Convenci\u00f3n contra la Tortura<\/strong>\u00a0son algo diferentes a los requisitos de Asilo y Suspensi\u00f3n de Remoci\u00f3n.\u00a0Aqu\u00ed, debe demostrar espec\u00edficamente al juez que es probable que lo torturen y \/ o lo maten si lo obligan a regresar a su pa\u00eds de origen.<\/p>\n<h4>\u00bfTengo otras opciones?<\/h4>\n<p>Recuerde, tambi\u00e9n puede solicitar cualquier otra forma de alivio para la que califique.\u00a0En el momento de su audiencia final con respecto al asilo, puede elegir la forma de alivio que su abogado crea que le brinda la mejor oportunidad de \u00e9xito.\u00a0Adem\u00e1s, puede pedirle al juez que decida sobre cada uno.<\/p>\n<h2>\u00bfCu\u00e1nto cuesta un abogado de asilo?<\/h2>\n<p>Cuando la seguridad es una preocupaci\u00f3n, puede ser dif\u00edcil trabajar con el sistema de inmigraci\u00f3n por su cuenta.\u00a0Un\u00a0<strong>abogado de asilo\u00a0<\/strong>lo ayudar\u00e1 a solicitar asilo de manera segura y eficiente.\u00a0El costo var\u00eda seg\u00fan el tipo de servicio que se requiera para su caso espec\u00edfico.\u00a0Por lo general, puede esperar pagar unos cientos de d\u00f3lares por hora.\u00a0Por otro lado, a veces su abogado puede cobrar una tarifa fija.\u00a0Esa tarifa plana puede cubrir todo el caso o una cierta parte de todo el proceso.<\/p>\n<h2>\u00bfC\u00f3mo puedo encontrar el mejor abogado de asilo para m\u00ed?<\/h2>\n<p>\u00bfEst\u00e1 buscando un abogado de asilo con experiencia en los Estados Unidos?\u00a0\u00a1Te podemos ayudar!<\/p>\n<p>No dude en consultar nuestra\u00a0<strong>gu\u00eda para encontrar el mejor abogado para usted<\/strong>.\u00a0Si bien esta gu\u00eda se escribi\u00f3 espec\u00edficamente teniendo en cuenta los casos de lesiones personales, muchos de los mismos principios se aplican al buscar el mejor abogado de asilo para usted.<\/p>\n<p>Finalmente, podemos ayudar independientemente de d\u00f3nde se encuentre.\u00a0Para nuestros clientes m\u00e1s locales, nuestras oficinas est\u00e1n convenientemente ubicadas en el \u00e1rea metropolitana de Filadelfia y sus alrededores.\u00a0Sin embargo, podemos ayudarlo incluso si se encuentra en otro estado o pa\u00eds.<\/p>\n<h4>\u00bfPuedo obtener una consulta gratuita de un abogado de asilo?<\/h4>\n<p>S\u00ed, puede obtener una\u00a0consulta gratuita con\u00a0un\u00a0abogado de asilo\u00a0comunic\u00e1ndose con las Oficinas Legales Kitay .\u00a0Puede comunicarse con nosotros en\u00a0l\u00ednea\u00a0o llamando al 888-KITAYLAW.<\/p>\n","protected":false},"excerpt":{"rendered":"<p>Un abogado de asilo puede ayudarlo a protegerse del peligro en los Estados Unidos. Los servicios de\u00a0abogados de asilo\u00a0son para personas que han huido de sus pa\u00edses de origen debido a la persecuci\u00f3n y quieren encontrar refugio en otro pa\u00eds.\u00a0Aquellos que califiquen pueden solicitar asilo en los Estados Unidos.\u00a0Es importante destacar que esta es una&#8230; <\/p>\n<div class=\"clear\"><\/div>\n<p><a href=\"https:\/\/kitaylegal.com\/es\/areas-de-practica\/abogado-de-inmigracion\/abogado-de-asilo\/\" class=\"excerpt-read-more\">Read More<\/a><\/p>\n","protected":false},"author":2,"featured_media":0,"parent":9069,"menu_order":0,"comment_status":"closed","ping_status":"closed","template":"template-practice-sp.php","meta":{"_acf_changed":false,"footnotes":""},"class_list":["post-9076","page","type-page","status-publish","hentry"],"acf":[],"yoast_head":"<!-- This site is optimized with the Yoast SEO Premium plugin v27.3 (Yoast SEO v27.3) - https:\/\/yoast.com\/product\/yoast-seo-premium-wordpress\/ -->\n<title>Abogado de asilo - Kitay Law Offices - Experienced Attorneys in PA &amp; NJ<\/title>\n<meta name=\"robots\" content=\"index, follow, max-snippet:-1, max-image-preview:large, max-video-preview:-1\" \/>\n<link rel=\"canonical\" href=\"https:\/\/kitaylegal.com\/es\/areas-de-practica\/abogado-de-inmigracion\/abogado-de-asilo\/\" \/>\n<meta property=\"og:locale\" content=\"es_ES\" \/>\n<meta property=\"og:type\" content=\"article\" \/>\n<meta property=\"og:title\" content=\"Abogado de asilo\" \/>\n<meta property=\"og:description\" content=\"Un abogado de asilo puede ayudarlo a protegerse del peligro en los Estados Unidos. Los servicios de\u00a0abogados de asilo\u00a0son para personas que han huido de sus pa\u00edses de origen debido a la persecuci\u00f3n y quieren encontrar refugio en otro pa\u00eds.\u00a0Aquellos que califiquen pueden solicitar asilo en los Estados Unidos.\u00a0Es importante destacar que esta es una... Read More\" \/>\n<meta property=\"og:url\" content=\"https:\/\/kitaylegal.com\/es\/areas-de-practica\/abogado-de-inmigracion\/abogado-de-asilo\/\" \/>\n<meta property=\"og:site_name\" content=\"Kitay Law Offices - Experienced Attorneys in PA &amp; NJ\" \/>\n<meta property=\"article:modified_time\" content=\"2023-01-01T21:15:06+00:00\" \/>\n<meta property=\"og:image\" content=\"https:\/\/kitaylegal.com\/wp-content\/uploads\/2021\/05\/Asylum-Content-Image-300x300.jpg\" \/>\n<meta name=\"twitter:card\" content=\"summary_large_image\" \/>\n<meta name=\"twitter:label1\" content=\"Tiempo de lectura\" \/>\n\t<meta name=\"twitter:data1\" content=\"9 minutos\" \/>\n<script type=\"application\/ld+json\" class=\"yoast-schema-graph\">{\"@context\":\"https:\\\/\\\/schema.org\",\"@graph\":[{\"@type\":\"WebPage\",\"@id\":\"https:\\\/\\\/kitaylegal.com\\\/es\\\/areas-de-practica\\\/abogado-de-inmigracion\\\/abogado-de-asilo\\\/\",\"url\":\"https:\\\/\\\/kitaylegal.com\\\/es\\\/areas-de-practica\\\/abogado-de-inmigracion\\\/abogado-de-asilo\\\/\",\"name\":\"Abogado de asilo - Kitay Law Offices - Experienced Attorneys in PA &amp; NJ\",\"isPartOf\":{\"@id\":\"https:\\\/\\\/kitaylegal.com\\\/es\\\/#website\"},\"primaryImageOfPage\":{\"@id\":\"https:\\\/\\\/kitaylegal.com\\\/es\\\/areas-de-practica\\\/abogado-de-inmigracion\\\/abogado-de-asilo\\\/#primaryimage\"},\"image\":{\"@id\":\"https:\\\/\\\/kitaylegal.com\\\/es\\\/areas-de-practica\\\/abogado-de-inmigracion\\\/abogado-de-asilo\\\/#primaryimage\"},\"thumbnailUrl\":\"https:\\\/\\\/kitaylegal.com\\\/wp-content\\\/uploads\\\/2021\\\/05\\\/Asylum-Content-Image-300x300.jpg\",\"datePublished\":\"2021-03-30T15:38:47+00:00\",\"dateModified\":\"2023-01-01T21:15:06+00:00\",\"breadcrumb\":{\"@id\":\"https:\\\/\\\/kitaylegal.com\\\/es\\\/areas-de-practica\\\/abogado-de-inmigracion\\\/abogado-de-asilo\\\/#breadcrumb\"},\"inLanguage\":\"es\",\"potentialAction\":[{\"@type\":\"ReadAction\",\"target\":[\"https:\\\/\\\/kitaylegal.com\\\/es\\\/areas-de-practica\\\/abogado-de-inmigracion\\\/abogado-de-asilo\\\/\"]}]},{\"@type\":\"ImageObject\",\"inLanguage\":\"es\",\"@id\":\"https:\\\/\\\/kitaylegal.com\\\/es\\\/areas-de-practica\\\/abogado-de-inmigracion\\\/abogado-de-asilo\\\/#primaryimage\",\"url\":\"https:\\\/\\\/kitaylegal.com\\\/wp-content\\\/uploads\\\/2021\\\/05\\\/Asylum-Content-Image-300x300.jpg\",\"contentUrl\":\"https:\\\/\\\/kitaylegal.com\\\/wp-content\\\/uploads\\\/2021\\\/05\\\/Asylum-Content-Image-300x300.jpg\"},{\"@type\":\"BreadcrumbList\",\"@id\":\"https:\\\/\\\/kitaylegal.com\\\/es\\\/areas-de-practica\\\/abogado-de-inmigracion\\\/abogado-de-asilo\\\/#breadcrumb\",\"itemListElement\":[{\"@type\":\"ListItem\",\"position\":1,\"name\":\"Home\",\"item\":\"https:\\\/\\\/kitaylegal.com\\\/es\\\/\"},{\"@type\":\"ListItem\",\"position\":2,\"name\":\"Areas de Pr\u00e1ctica &#8211; Vista General\",\"item\":\"https:\\\/\\\/kitaylegal.com\\\/es\\\/areas-de-practica\\\/\"},{\"@type\":\"ListItem\",\"position\":3,\"name\":\"Abogado de Inmigraci\u00f3n\",\"item\":\"https:\\\/\\\/kitaylegal.com\\\/es\\\/areas-de-practica\\\/abogado-de-inmigracion\\\/\"},{\"@type\":\"ListItem\",\"position\":4,\"name\":\"Abogado de asilo\"}]},{\"@type\":\"WebSite\",\"@id\":\"https:\\\/\\\/kitaylegal.com\\\/es\\\/#website\",\"url\":\"https:\\\/\\\/kitaylegal.com\\\/es\\\/\",\"name\":\"Kitay Law Offices - Personal Injury, Workers' Compensation, and Criminal Defense Lawyer in Pennsylvania\",\"description\":\"Specializing in Personal Injury, Workers&#039; Compensation, Criminal Defense, DUI Law, and Toxic Torts.\",\"alternateName\":\"Kitay Law Offices - Personal Injury Lawyer in PA\",\"potentialAction\":[{\"@type\":\"SearchAction\",\"target\":{\"@type\":\"EntryPoint\",\"urlTemplate\":\"https:\\\/\\\/kitaylegal.com\\\/es\\\/?s={search_term_string}\"},\"query-input\":{\"@type\":\"PropertyValueSpecification\",\"valueRequired\":true,\"valueName\":\"search_term_string\"}}],\"inLanguage\":\"es\"}]}<\/script>\n<!-- \/ Yoast SEO Premium plugin. -->","yoast_head_json":{"title":"Abogado de asilo - Kitay Law Offices - Experienced Attorneys in PA &amp; NJ","robots":{"index":"index","follow":"follow","max-snippet":"max-snippet:-1","max-image-preview":"max-image-preview:large","max-video-preview":"max-video-preview:-1"},"canonical":"https:\/\/kitaylegal.com\/es\/areas-de-practica\/abogado-de-inmigracion\/abogado-de-asilo\/","og_locale":"es_ES","og_type":"article","og_title":"Abogado de asilo","og_description":"Un abogado de asilo puede ayudarlo a protegerse del peligro en los Estados Unidos. Los servicios de\u00a0abogados de asilo\u00a0son para personas que han huido de sus pa\u00edses de origen debido a la persecuci\u00f3n y quieren encontrar refugio en otro pa\u00eds.\u00a0Aquellos que califiquen pueden solicitar asilo en los Estados Unidos.\u00a0Es importante destacar que esta es una... Read More","og_url":"https:\/\/kitaylegal.com\/es\/areas-de-practica\/abogado-de-inmigracion\/abogado-de-asilo\/","og_site_name":"Kitay Law Offices - Experienced Attorneys in PA &amp; NJ","article_modified_time":"2023-01-01T21:15:06+00:00","og_image":[{"url":"https:\/\/kitaylegal.com\/wp-content\/uploads\/2021\/05\/Asylum-Content-Image-300x300.jpg","type":"","width":"","height":""}],"twitter_card":"summary_large_image","twitter_misc":{"Tiempo de lectura":"9 minutos"},"schema":{"@context":"https:\/\/schema.org","@graph":[{"@type":"WebPage","@id":"https:\/\/kitaylegal.com\/es\/areas-de-practica\/abogado-de-inmigracion\/abogado-de-asilo\/","url":"https:\/\/kitaylegal.com\/es\/areas-de-practica\/abogado-de-inmigracion\/abogado-de-asilo\/","name":"Abogado de asilo - Kitay Law Offices - Experienced Attorneys in PA &amp; NJ","isPartOf":{"@id":"https:\/\/kitaylegal.com\/es\/#website"},"primaryImageOfPage":{"@id":"https:\/\/kitaylegal.com\/es\/areas-de-practica\/abogado-de-inmigracion\/abogado-de-asilo\/#primaryimage"},"image":{"@id":"https:\/\/kitaylegal.com\/es\/areas-de-practica\/abogado-de-inmigracion\/abogado-de-asilo\/#primaryimage"},"thumbnailUrl":"https:\/\/kitaylegal.com\/wp-content\/uploads\/2021\/05\/Asylum-Content-Image-300x300.jpg","datePublished":"2021-03-30T15:38:47+00:00","dateModified":"2023-01-01T21:15:06+00:00","breadcrumb":{"@id":"https:\/\/kitaylegal.com\/es\/areas-de-practica\/abogado-de-inmigracion\/abogado-de-asilo\/#breadcrumb"},"inLanguage":"es","potentialAction":[{"@type":"ReadAction","target":["https:\/\/kitaylegal.com\/es\/areas-de-practica\/abogado-de-inmigracion\/abogado-de-asilo\/"]}]},{"@type":"ImageObject","inLanguage":"es","@id":"https:\/\/kitaylegal.com\/es\/areas-de-practica\/abogado-de-inmigracion\/abogado-de-asilo\/#primaryimage","url":"https:\/\/kitaylegal.com\/wp-content\/uploads\/2021\/05\/Asylum-Content-Image-300x300.jpg","contentUrl":"https:\/\/kitaylegal.com\/wp-content\/uploads\/2021\/05\/Asylum-Content-Image-300x300.jpg"},{"@type":"BreadcrumbList","@id":"https:\/\/kitaylegal.com\/es\/areas-de-practica\/abogado-de-inmigracion\/abogado-de-asilo\/#breadcrumb","itemListElement":[{"@type":"ListItem","position":1,"name":"Home","item":"https:\/\/kitaylegal.com\/es\/"},{"@type":"ListItem","position":2,"name":"Areas de Pr\u00e1ctica &#8211; Vista General","item":"https:\/\/kitaylegal.com\/es\/areas-de-practica\/"},{"@type":"ListItem","position":3,"name":"Abogado de Inmigraci\u00f3n","item":"https:\/\/kitaylegal.com\/es\/areas-de-practica\/abogado-de-inmigracion\/"},{"@type":"ListItem","position":4,"name":"Abogado de asilo"}]},{"@type":"WebSite","@id":"https:\/\/kitaylegal.com\/es\/#website","url":"https:\/\/kitaylegal.com\/es\/","name":"Kitay Law Offices - Personal Injury, Workers' Compensation, and Criminal Defense Lawyer in Pennsylvania","description":"Specializing in Personal Injury, Workers&#039; Compensation, Criminal Defense, DUI Law, and Toxic Torts.","alternateName":"Kitay Law Offices - Personal Injury Lawyer in PA","potentialAction":[{"@type":"SearchAction","target":{"@type":"EntryPoint","urlTemplate":"https:\/\/kitaylegal.com\/es\/?s={search_term_string}"},"query-input":{"@type":"PropertyValueSpecification","valueRequired":true,"valueName":"search_term_string"}}],"inLanguage":"es"}]}},"_links":{"self":[{"href":"https:\/\/kitaylegal.com\/es\/wp-json\/wp\/v2\/pages\/9076","targetHints":{"allow":["GET"]}}],"collection":[{"href":"https:\/\/kitaylegal.com\/es\/wp-json\/wp\/v2\/pages"}],"about":[{"href":"https:\/\/kitaylegal.com\/es\/wp-json\/wp\/v2\/types\/page"}],"author":[{"embeddable":true,"href":"https:\/\/kitaylegal.com\/es\/wp-json\/wp\/v2\/users\/2"}],"replies":[{"embeddable":true,"href":"https:\/\/kitaylegal.com\/es\/wp-json\/wp\/v2\/comments?post=9076"}],"version-history":[{"count":2,"href":"https:\/\/kitaylegal.com\/es\/wp-json\/wp\/v2\/pages\/9076\/revisions"}],"predecessor-version":[{"id":9445,"href":"https:\/\/kitaylegal.com\/es\/wp-json\/wp\/v2\/pages\/9076\/revisions\/9445"}],"up":[{"embeddable":true,"href":"https:\/\/kitaylegal.com\/es\/wp-json\/wp\/v2\/pages\/9069"}],"wp:attachment":[{"href":"https:\/\/kitaylegal.com\/es\/wp-json\/wp\/v2\/media?parent=9076"}],"curies":[{"name":"wp","href":"https:\/\/api.w.org\/{rel}","templated":true}]}}