{"id":9064,"date":"2021-03-30T11:38:43","date_gmt":"2021-03-30T15:38:43","guid":{"rendered":"https:\/\/kitaylegal.com\/visa-u-abogado-de-inmigracion\/"},"modified":"2023-01-01T17:17:43","modified_gmt":"2023-01-01T21:17:43","slug":"abogado-de-inmigracion-visa-u","status":"publish","type":"page","link":"https:\/\/kitaylegal.com\/es\/areas-de-practica\/abogado-de-inmigracion\/abogado-de-inmigracion-visa-u\/","title":{"rendered":"Abogado de inmigraci\u00f3n Visa U"},"content":{"rendered":"<h2>El abogado de inmigraci\u00f3n de Visa U ayuda a las v\u00edctimas de delitos a permanecer en los EE. UU. Y obtener la residencia<\/h2>\n<p>Si es v\u00edctima de un delito, un\u00a0<strong>abogado de inmigraci\u00f3n con visa U\u00a0<\/strong>puede ayudarlo a permanecer en los Estados Unidos.\u00a0Con el tiempo, es posible que pueda obtener una tarjeta verde.<\/p>\n<p>La visa U es un tipo especial de visa para v\u00edctimas de delitos que han ayudado a las fuerzas del orden en la investigaci\u00f3n o el enjuiciamiento de ese delito.\u00a0Sin embargo, debe cumplir con varios requisitos muy espec\u00edficos para ser elegible.<\/p>\n<p>El Congreso de los Estados Unidos cre\u00f3 el programa de Visa U en octubre de 2000.\u00a0Es importante destacar que el programa fue promulgado con la\u00a0<strong>Ley de Protecci\u00f3n<\/strong><strong>\u00a0a las\u00a0<\/strong><strong>V\u00edctimas de la Trafico de personas y la Violencia<\/strong>\u00a0.\u00a0Esta es una herramienta poderosa que puede ayudar cuando m\u00e1s la necesite.<\/p>\n<h2>\u00bfQu\u00e9 es una visa U?<\/h2>\n<p><img decoding=\"async\" class=\"alignleft size-medium wp-image-8212\" src=\"https:\/\/kitaylegal.com\/wp-content\/uploads\/2021\/05\/U-Visa-Content-Image-300x300.jpg\" alt=\"Madre e hija obtienen su visado U para los Estados Unidos de Am\u00e9rica\" width=\"300\" height=\"300\" srcset=\"https:\/\/kitaylegal.com\/wp-content\/uploads\/2021\/05\/U-Visa-Content-Image-300x300.jpg 300w, https:\/\/kitaylegal.com\/wp-content\/uploads\/2021\/05\/U-Visa-Content-Image-150x150.jpg 150w, https:\/\/kitaylegal.com\/wp-content\/uploads\/2021\/05\/U-Visa-Content-Image-400x400.jpg 400w, https:\/\/kitaylegal.com\/wp-content\/uploads\/2021\/05\/U-Visa-Content-Image.jpg 576w\" sizes=\"(max-width: 300px) 100vw, 300px\" \/><\/p>\n<p>La visa U es un tipo de visa que permite que las v\u00edctimas de ciertos delitos cometidos en los Estados Unidos permanezcan en los Estados Unidos.\u00a0Con\u00a0el\u00a0tiempo, puede solicitar la residencia permanente legal.\u00a0Adem\u00e1s, este estado tambi\u00e9n se denomina com\u00fanmente \u00abtarjeta verde\u00bb.\u00a0Recuerde, un\u00a0<strong>abogado de inmigraci\u00f3n con\u00a0<\/strong>experiencia en\u00a0<strong>visas U\u00a0<\/strong>lo ayudar\u00e1 a guiarlo a lo largo de este proceso.<\/p>\n<p>Es importante destacar que solo ciertos tipos de delitos le permiten utilizar el proceso de Visa U.\u00a0Estos pueden incluir delitos graves y violentos, como:<\/p>\n<ul>\n<li>Asesinato;<\/li>\n<li>Asalto;<\/li>\n<li>Violencia dom\u00e9stica;<\/li>\n<li>Acecho;<\/li>\n<li>Secuestro;<\/li>\n<li>Agresi\u00f3n sexual;\u00a0y<\/li>\n<li>Violaci\u00f3n.<\/li>\n<\/ul>\n<p>Para obtener orientaci\u00f3n con su caso, comun\u00edquese con las\u00a0<strong>Oficinas Legales Kitay <\/strong>\u00a0para obtener una\u00a0consulta gratuita con un\u00a0<strong>abogado de inmigraci\u00f3n con visa U.\u00a0<\/strong>Puede comunicarse con nosotros en\u00a0<strong>l\u00ednea<\/strong>\u00a0o llamando al 888-KITAYLAW.<\/p>\n<h2>\u00bfPuede un abogado de inmigraci\u00f3n de visa U explicar los requisitos para una visa U?<\/h2>\n<p>S\u00ed, un\u00a0<strong>abogado de inmigraci\u00f3n de Visa U\u00a0<\/strong>puede ayudarlo a comprender cada requisito para obtener una Visa U.\u00a0Generalmente, los requisitos para obtener una visa U incluyen:<\/p>\n<ol>\n<li>Usted es una v\u00edctima de un delito calificado;<\/li>\n<li>El crimen result\u00f3 en abuso f\u00edsico o emocional;<\/li>\n<li>Usted posee informaci\u00f3n cre\u00edble y confiable sobre la actividad delictiva;<\/li>\n<li>El crimen ocurri\u00f3 en los Estados Unidos o viol\u00f3 las leyes estadounidenses;\u00a0y<\/li>\n<li>Usted ha sido, o es probable que sea \u00fatil en la investigaci\u00f3n o enjuiciamiento del delito.<\/li>\n<\/ol>\n<p>Por lo tanto, debe cumplir con varios requisitos espec\u00edficos antes de obtener una visa U.\u00a0En comparaci\u00f3n con otros tipos de\u00a0<strong>peticiones<\/strong>\u00a0<strong>de<\/strong>\u00a0<strong>inmigraci\u00f3n<\/strong>\u00a0, estos criterios son bastante complejos.\u00a0Como resultado, debe consultar con un\u00a0<strong>abogado de inmigraci\u00f3n\u00a0<\/strong>con experiencia en\u00a0<strong>visa U\u00a0<\/strong>para obtener orientaci\u00f3n.<\/p>\n<h2>\u00bfQu\u00e9 evidencia necesitar\u00e1 mi abogado de inmigraci\u00f3n para una visa U?<\/h2>\n<p>La evidencia requerida para una solicitud de visa U exitosa es extensa.\u00a0Por lo tanto, debe trabajar en estrecha colaboraci\u00f3n con su\u00a0<strong>abogado de inmigraci\u00f3n de Visa U\u00a0<\/strong>para asegurarse de que se recopilen todas las pruebas.<\/p>\n<h4>Certificaci\u00f3n de las fuerzas del orden<\/h4>\n<p>Primero, debe demostrar que ayud\u00f3 a la polic\u00eda o los fiscales en la investigaci\u00f3n del delito cometido en su contra.\u00a0Aqu\u00ed, debe obtener una Certificaci\u00f3n espec\u00edfica de la agencia de aplicaci\u00f3n de la ley o entidad legal que manej\u00f3 su caso.\u00a0Es importante destacar que la Certificaci\u00f3n debe describir en detalle c\u00f3mo ayud\u00f3 en su investigaci\u00f3n.\u00a0Finalmente, el documento debe certificar que el delito cometido en su contra es uno que lo calificar\u00e1 para una Visa U.<\/p>\n<p>Curiosamente, las agencias de aplicaci\u00f3n de la ley\u00a0<em>no\u00a0<\/em>est\u00e1n\u00a0<em>obligadas\u00a0<\/em>a completar estas certificaciones.\u00a0En su lugar, queda a su discreci\u00f3n completar la Certificaci\u00f3n.\u00a0Adem\u00e1s, a\u00fan puede llevar meses obtener una Certificaci\u00f3n completa incluso despu\u00e9s de que la polic\u00eda acuerde cooperar.\u00a0Lo m\u00e1s importante es que no puede continuar con su solicitud de visa U hasta que tenga esta certificaci\u00f3n.<\/p>\n<h4>Da\u00f1o f\u00edsico o mental severo<\/h4>\n<p>En segundo lugar, debe demostrar que sufri\u00f3 da\u00f1os f\u00edsicos o mentales graves como resultado de la infracci\u00f3n.\u00a0Esto puede incluir proporcionar los siguientes tipos de informes y pruebas:<\/p>\n<ul>\n<li>Informes m\u00e9dicos;<\/li>\n<li>Fotos;<\/li>\n<li>Testimonio jurado sobre cualquier da\u00f1o f\u00edsico;\u00a0y \/ o<\/li>\n<li>Informe psicol\u00f3gico de un profesional de salud mental calificado.\u00a0Este informe puede describir cualquier efecto menos visible que pueda haber resultado del delito.\u00a0Es importante destacar que estos efectos pueden incluir ansiedad, depresi\u00f3n o trastorno de estr\u00e9s postraum\u00e1tico (TEPT).<\/li>\n<\/ul>\n<p>Como resultado, su Solicitud de Visa U exitosa depende de trabajar en estrecha colaboraci\u00f3n con su\u00a0<strong>abogado de inmigraci\u00f3n de Visa U\u00a0<\/strong>para reunir la evidencia requerida.\u00a0Elegir abordar esta inmensa tarea por su cuenta puede ser bastante desafiante y confuso.<\/p>\n<h4>\u00bfTengo que hacer un informe policial?<\/h4>\n<p>S\u00ed, para solicitar una Visa U debe denunciar el delito a la polic\u00eda.\u00a0Sin hacerlo, no podr\u00e1 recibir la Certificaci\u00f3n necesaria descrita anteriormente.<\/p>\n<p>Curiosamente, no hay un l\u00edmite de tiempo espec\u00edfico en el que deba completar su informe policial.\u00a0Sin embargo, cuanto antes lo haga despu\u00e9s de que se haya cometido el delito, m\u00e1s probable ser\u00e1 que pueda proporcionar a la polic\u00eda la informaci\u00f3n que necesitan para comenzar una investigaci\u00f3n exhaustiva.<\/p>\n<h2>El abogado de inmigraci\u00f3n de visas U puede ayudar a su familia como parte de su solicitud de visa U.<\/h2>\n<p>Los familiares inmediatos, como c\u00f3nyuges, hijos y padres (cuando la v\u00edctima es un menor de edad) tambi\u00e9n pueden presentar solicitudes junto con la v\u00edctima-inmigrante principal.\u00a0Es importante destacar que estos miembros de la familia no tienen por qu\u00e9 haber sido v\u00edctimas por derecho propio.\u00a0En su lugar, pueden enviar sus solicitudes bas\u00e1ndose \u00fanicamente en su relaci\u00f3n con usted.\u00a0Para saber si los miembros de su familia pueden calificar, \u00a1cont\u00e1ctenos para una\u00a0consulta gratuita con un\u00a0<strong>abogado de inmigraci\u00f3n con visa U\u00a0<\/strong>!<\/p>\n<h2>Puede recibir una visa U incluso si se encuentra en los Estados Unidos ilegalmente.<\/h2>\n<p>Sorprendentemente, puede recibir una visa U incluso si ingres\u00f3 ilegalmente a los EE. UU.\u00a0Aqu\u00ed, puede enviar una solicitud de visa U siempre que cumpla con los requisitos descritos anteriormente.\u00a0Sin embargo, es posible que deba presentar una solicitud adicional para perdonar su infracci\u00f3n de inmigraci\u00f3n.<\/p>\n<h2>\u00bfPuede un abogado de inmigraci\u00f3n con visa U ayudarme a obtener una tarjeta verde?<\/h2>\n<p>\u00a1La respuesta corta es s\u00ed!\u00a0Una vez que usted y los miembros de su familia hayan tenido sus visas U durante tres a\u00f1os, puede solicitar una tarjeta verde.\u00a0Sin embargo, debe mostrar lo siguiente para calificar:<\/p>\n<ol>\n<li>Que ha vivido en los Estados Unidos durante tres a\u00f1os con su Visa U;<\/li>\n<li>No se ha negado irrazonablemente a continuar ayudando a las fuerzas del orden en la investigaci\u00f3n del crimen en su contra;\u00a0y<\/li>\n<li>Que se merece el ejercicio favorable de la discreci\u00f3n de USCIS.<\/li>\n<\/ol>\n<p>Como puede ver, este proceso puede resultar complicado y llevar mucho tiempo.\u00a0Aseg\u00farese de tener la mejor oportunidad de tener \u00e9xito contratando a un\u00a0<strong>abogado de inmigraci\u00f3n con\u00a0<\/strong>experiencia en\u00a0<strong>visa U\u00a0<\/strong>de su lado.<\/p>\n<h2>\u00bfPuedo obtener un permiso de trabajo mientras espero mi visa U?<\/h2>\n<p>No, una Solicitud de Visa U pendiente por s\u00ed sola no es suficiente para permitirle solicitar un permiso de trabajo.\u00a0Por otro lado, puede solicitar la Autorizaci\u00f3n de empleo despu\u00e9s de que se apruebe su Visa U.\u00a0Desafortunadamente, no podr\u00e1 hacerlo mientras espera a menos que tenga otros motivos para calificar.<\/p>\n<h2>\u00bfPor qu\u00e9 tarda tanto mi solicitud de visa U?<\/h2>\n<p>Desafortunadamente, el tiempo de espera para la aprobaci\u00f3n de la visa U es notoriamente largo en los Estados Unidos.\u00a0Actualmente, USCIS estima que el tiempo de espera para una visa U es de aproximadamente cinco a\u00f1os.\u00a0En la pr\u00e1ctica, a menudo lleva mucho m\u00e1s tiempo.<\/p>\n<p>El gobierno de los EE. UU. Solo puede aprobar 10,000 solicitudes de visa U por a\u00f1o.\u00a0Debido a que a menudo hay m\u00e1s solicitantes que visas disponibles, la lista de espera de visas U crece cada vez m\u00e1s a medida que pasa el tiempo.<\/p>\n<p>Para acelerar el proceso, USCIS contin\u00faa revisando las solicitudes incluso cuando han alcanzado la cuota anual de 10,000 visas.\u00a0Por lo tanto, USCIS puede determinar que usted es \u00abapto\u00bb.\u00a0En este punto, USCIS le notificar\u00e1 que su solicitud se colocar\u00e1 en la lista de espera para la pr\u00f3xima visa U disponible.<\/p>\n<h2>\u00bfPuedo ser deportado despu\u00e9s de enviar mi solicitud de visa U?<\/h2>\n<p>S\u00ed, a\u00fan puede ser deportado mientras su solicitud de visa U est\u00e9 pendiente.\u00a0Desafortunadamente, no est\u00e1 protegido de ser puesto en detenci\u00f3n migratoria o de ser deportado de los EE. UU.\u00a0Por lo tanto, si es deportado mientras se procesa su solicitud y luego se aprueba, puede brindarle una opci\u00f3n invaluable para regresar a los Estados Unidos. legalmente.<\/p>\n<h2>\u00a1El abogado de inmigraci\u00f3n de AU Visa en Kitay Law Offices puede brindar asistencia en espa\u00f1ol!<\/h2>\n<p>En las Oficinas Legales Kitay , pr\u00e1cticamente todo nuestro personal es biling\u00fce tanto en ingl\u00e9s como en espa\u00f1ol.\u00a0Como resultado, \u00a1podemos ayudarlo en su idioma nativo!\u00a0\u00a1Cont\u00e1ctenos para una\u00a0consulta gratuita con un\u00a0<strong>abogado de inmigraci\u00f3n con visa U\u00a0<\/strong>!\u00a0Puede comunicarse con nosotros en\u00a0<strong>l\u00ednea<\/strong>\u00a0o llamando al 888-KITAYLAW.<\/p>\n","protected":false},"excerpt":{"rendered":"<p>El abogado de inmigraci\u00f3n de Visa U ayuda a las v\u00edctimas de delitos a permanecer en los EE. UU. Y obtener la residencia Si es v\u00edctima de un delito, un\u00a0abogado de inmigraci\u00f3n con visa U\u00a0puede ayudarlo a permanecer en los Estados Unidos.\u00a0Con el tiempo, es posible que pueda obtener una tarjeta verde. La visa U&#8230; <\/p>\n<div class=\"clear\"><\/div>\n<p><a href=\"https:\/\/kitaylegal.com\/es\/areas-de-practica\/abogado-de-inmigracion\/abogado-de-inmigracion-visa-u\/\" class=\"excerpt-read-more\">Read More<\/a><\/p>\n","protected":false},"author":2,"featured_media":0,"parent":9069,"menu_order":0,"comment_status":"closed","ping_status":"closed","template":"template-practice-sp.php","meta":{"_acf_changed":false,"footnotes":""},"class_list":["post-9064","page","type-page","status-publish","hentry"],"acf":[],"yoast_head":"<!-- This site is optimized with the Yoast SEO Premium plugin v27.3 (Yoast SEO v27.3) - https:\/\/yoast.com\/product\/yoast-seo-premium-wordpress\/ -->\n<title>Abogado de inmigraci\u00f3n Visa U - Kitay Law Offices - Experienced Attorneys in PA &amp; NJ<\/title>\n<meta name=\"robots\" content=\"index, follow, max-snippet:-1, max-image-preview:large, max-video-preview:-1\" \/>\n<link rel=\"canonical\" href=\"https:\/\/kitaylegal.com\/es\/areas-de-practica\/abogado-de-inmigracion\/abogado-de-inmigracion-visa-u\/\" \/>\n<meta property=\"og:locale\" content=\"es_ES\" \/>\n<meta property=\"og:type\" content=\"article\" \/>\n<meta property=\"og:title\" content=\"Abogado de inmigraci\u00f3n Visa U\" \/>\n<meta property=\"og:description\" content=\"El abogado de inmigraci\u00f3n de Visa U ayuda a las v\u00edctimas de delitos a permanecer en los EE. UU. Y obtener la residencia Si es v\u00edctima de un delito, un\u00a0abogado de inmigraci\u00f3n con visa U\u00a0puede ayudarlo a permanecer en los Estados Unidos.\u00a0Con el tiempo, es posible que pueda obtener una tarjeta verde. La visa U... Read More\" \/>\n<meta property=\"og:url\" content=\"https:\/\/kitaylegal.com\/es\/areas-de-practica\/abogado-de-inmigracion\/abogado-de-inmigracion-visa-u\/\" \/>\n<meta property=\"og:site_name\" content=\"Kitay Law Offices - Experienced Attorneys in PA &amp; NJ\" \/>\n<meta property=\"article:modified_time\" content=\"2023-01-01T21:17:43+00:00\" \/>\n<meta property=\"og:image\" content=\"https:\/\/kitaylegal.com\/wp-content\/uploads\/2021\/05\/U-Visa-Content-Image-300x300.jpg\" \/>\n<meta name=\"twitter:card\" content=\"summary_large_image\" \/>\n<meta name=\"twitter:label1\" content=\"Tiempo de lectura\" \/>\n\t<meta name=\"twitter:data1\" content=\"7 minutos\" \/>\n<script type=\"application\/ld+json\" class=\"yoast-schema-graph\">{\"@context\":\"https:\\\/\\\/schema.org\",\"@graph\":[{\"@type\":\"WebPage\",\"@id\":\"https:\\\/\\\/kitaylegal.com\\\/es\\\/areas-de-practica\\\/abogado-de-inmigracion\\\/abogado-de-inmigracion-visa-u\\\/\",\"url\":\"https:\\\/\\\/kitaylegal.com\\\/es\\\/areas-de-practica\\\/abogado-de-inmigracion\\\/abogado-de-inmigracion-visa-u\\\/\",\"name\":\"Abogado de inmigraci\u00f3n Visa U - Kitay Law Offices - Experienced Attorneys in PA &amp; NJ\",\"isPartOf\":{\"@id\":\"https:\\\/\\\/kitaylegal.com\\\/es\\\/#website\"},\"primaryImageOfPage\":{\"@id\":\"https:\\\/\\\/kitaylegal.com\\\/es\\\/areas-de-practica\\\/abogado-de-inmigracion\\\/abogado-de-inmigracion-visa-u\\\/#primaryimage\"},\"image\":{\"@id\":\"https:\\\/\\\/kitaylegal.com\\\/es\\\/areas-de-practica\\\/abogado-de-inmigracion\\\/abogado-de-inmigracion-visa-u\\\/#primaryimage\"},\"thumbnailUrl\":\"https:\\\/\\\/kitaylegal.com\\\/wp-content\\\/uploads\\\/2021\\\/05\\\/U-Visa-Content-Image-300x300.jpg\",\"datePublished\":\"2021-03-30T15:38:43+00:00\",\"dateModified\":\"2023-01-01T21:17:43+00:00\",\"breadcrumb\":{\"@id\":\"https:\\\/\\\/kitaylegal.com\\\/es\\\/areas-de-practica\\\/abogado-de-inmigracion\\\/abogado-de-inmigracion-visa-u\\\/#breadcrumb\"},\"inLanguage\":\"es\",\"potentialAction\":[{\"@type\":\"ReadAction\",\"target\":[\"https:\\\/\\\/kitaylegal.com\\\/es\\\/areas-de-practica\\\/abogado-de-inmigracion\\\/abogado-de-inmigracion-visa-u\\\/\"]}]},{\"@type\":\"ImageObject\",\"inLanguage\":\"es\",\"@id\":\"https:\\\/\\\/kitaylegal.com\\\/es\\\/areas-de-practica\\\/abogado-de-inmigracion\\\/abogado-de-inmigracion-visa-u\\\/#primaryimage\",\"url\":\"https:\\\/\\\/kitaylegal.com\\\/wp-content\\\/uploads\\\/2021\\\/05\\\/U-Visa-Content-Image-300x300.jpg\",\"contentUrl\":\"https:\\\/\\\/kitaylegal.com\\\/wp-content\\\/uploads\\\/2021\\\/05\\\/U-Visa-Content-Image-300x300.jpg\"},{\"@type\":\"BreadcrumbList\",\"@id\":\"https:\\\/\\\/kitaylegal.com\\\/es\\\/areas-de-practica\\\/abogado-de-inmigracion\\\/abogado-de-inmigracion-visa-u\\\/#breadcrumb\",\"itemListElement\":[{\"@type\":\"ListItem\",\"position\":1,\"name\":\"Home\",\"item\":\"https:\\\/\\\/kitaylegal.com\\\/es\\\/\"},{\"@type\":\"ListItem\",\"position\":2,\"name\":\"Areas de Pr\u00e1ctica &#8211; Vista General\",\"item\":\"https:\\\/\\\/kitaylegal.com\\\/es\\\/areas-de-practica\\\/\"},{\"@type\":\"ListItem\",\"position\":3,\"name\":\"Abogado de Inmigraci\u00f3n\",\"item\":\"https:\\\/\\\/kitaylegal.com\\\/es\\\/areas-de-practica\\\/abogado-de-inmigracion\\\/\"},{\"@type\":\"ListItem\",\"position\":4,\"name\":\"Abogado de inmigraci\u00f3n Visa U\"}]},{\"@type\":\"WebSite\",\"@id\":\"https:\\\/\\\/kitaylegal.com\\\/es\\\/#website\",\"url\":\"https:\\\/\\\/kitaylegal.com\\\/es\\\/\",\"name\":\"Kitay Law Offices - Personal Injury, Workers' Compensation, and Criminal Defense Lawyer in Pennsylvania\",\"description\":\"Specializing in Personal Injury, Workers&#039; Compensation, Criminal Defense, DUI Law, and Toxic Torts.\",\"alternateName\":\"Kitay Law Offices - Personal Injury Lawyer in PA\",\"potentialAction\":[{\"@type\":\"SearchAction\",\"target\":{\"@type\":\"EntryPoint\",\"urlTemplate\":\"https:\\\/\\\/kitaylegal.com\\\/es\\\/?s={search_term_string}\"},\"query-input\":{\"@type\":\"PropertyValueSpecification\",\"valueRequired\":true,\"valueName\":\"search_term_string\"}}],\"inLanguage\":\"es\"}]}<\/script>\n<!-- \/ Yoast SEO Premium plugin. -->","yoast_head_json":{"title":"Abogado de inmigraci\u00f3n Visa U - Kitay Law Offices - Experienced Attorneys in PA &amp; NJ","robots":{"index":"index","follow":"follow","max-snippet":"max-snippet:-1","max-image-preview":"max-image-preview:large","max-video-preview":"max-video-preview:-1"},"canonical":"https:\/\/kitaylegal.com\/es\/areas-de-practica\/abogado-de-inmigracion\/abogado-de-inmigracion-visa-u\/","og_locale":"es_ES","og_type":"article","og_title":"Abogado de inmigraci\u00f3n Visa U","og_description":"El abogado de inmigraci\u00f3n de Visa U ayuda a las v\u00edctimas de delitos a permanecer en los EE. UU. Y obtener la residencia Si es v\u00edctima de un delito, un\u00a0abogado de inmigraci\u00f3n con visa U\u00a0puede ayudarlo a permanecer en los Estados Unidos.\u00a0Con el tiempo, es posible que pueda obtener una tarjeta verde. La visa U... Read More","og_url":"https:\/\/kitaylegal.com\/es\/areas-de-practica\/abogado-de-inmigracion\/abogado-de-inmigracion-visa-u\/","og_site_name":"Kitay Law Offices - Experienced Attorneys in PA &amp; NJ","article_modified_time":"2023-01-01T21:17:43+00:00","og_image":[{"url":"https:\/\/kitaylegal.com\/wp-content\/uploads\/2021\/05\/U-Visa-Content-Image-300x300.jpg","type":"","width":"","height":""}],"twitter_card":"summary_large_image","twitter_misc":{"Tiempo de lectura":"7 minutos"},"schema":{"@context":"https:\/\/schema.org","@graph":[{"@type":"WebPage","@id":"https:\/\/kitaylegal.com\/es\/areas-de-practica\/abogado-de-inmigracion\/abogado-de-inmigracion-visa-u\/","url":"https:\/\/kitaylegal.com\/es\/areas-de-practica\/abogado-de-inmigracion\/abogado-de-inmigracion-visa-u\/","name":"Abogado de inmigraci\u00f3n Visa U - Kitay Law Offices - Experienced Attorneys in PA &amp; NJ","isPartOf":{"@id":"https:\/\/kitaylegal.com\/es\/#website"},"primaryImageOfPage":{"@id":"https:\/\/kitaylegal.com\/es\/areas-de-practica\/abogado-de-inmigracion\/abogado-de-inmigracion-visa-u\/#primaryimage"},"image":{"@id":"https:\/\/kitaylegal.com\/es\/areas-de-practica\/abogado-de-inmigracion\/abogado-de-inmigracion-visa-u\/#primaryimage"},"thumbnailUrl":"https:\/\/kitaylegal.com\/wp-content\/uploads\/2021\/05\/U-Visa-Content-Image-300x300.jpg","datePublished":"2021-03-30T15:38:43+00:00","dateModified":"2023-01-01T21:17:43+00:00","breadcrumb":{"@id":"https:\/\/kitaylegal.com\/es\/areas-de-practica\/abogado-de-inmigracion\/abogado-de-inmigracion-visa-u\/#breadcrumb"},"inLanguage":"es","potentialAction":[{"@type":"ReadAction","target":["https:\/\/kitaylegal.com\/es\/areas-de-practica\/abogado-de-inmigracion\/abogado-de-inmigracion-visa-u\/"]}]},{"@type":"ImageObject","inLanguage":"es","@id":"https:\/\/kitaylegal.com\/es\/areas-de-practica\/abogado-de-inmigracion\/abogado-de-inmigracion-visa-u\/#primaryimage","url":"https:\/\/kitaylegal.com\/wp-content\/uploads\/2021\/05\/U-Visa-Content-Image-300x300.jpg","contentUrl":"https:\/\/kitaylegal.com\/wp-content\/uploads\/2021\/05\/U-Visa-Content-Image-300x300.jpg"},{"@type":"BreadcrumbList","@id":"https:\/\/kitaylegal.com\/es\/areas-de-practica\/abogado-de-inmigracion\/abogado-de-inmigracion-visa-u\/#breadcrumb","itemListElement":[{"@type":"ListItem","position":1,"name":"Home","item":"https:\/\/kitaylegal.com\/es\/"},{"@type":"ListItem","position":2,"name":"Areas de Pr\u00e1ctica &#8211; Vista General","item":"https:\/\/kitaylegal.com\/es\/areas-de-practica\/"},{"@type":"ListItem","position":3,"name":"Abogado de Inmigraci\u00f3n","item":"https:\/\/kitaylegal.com\/es\/areas-de-practica\/abogado-de-inmigracion\/"},{"@type":"ListItem","position":4,"name":"Abogado de inmigraci\u00f3n Visa U"}]},{"@type":"WebSite","@id":"https:\/\/kitaylegal.com\/es\/#website","url":"https:\/\/kitaylegal.com\/es\/","name":"Kitay Law Offices - Personal Injury, Workers' Compensation, and Criminal Defense Lawyer in Pennsylvania","description":"Specializing in Personal Injury, Workers&#039; Compensation, Criminal Defense, DUI Law, and Toxic Torts.","alternateName":"Kitay Law Offices - Personal Injury Lawyer in PA","potentialAction":[{"@type":"SearchAction","target":{"@type":"EntryPoint","urlTemplate":"https:\/\/kitaylegal.com\/es\/?s={search_term_string}"},"query-input":{"@type":"PropertyValueSpecification","valueRequired":true,"valueName":"search_term_string"}}],"inLanguage":"es"}]}},"_links":{"self":[{"href":"https:\/\/kitaylegal.com\/es\/wp-json\/wp\/v2\/pages\/9064","targetHints":{"allow":["GET"]}}],"collection":[{"href":"https:\/\/kitaylegal.com\/es\/wp-json\/wp\/v2\/pages"}],"about":[{"href":"https:\/\/kitaylegal.com\/es\/wp-json\/wp\/v2\/types\/page"}],"author":[{"embeddable":true,"href":"https:\/\/kitaylegal.com\/es\/wp-json\/wp\/v2\/users\/2"}],"replies":[{"embeddable":true,"href":"https:\/\/kitaylegal.com\/es\/wp-json\/wp\/v2\/comments?post=9064"}],"version-history":[{"count":3,"href":"https:\/\/kitaylegal.com\/es\/wp-json\/wp\/v2\/pages\/9064\/revisions"}],"predecessor-version":[{"id":9447,"href":"https:\/\/kitaylegal.com\/es\/wp-json\/wp\/v2\/pages\/9064\/revisions\/9447"}],"up":[{"embeddable":true,"href":"https:\/\/kitaylegal.com\/es\/wp-json\/wp\/v2\/pages\/9069"}],"wp:attachment":[{"href":"https:\/\/kitaylegal.com\/es\/wp-json\/wp\/v2\/media?parent=9064"}],"curies":[{"name":"wp","href":"https:\/\/api.w.org\/{rel}","templated":true}]}}