{"id":9049,"date":"2020-08-21T15:52:28","date_gmt":"2020-08-21T19:52:28","guid":{"rendered":"https:\/\/kitaylegal.com\/garantia-de-satisfaccion-del-cliente\/"},"modified":"2023-01-01T16:26:30","modified_gmt":"2023-01-01T20:26:30","slug":"garantia-de-satisfaccion-del-cliente","status":"publish","type":"page","link":"https:\/\/kitaylegal.com\/es\/garantia-de-satisfaccion-del-cliente\/","title":{"rendered":"Garant\u00eda de Satisfacci\u00f3n del Cliente"},"content":{"rendered":"<h2>\u00a1Le garantizamos que estar\u00e1 satisfecho!<\/h2>\n<p style=\"font-weight: 400;\">Contactar a un abogado es una gran decisi\u00f3n. Sabemos que probablemente est\u00e9 pasando por momentos dif\u00edciles y necesite ayuda. Quiere estar seguro de que est\u00e1 eligiendo al abogado adecuado para usted y su problema legal. Por eso, queremos brindarle tranquilidad. Nosotros le ofrecemos una GARANT\u00cdA DE SATISFACCI\u00d3N DEL CLIENTE DE 30 D\u00cdAS.<\/p>\n<p style=\"font-weight: 400;\">Entonces, \u00bfQu\u00e9 significa eso? Es bastante simple, pero poderoso. <strong>Si no est\u00e1 satisfecho con la forma en que lo tratamos en los primeros 30 d\u00edas despu\u00e9s de que nos contrate para su caso, le devolveremos su archivo sin cargo, sin costos y sin preguntas.<\/strong><\/p>\n<p style=\"font-weight: 400;\">As\u00ed de seguros estamos de que nos preferir\u00e1s. Estamos listos para ayudarte, \u00a1as\u00ed que cont\u00e1ctanos hoy!<br \/>\nAdem\u00e1s, si prefieres hablar espa\u00f1ol, \u00a1podemos ayudarte! Nuestro personal es completamente biling\u00fce y podemos realizar su consulta en su idioma nativo. <a href=\"https:\/\/kitaylegal.com\/2018\/07\/26\/pennsylvania-bilingual-lawyers-translation-services-available\/\" target=\"_blank\" rel=\"noopener noreferrer\" data-saferedirecturl=\"https:\/\/www.google.com\/url?q=https:\/\/kitaylegal.com\/2018\/07\/26\/pennsylvania-bilingual-lawyers-translation-services-available\/&amp;source=gmail&amp;ust=1598548375715000&amp;usg=AFQjCNF_WEXmza5OblC9wqHzYYUwBPwUJw\"><b>\u00a1Se habla espa\u00f1ol!<\/b><\/a><\/p>\n<p style=\"font-weight: 400;\"><em>**Tenga en cuenta que las normas legales nos impiden ofrecer esta garant\u00eda en casos de tarifas no contingentes. Detalles proporcionados durante su consulta.**<\/em><\/p>\n<div id=\"attachment_8627\" style=\"width: 319px\" class=\"wp-caption aligncenter\"><img decoding=\"async\" aria-describedby=\"caption-attachment-8627\" class=\"wp-image-6381\" src=\"https:\/\/kitaylegal.com\/wp-content\/uploads\/2019\/04\/Kenneth-M.-Kitay-Esquire.jpg\" alt=\"Kenneth M. Kitay, Founder of Kitay Law Offices\" width=\"309\" height=\"309\" srcset=\"https:\/\/kitaylegal.com\/wp-content\/uploads\/2019\/04\/Kenneth-M.-Kitay-Esquire.jpg 800w, https:\/\/kitaylegal.com\/wp-content\/uploads\/2019\/04\/Kenneth-M.-Kitay-Esquire-150x150.jpg 150w, https:\/\/kitaylegal.com\/wp-content\/uploads\/2019\/04\/Kenneth-M.-Kitay-Esquire-300x300.jpg 300w, https:\/\/kitaylegal.com\/wp-content\/uploads\/2019\/04\/Kenneth-M.-Kitay-Esquire-768x768.jpg 768w, https:\/\/kitaylegal.com\/wp-content\/uploads\/2019\/04\/Kenneth-M.-Kitay-Esquire-400x400.jpg 400w\" sizes=\"(max-width: 309px) 100vw, 309px\" \/><p id=\"caption-attachment-8627\" class=\"wp-caption-text\">Ken Kitay, &#8216;El Abogado del Pueblo&#8217;<\/p><\/div>\n","protected":false},"excerpt":{"rendered":"<p>\u00a1Le garantizamos que estar\u00e1 satisfecho! Contactar a un abogado es una gran decisi\u00f3n. Sabemos que probablemente est\u00e9 pasando por momentos dif\u00edciles y necesite ayuda. Quiere estar seguro de que est\u00e1 eligiendo al abogado adecuado para usted y su problema legal. Por eso, queremos brindarle tranquilidad. Nosotros le ofrecemos una GARANT\u00cdA DE SATISFACCI\u00d3N DEL CLIENTE DE&#8230; <\/p>\n<div class=\"clear\"><\/div>\n<p><a href=\"https:\/\/kitaylegal.com\/es\/garantia-de-satisfaccion-del-cliente\/\" class=\"excerpt-read-more\">Read More<\/a><\/p>\n","protected":false},"author":2,"featured_media":0,"parent":0,"menu_order":0,"comment_status":"closed","ping_status":"closed","template":"template-page-sp.php","meta":{"_acf_changed":false,"footnotes":""},"class_list":["post-9049","page","type-page","status-publish","hentry"],"acf":[],"yoast_head":"<!-- This site is optimized with the Yoast SEO Premium plugin v27.3 (Yoast SEO v27.3) - https:\/\/yoast.com\/product\/yoast-seo-premium-wordpress\/ -->\n<title>Garant\u00eda de Satisfacci\u00f3n del Cliente - Kitay Law Offices - Experienced Attorneys in PA &amp; NJ<\/title>\n<meta name=\"robots\" content=\"index, follow, max-snippet:-1, max-image-preview:large, max-video-preview:-1\" \/>\n<link rel=\"canonical\" href=\"https:\/\/kitaylegal.com\/es\/garantia-de-satisfaccion-del-cliente\/\" \/>\n<meta property=\"og:locale\" content=\"es_ES\" \/>\n<meta property=\"og:type\" content=\"article\" \/>\n<meta property=\"og:title\" content=\"Garant\u00eda de Satisfacci\u00f3n del Cliente\" \/>\n<meta property=\"og:description\" content=\"\u00a1Le garantizamos que estar\u00e1 satisfecho! Contactar a un abogado es una gran decisi\u00f3n. Sabemos que probablemente est\u00e9 pasando por momentos dif\u00edciles y necesite ayuda. Quiere estar seguro de que est\u00e1 eligiendo al abogado adecuado para usted y su problema legal. Por eso, queremos brindarle tranquilidad. Nosotros le ofrecemos una GARANT\u00cdA DE SATISFACCI\u00d3N DEL CLIENTE DE... Read More\" \/>\n<meta property=\"og:url\" content=\"https:\/\/kitaylegal.com\/es\/garantia-de-satisfaccion-del-cliente\/\" \/>\n<meta property=\"og:site_name\" content=\"Kitay Law Offices - Experienced Attorneys in PA &amp; NJ\" \/>\n<meta property=\"article:modified_time\" content=\"2023-01-01T20:26:30+00:00\" \/>\n<meta property=\"og:image\" content=\"https:\/\/kitaylegal.com\/wp-content\/uploads\/2019\/04\/Kenneth-M.-Kitay-Esquire.jpg\" \/>\n<meta name=\"twitter:card\" content=\"summary_large_image\" \/>\n<meta name=\"twitter:label1\" content=\"Tiempo de lectura\" \/>\n\t<meta name=\"twitter:data1\" content=\"1 minuto\" \/>\n<script type=\"application\/ld+json\" class=\"yoast-schema-graph\">{\"@context\":\"https:\\\/\\\/schema.org\",\"@graph\":[{\"@type\":\"WebPage\",\"@id\":\"https:\\\/\\\/kitaylegal.com\\\/es\\\/garantia-de-satisfaccion-del-cliente\\\/\",\"url\":\"https:\\\/\\\/kitaylegal.com\\\/es\\\/garantia-de-satisfaccion-del-cliente\\\/\",\"name\":\"Garant\u00eda de Satisfacci\u00f3n del Cliente - Kitay Law Offices - Experienced Attorneys in PA &amp; NJ\",\"isPartOf\":{\"@id\":\"https:\\\/\\\/kitaylegal.com\\\/es\\\/#website\"},\"primaryImageOfPage\":{\"@id\":\"https:\\\/\\\/kitaylegal.com\\\/es\\\/garantia-de-satisfaccion-del-cliente\\\/#primaryimage\"},\"image\":{\"@id\":\"https:\\\/\\\/kitaylegal.com\\\/es\\\/garantia-de-satisfaccion-del-cliente\\\/#primaryimage\"},\"thumbnailUrl\":\"https:\\\/\\\/kitaylegal.com\\\/wp-content\\\/uploads\\\/2019\\\/04\\\/Kenneth-M.-Kitay-Esquire.jpg\",\"datePublished\":\"2020-08-21T19:52:28+00:00\",\"dateModified\":\"2023-01-01T20:26:30+00:00\",\"breadcrumb\":{\"@id\":\"https:\\\/\\\/kitaylegal.com\\\/es\\\/garantia-de-satisfaccion-del-cliente\\\/#breadcrumb\"},\"inLanguage\":\"es\",\"potentialAction\":[{\"@type\":\"ReadAction\",\"target\":[\"https:\\\/\\\/kitaylegal.com\\\/es\\\/garantia-de-satisfaccion-del-cliente\\\/\"]}]},{\"@type\":\"ImageObject\",\"inLanguage\":\"es\",\"@id\":\"https:\\\/\\\/kitaylegal.com\\\/es\\\/garantia-de-satisfaccion-del-cliente\\\/#primaryimage\",\"url\":\"https:\\\/\\\/kitaylegal.com\\\/wp-content\\\/uploads\\\/2019\\\/04\\\/Kenneth-M.-Kitay-Esquire.jpg\",\"contentUrl\":\"https:\\\/\\\/kitaylegal.com\\\/wp-content\\\/uploads\\\/2019\\\/04\\\/Kenneth-M.-Kitay-Esquire.jpg\"},{\"@type\":\"BreadcrumbList\",\"@id\":\"https:\\\/\\\/kitaylegal.com\\\/es\\\/garantia-de-satisfaccion-del-cliente\\\/#breadcrumb\",\"itemListElement\":[{\"@type\":\"ListItem\",\"position\":1,\"name\":\"Home\",\"item\":\"https:\\\/\\\/kitaylegal.com\\\/es\\\/\"},{\"@type\":\"ListItem\",\"position\":2,\"name\":\"Garant\u00eda de Satisfacci\u00f3n del Cliente\"}]},{\"@type\":\"WebSite\",\"@id\":\"https:\\\/\\\/kitaylegal.com\\\/es\\\/#website\",\"url\":\"https:\\\/\\\/kitaylegal.com\\\/es\\\/\",\"name\":\"Kitay Law Offices - Personal Injury, Workers' Compensation, and Criminal Defense Lawyer in Pennsylvania\",\"description\":\"Specializing in Personal Injury, Workers&#039; Compensation, Criminal Defense, DUI Law, and Toxic Torts.\",\"alternateName\":\"Kitay Law Offices - Personal Injury Lawyer in PA\",\"potentialAction\":[{\"@type\":\"SearchAction\",\"target\":{\"@type\":\"EntryPoint\",\"urlTemplate\":\"https:\\\/\\\/kitaylegal.com\\\/es\\\/?s={search_term_string}\"},\"query-input\":{\"@type\":\"PropertyValueSpecification\",\"valueRequired\":true,\"valueName\":\"search_term_string\"}}],\"inLanguage\":\"es\"}]}<\/script>\n<!-- \/ Yoast SEO Premium plugin. -->","yoast_head_json":{"title":"Garant\u00eda de Satisfacci\u00f3n del Cliente - Kitay Law Offices - Experienced Attorneys in PA &amp; NJ","robots":{"index":"index","follow":"follow","max-snippet":"max-snippet:-1","max-image-preview":"max-image-preview:large","max-video-preview":"max-video-preview:-1"},"canonical":"https:\/\/kitaylegal.com\/es\/garantia-de-satisfaccion-del-cliente\/","og_locale":"es_ES","og_type":"article","og_title":"Garant\u00eda de Satisfacci\u00f3n del Cliente","og_description":"\u00a1Le garantizamos que estar\u00e1 satisfecho! Contactar a un abogado es una gran decisi\u00f3n. Sabemos que probablemente est\u00e9 pasando por momentos dif\u00edciles y necesite ayuda. Quiere estar seguro de que est\u00e1 eligiendo al abogado adecuado para usted y su problema legal. Por eso, queremos brindarle tranquilidad. Nosotros le ofrecemos una GARANT\u00cdA DE SATISFACCI\u00d3N DEL CLIENTE DE... Read More","og_url":"https:\/\/kitaylegal.com\/es\/garantia-de-satisfaccion-del-cliente\/","og_site_name":"Kitay Law Offices - Experienced Attorneys in PA &amp; NJ","article_modified_time":"2023-01-01T20:26:30+00:00","og_image":[{"url":"https:\/\/kitaylegal.com\/wp-content\/uploads\/2019\/04\/Kenneth-M.-Kitay-Esquire.jpg","type":"","width":"","height":""}],"twitter_card":"summary_large_image","twitter_misc":{"Tiempo de lectura":"1 minuto"},"schema":{"@context":"https:\/\/schema.org","@graph":[{"@type":"WebPage","@id":"https:\/\/kitaylegal.com\/es\/garantia-de-satisfaccion-del-cliente\/","url":"https:\/\/kitaylegal.com\/es\/garantia-de-satisfaccion-del-cliente\/","name":"Garant\u00eda de Satisfacci\u00f3n del Cliente - Kitay Law Offices - Experienced Attorneys in PA &amp; NJ","isPartOf":{"@id":"https:\/\/kitaylegal.com\/es\/#website"},"primaryImageOfPage":{"@id":"https:\/\/kitaylegal.com\/es\/garantia-de-satisfaccion-del-cliente\/#primaryimage"},"image":{"@id":"https:\/\/kitaylegal.com\/es\/garantia-de-satisfaccion-del-cliente\/#primaryimage"},"thumbnailUrl":"https:\/\/kitaylegal.com\/wp-content\/uploads\/2019\/04\/Kenneth-M.-Kitay-Esquire.jpg","datePublished":"2020-08-21T19:52:28+00:00","dateModified":"2023-01-01T20:26:30+00:00","breadcrumb":{"@id":"https:\/\/kitaylegal.com\/es\/garantia-de-satisfaccion-del-cliente\/#breadcrumb"},"inLanguage":"es","potentialAction":[{"@type":"ReadAction","target":["https:\/\/kitaylegal.com\/es\/garantia-de-satisfaccion-del-cliente\/"]}]},{"@type":"ImageObject","inLanguage":"es","@id":"https:\/\/kitaylegal.com\/es\/garantia-de-satisfaccion-del-cliente\/#primaryimage","url":"https:\/\/kitaylegal.com\/wp-content\/uploads\/2019\/04\/Kenneth-M.-Kitay-Esquire.jpg","contentUrl":"https:\/\/kitaylegal.com\/wp-content\/uploads\/2019\/04\/Kenneth-M.-Kitay-Esquire.jpg"},{"@type":"BreadcrumbList","@id":"https:\/\/kitaylegal.com\/es\/garantia-de-satisfaccion-del-cliente\/#breadcrumb","itemListElement":[{"@type":"ListItem","position":1,"name":"Home","item":"https:\/\/kitaylegal.com\/es\/"},{"@type":"ListItem","position":2,"name":"Garant\u00eda de Satisfacci\u00f3n del Cliente"}]},{"@type":"WebSite","@id":"https:\/\/kitaylegal.com\/es\/#website","url":"https:\/\/kitaylegal.com\/es\/","name":"Kitay Law Offices - Personal Injury, Workers' Compensation, and Criminal Defense Lawyer in Pennsylvania","description":"Specializing in Personal Injury, Workers&#039; Compensation, Criminal Defense, DUI Law, and Toxic Torts.","alternateName":"Kitay Law Offices - Personal Injury Lawyer in PA","potentialAction":[{"@type":"SearchAction","target":{"@type":"EntryPoint","urlTemplate":"https:\/\/kitaylegal.com\/es\/?s={search_term_string}"},"query-input":{"@type":"PropertyValueSpecification","valueRequired":true,"valueName":"search_term_string"}}],"inLanguage":"es"}]}},"_links":{"self":[{"href":"https:\/\/kitaylegal.com\/es\/wp-json\/wp\/v2\/pages\/9049","targetHints":{"allow":["GET"]}}],"collection":[{"href":"https:\/\/kitaylegal.com\/es\/wp-json\/wp\/v2\/pages"}],"about":[{"href":"https:\/\/kitaylegal.com\/es\/wp-json\/wp\/v2\/types\/page"}],"author":[{"embeddable":true,"href":"https:\/\/kitaylegal.com\/es\/wp-json\/wp\/v2\/users\/2"}],"replies":[{"embeddable":true,"href":"https:\/\/kitaylegal.com\/es\/wp-json\/wp\/v2\/comments?post=9049"}],"version-history":[{"count":4,"href":"https:\/\/kitaylegal.com\/es\/wp-json\/wp\/v2\/pages\/9049\/revisions"}],"predecessor-version":[{"id":9425,"href":"https:\/\/kitaylegal.com\/es\/wp-json\/wp\/v2\/pages\/9049\/revisions\/9425"}],"wp:attachment":[{"href":"https:\/\/kitaylegal.com\/es\/wp-json\/wp\/v2\/media?parent=9049"}],"curies":[{"name":"wp","href":"https:\/\/api.w.org\/{rel}","templated":true}]}}