{"id":9045,"date":"2020-06-10T16:25:38","date_gmt":"2020-06-10T20:25:38","guid":{"rendered":"https:\/\/kitaylegal.com\/areas-de-practica\/abogado-penalista-en-pensilvania\/abogado-de-delitos-contra-la-propiedad-en-pennsylvania\/"},"modified":"2023-01-01T16:52:58","modified_gmt":"2023-01-01T20:52:58","slug":"abogado-de-delitos-contra-la-propiedad-en-pensilvania","status":"publish","type":"page","link":"https:\/\/kitaylegal.com\/es\/areas-de-practica\/abogado-de-defensa-criminal-en-pensilvania\/abogado-de-delitos-contra-la-propiedad-en-pensilvania\/","title":{"rendered":"Abogado de delitos contra la propiedad en Pensilvania"},"content":{"rendered":"<h2>Encuentre un abogado de delitos contra la propiedad en las oficinas legales Kitay<\/h2>\n<p>Si enfrenta un\u00a0<strong>cargo por delitos contra la propiedad<\/strong>, es importante que hable con un abogado de delitos contra la propiedad de inmediato.\u00a0Ellos pueden ayudarlo a revisar los hechos de su caso y evaluar la mejor manera de manejarlo.<\/p>\n<p>Las Oficinas Legales Kitay \u00a0pueden ayudar.\u00a0Revisaremos su caso detenidamente y determinaremos la mejor estrategia de defensa.\u00a0Trabajar con un\u00a0<strong>abogado de delitos contra la propiedad\u00a0<\/strong>agresivo\u00a0es lo m\u00e1s importante.\u00a0Construir una defensa s\u00f3lida es la mejor oportunidad para aclarar su nombre en la corte.\u00a0Tambi\u00e9n es importante para obtener la pena m\u00ednima si se le declara culpable.<\/p>\n<h3>En el estado de Pensilvania, los siguientes son ejemplos de delitos contra la propiedad:<\/h3>\n<div id=\"attachment_8776\" style=\"width: 358px\" class=\"wp-caption alignright\"><img decoding=\"async\" aria-describedby=\"caption-attachment-8776\" class=\" wp-image-7644\" src=\"https:\/\/kitaylegal.com\/wp-content\/uploads\/2020\/04\/shutterstock_647094733.jpg\" alt=\"Abogados de delitos contra la propiedad en Kitay Law Offices\" width=\"348\" height=\"261\" srcset=\"https:\/\/kitaylegal.com\/wp-content\/uploads\/2020\/04\/shutterstock_647094733.jpg 5000w, https:\/\/kitaylegal.com\/wp-content\/uploads\/2020\/04\/shutterstock_647094733-300x225.jpg 300w, https:\/\/kitaylegal.com\/wp-content\/uploads\/2020\/04\/shutterstock_647094733-1024x768.jpg 1024w, https:\/\/kitaylegal.com\/wp-content\/uploads\/2020\/04\/shutterstock_647094733-768x576.jpg 768w, https:\/\/kitaylegal.com\/wp-content\/uploads\/2020\/04\/shutterstock_647094733-1536x1152.jpg 1536w, https:\/\/kitaylegal.com\/wp-content\/uploads\/2020\/04\/shutterstock_647094733-2048x1536.jpg 2048w, https:\/\/kitaylegal.com\/wp-content\/uploads\/2020\/04\/shutterstock_647094733-400x300.jpg 400w\" sizes=\"(max-width: 348px) 100vw, 348px\" \/><p id=\"caption-attachment-8776\" class=\"wp-caption-text\"><em>Los abogados de delitos contra la propiedad de las Oficinas Legales Kitay \u00a0pueden ayudar a construir un caso s\u00f3lido.<\/em><\/p><\/div>\n<ul>\n<li>\u2022 Incendio provocado<br \/>\n\u2022 Travesura criminal<br \/>\n\u2022 Vandalismo institucional<br \/>\n\u2022 Vandalismo agr\u00edcola<br \/>\n\u2022 Invasi\u00f3n criminal<br \/>\n\u2022 Traspaso desafiante<\/li>\n<\/ul>\n<p>Para obtener m\u00e1s informaci\u00f3n sobre los\u00a0<strong>tipos de delitos contra la propiedad<\/strong>\u00a0, consulte la secci\u00f3n de Preguntas frecuentes a continuaci\u00f3n en esta p\u00e1gina.<\/p>\n<h2>Sanciones por delitos contra la propiedad<\/h2>\n<p><strong>Los delitos contra la propiedad en Pensilvania<\/strong>\u00a0pueden tener importantes cargos y sanciones penales.\u00a0De hecho, la cantidad de da\u00f1o a la propiedad y el riesgo para las personas involucradas pueden aumentar el monto de los cargos.\u00a0Sin embargo, el hecho de que un delito solo involucre da\u00f1os a la propiedad no significa que no habr\u00e1 cargos por delitos graves.<\/p>\n<p>Los\u00a0<strong>delitos\u00a0<\/strong>menores\u00a0<strong>contra la propiedad\u00a0<\/strong>pueden llevar a la c\u00e1rcel.\u00a0Sin embargo, su abogado de delitos contra la propiedad puede conseguirle castigos menos severos.\u00a0Por ejemplo, puede obtener libertad condicional, asesoramiento o servicio comunitario.\u00a0A\u00fan as\u00ed, cuanto m\u00e1s severo sea el delito contra la propiedad, mayor es la posibilidad de que pase a\u00f1os en la c\u00e1rcel.\u00a0Tambi\u00e9n puede haber sanciones econ\u00f3micas sustanciales.\u00a0Esto incluye la necesidad de pagar las reparaciones de los da\u00f1os o reemplazar la propiedad en su totalidad.<\/p>\n<h2>Entienda lo que puede suceder<\/h2>\n<p>Seg\u00fan la ley de Pensilvania, la pena por un\u00a0<strong>delito contra la propiedad\u00a0<\/strong>depende de la gravedad del cargo.\u00a0Por ejemplo, el encarcelamiento y las multas por delitos contra la propiedad, delitos menores y delitos graves son los siguientes:<\/p>\n<ul>\n<li><strong>Infracci\u00f3n sumaria\u00a0<\/strong>: multas de hasta $ 300 y hasta 90 d\u00edas en la c\u00e1rcel<\/li>\n<li><strong>Delito menor de tercer grado\u00a0<\/strong>: multas de hasta $ 2,500 y hasta 1 a\u00f1o de c\u00e1rcel<\/li>\n<li><strong>Delito menor de segundo grado\u00a0<\/strong>: multas de hasta $ 5,000 y hasta 2 a\u00f1os de c\u00e1rcel<\/li>\n<li><strong>Delito menor de primer grado\u00a0<\/strong>: multas de hasta $ 10,000 y hasta 5 a\u00f1os de c\u00e1rcel<\/li>\n<li><strong>Delito mayor de tercer grado\u00a0<\/strong>: multas de hasta $ 15,000 y hasta 7 a\u00f1os de prisi\u00f3n<\/li>\n<li><strong>Delito mayor de segundo grado\u00a0<\/strong>: multas de hasta $ 25,000 y hasta 10 a\u00f1os de prisi\u00f3n<\/li>\n<li><strong>Delito mayor de primer grado\u00a0<\/strong>: multas de hasta $ 25,000 hasta 20 a\u00f1os de prisi\u00f3n<\/li>\n<\/ul>\n<h4>Comun\u00edquese con las Oficinas Legales Kitay \u00a0para obtener ayuda<\/h4>\n<p>No se arriesgue a ir a la c\u00e1rcel y tener que vivir su vida con antecedentes penales.\u00a0Adem\u00e1s, piense en el impacto que una condena tambi\u00e9n puede tener en su familia.\u00a0Si comparte la custodia de sus hijos, la condena podr\u00eda usarse en su contra.\u00a0Esto puede usarse como una raz\u00f3n para perder su custodia, reducir su custodia o negarle las visitas por completo.<\/p>\n<p>Un\u00a0abogado de\u00a0<strong>delitos contra la propiedad\u00a0<\/strong>en las Oficinas Legales Kitay \u00a0puede ayudarlo a reducir su sentencia o superar los cargos.\u00a0<strong>Cont\u00e1ctenos<\/strong>\u00a0hoy para averiguar c\u00f3mo\u00a0puede ayudar\u00a0un\u00a0<strong>abogado de defensa criminal<\/strong>.<\/p>\n<h2>Preguntas frecuentes<\/h2>\n<p>A continuaci\u00f3n, se incluyen algunas preguntas frecuentes sobre delitos contra la propiedad.<\/p>\n<h4>\u00bfEs el incendio provocado un delito grave contra la propiedad?<\/h4>\n<p>Los detalles sobre el incendio provocado y sus delitos relacionados est\u00e1n disponibles en el sitio web de la Asamblea General de Pensilvania en\u00a018 Pa. Code \u00a73301\u00a0.\u00a0Sin embargo, la respuesta corta es s\u00ed, puede considerar que el incendio provocado es un delito grave.\u00a0Cualesquiera que sean los cargos de incendio provocado en su contra, llame a un\u00a0abogado de\u00a0<strong>delitos contra la propiedad\u00a0<\/strong>en las Oficinas Legales Kitay \u00a0de inmediato.\u00a0Prepararemos la mejor defensa para usted.<\/p>\n<p>Si inici\u00f3 un incendio que no caus\u00f3 da\u00f1os a la propiedad o lesiones, podr\u00eda recibir una infracci\u00f3n sumaria.\u00a0Sin embargo, si deliberada o descuidadamente inicia un incendio o causa una explosi\u00f3n, puede recibir un cargo por delito de incendio premeditado.\u00a0Lo mismo ocurre si ayuda o paga a otra persona para que inicie un incendio.\u00a0Adem\u00e1s, incluso si la propiedad es suya,\u00a0<em>a\u00fan\u00a0<\/em>puede\u00a0ser acusado de un delito de incendio premeditado.<\/p>\n<p>Puede considerar un cargo de incendio premeditado como un delito grave de primer grado si, por ejemplo:<\/p>\n<ul>\n<li>Inici\u00f3 un incendio intencionalmente<\/li>\n<li>Pag\u00f3 o ayud\u00f3 a alguien a iniciar un incendio<\/li>\n<li>Tuvo la intenci\u00f3n de da\u00f1ar o destruir alg\u00fan lugar donde la gente vive, trabaja o juega<\/li>\n<li>Puso en peligro imprudentemente a otra persona<\/li>\n<li>Puso en peligro bienes o propiedades<\/li>\n<li>Caus\u00f3 lesiones personales o muerte(s)<\/li>\n<li>Quem\u00f3 bienes o recursos hist\u00f3ricos<\/li>\n<\/ul>\n<h4>\u00bfQu\u00e9 es un incendio provocado agravado?<\/h4>\n<p>Un incendio provocado agravado significa que usted sabe que una persona est\u00e1 presente dentro de una estructura en el momento en que comenz\u00f3 el incendio.\u00a0Adem\u00e1s, un delito de incendio provocado agravado a la\u00a0<strong>propiedad\u00a0<\/strong>incluye causar da\u00f1o a otra persona de manera intencional o imprudente a trav\u00e9s del incendio o la explosi\u00f3n.<\/p>\n<h4>\u00bfCu\u00e1ndo es el incendio provocado un delito grave de segundo grado?<\/h4>\n<p>El incendio provocado es un delito grave de segundo grado.\u00a0Puede recibir un cargo por incendio premeditado si deliberada o imprudentemente inicia un incendio en una propiedad vac\u00eda.\u00a0Esto todav\u00eda se considera un delito grave de segundo grado incluso si paga o ayuda a alguien a iniciar un incendio.\u00a0Adem\u00e1s, este cargo es el mismo si est\u00e1 quemando o tratando de quemar su propia propiedad para cobrar el seguro.<\/p>\n<h4>\u00bfQu\u00e9 es la travesura criminal?\u00a0\u00bfCuenta como un delito contra la propiedad?<\/h4>\n<p><strong>La travesura criminal<\/strong>\u00a0puede ser un delito sumario, un delito menor o un delito grave\u00a0<strong>contra la propiedad\u00a0<\/strong>,\u00a0seg\u00fan la situaci\u00f3n.\u00a0Sin embargo, el tipo de cargo tambi\u00e9n depende del costo del da\u00f1o y si pone a alguien en peligro.<\/p>\n<p>Algunas circunstancias comunes que podr\u00edan dar lugar a cargos por da\u00f1os y perjuicios incluyen las siguientes:<\/p>\n<ul>\n<li>Causar intencionalmente o imprudentemente da\u00f1os a la propiedad de otra persona por fuego o explosivos<\/li>\n<li>Poner en peligro a una persona o propiedad al manipular dicha propiedad<\/li>\n<li>Hacer que alguien pierda dinero o su propiedad mediante enga\u00f1o o amenaza<\/li>\n<li>Desfigurar o da\u00f1ar una propiedad con grafiti mediante el uso de pintura en aerosol o pistola de paintball, por ejemplo<\/li>\n<\/ul>\n<h4>\u00bfCu\u00e1les son ejemplos de vandalismo institucional?<\/h4>\n<p>Los\u00a0cargos de\u00a0<strong>vandalismo institucional<\/strong>\u00a0son\u00a0<strong>delitos contra la propiedad\u00a0<\/strong>si alguien da\u00f1a:<\/p>\n<ul>\n<li>Un lugar de culto<\/li>\n<li>Un cementerio o lugar de entierro<\/li>\n<li>Un edificio municipal o gubernamental<\/li>\n<li>Una instalaci\u00f3n educativa<\/li>\n<li>Un centro Comunitario<\/li>\n<li>Un centro de detenci\u00f3n juvenil<\/li>\n<li>Cualquier terreno que sea propiedad de, ocupado o adyacente a este tipo de edificios<\/li>\n<\/ul>\n<p>Un delito menor de segundo grado o un delito mayor de tercer grado puede ser el cargo por vandalismo institucional.\u00a0El cargo depende de la cantidad de da\u00f1o y si alguien estaba en peligro.<\/p>\n<h4>\u00bfCu\u00e1les son ejemplos de vandalismo agr\u00edcola?<\/h4>\n<p>Se\u00a0cobran cargos por\u00a0<strong>vandalismo agr\u00edcola<\/strong>\u00a0si alguien da\u00f1a intencionalmente o por descuido una propiedad utilizada en la agricultura o en una actividad agr\u00edcola.<\/p>\n<p>Hay muchos elementos que pueden incluirse en un cargo de vandalismo agr\u00edcola, como:<\/p>\n<ul>\n<li>Equipo agr\u00edcola<\/li>\n<li>Productos l\u00e1cteos<\/li>\n<li>Ganado<\/li>\n<li>Cultivos<\/li>\n<li>Equipo de investigaci\u00f3n y recopilaci\u00f3n de datos<\/li>\n<\/ul>\n<p>Un delito menor o grave puede ser el cargo de vandalismo agr\u00edcola.<\/p>\n","protected":false},"excerpt":{"rendered":"<p>Encuentre un abogado de delitos contra la propiedad en las oficinas legales Kitay Si enfrenta un\u00a0cargo por delitos contra la propiedad, es importante que hable con un abogado de delitos contra la propiedad de inmediato.\u00a0Ellos pueden ayudarlo a revisar los hechos de su caso y evaluar la mejor manera de manejarlo. Las Oficinas Legales Kitay&#8230; <\/p>\n<div class=\"clear\"><\/div>\n<p><a href=\"https:\/\/kitaylegal.com\/es\/areas-de-practica\/abogado-de-defensa-criminal-en-pensilvania\/abogado-de-delitos-contra-la-propiedad-en-pensilvania\/\" class=\"excerpt-read-more\">Read More<\/a><\/p>\n","protected":false},"author":2,"featured_media":0,"parent":9038,"menu_order":0,"comment_status":"closed","ping_status":"closed","template":"template-practice-sp.php","meta":{"_acf_changed":false,"footnotes":""},"class_list":["post-9045","page","type-page","status-publish","hentry"],"acf":[],"yoast_head":"<!-- This site is optimized with the Yoast SEO Premium plugin v27.3 (Yoast SEO v27.3) - https:\/\/yoast.com\/product\/yoast-seo-premium-wordpress\/ -->\n<title>Abogado de delitos contra la propiedad en Pensilvania - Kitay Law Offices - Experienced Attorneys in PA &amp; NJ<\/title>\n<meta name=\"robots\" content=\"index, follow, max-snippet:-1, max-image-preview:large, max-video-preview:-1\" \/>\n<link rel=\"canonical\" href=\"https:\/\/kitaylegal.com\/es\/areas-de-practica\/abogado-de-defensa-criminal-en-pensilvania\/abogado-de-delitos-contra-la-propiedad-en-pensilvania\/\" \/>\n<meta property=\"og:locale\" content=\"es_ES\" \/>\n<meta property=\"og:type\" content=\"article\" \/>\n<meta property=\"og:title\" content=\"Abogado de delitos contra la propiedad en Pensilvania\" \/>\n<meta property=\"og:description\" content=\"Encuentre un abogado de delitos contra la propiedad en las oficinas legales Kitay Si enfrenta un\u00a0cargo por delitos contra la propiedad, es importante que hable con un abogado de delitos contra la propiedad de inmediato.\u00a0Ellos pueden ayudarlo a revisar los hechos de su caso y evaluar la mejor manera de manejarlo. Las Oficinas Legales Kitay... Read More\" \/>\n<meta property=\"og:url\" content=\"https:\/\/kitaylegal.com\/es\/areas-de-practica\/abogado-de-defensa-criminal-en-pensilvania\/abogado-de-delitos-contra-la-propiedad-en-pensilvania\/\" \/>\n<meta property=\"og:site_name\" content=\"Kitay Law Offices - Experienced Attorneys in PA &amp; NJ\" \/>\n<meta property=\"article:modified_time\" content=\"2023-01-01T20:52:58+00:00\" \/>\n<meta property=\"og:image\" content=\"https:\/\/kitaylegal.com\/wp-content\/uploads\/2020\/04\/shutterstock_647094733.jpg\" \/>\n<meta name=\"twitter:card\" content=\"summary_large_image\" \/>\n<meta name=\"twitter:label1\" content=\"Tiempo de lectura\" \/>\n\t<meta name=\"twitter:data1\" content=\"6 minutos\" \/>\n<script type=\"application\/ld+json\" class=\"yoast-schema-graph\">{\"@context\":\"https:\\\/\\\/schema.org\",\"@graph\":[{\"@type\":\"WebPage\",\"@id\":\"https:\\\/\\\/kitaylegal.com\\\/es\\\/areas-de-practica\\\/abogado-de-defensa-criminal-en-pensilvania\\\/abogado-de-delitos-contra-la-propiedad-en-pensilvania\\\/\",\"url\":\"https:\\\/\\\/kitaylegal.com\\\/es\\\/areas-de-practica\\\/abogado-de-defensa-criminal-en-pensilvania\\\/abogado-de-delitos-contra-la-propiedad-en-pensilvania\\\/\",\"name\":\"Abogado de delitos contra la propiedad en Pensilvania - Kitay Law Offices - Experienced Attorneys in PA &amp; NJ\",\"isPartOf\":{\"@id\":\"https:\\\/\\\/kitaylegal.com\\\/es\\\/#website\"},\"primaryImageOfPage\":{\"@id\":\"https:\\\/\\\/kitaylegal.com\\\/es\\\/areas-de-practica\\\/abogado-de-defensa-criminal-en-pensilvania\\\/abogado-de-delitos-contra-la-propiedad-en-pensilvania\\\/#primaryimage\"},\"image\":{\"@id\":\"https:\\\/\\\/kitaylegal.com\\\/es\\\/areas-de-practica\\\/abogado-de-defensa-criminal-en-pensilvania\\\/abogado-de-delitos-contra-la-propiedad-en-pensilvania\\\/#primaryimage\"},\"thumbnailUrl\":\"https:\\\/\\\/kitaylegal.com\\\/wp-content\\\/uploads\\\/2020\\\/04\\\/shutterstock_647094733.jpg\",\"datePublished\":\"2020-06-10T20:25:38+00:00\",\"dateModified\":\"2023-01-01T20:52:58+00:00\",\"breadcrumb\":{\"@id\":\"https:\\\/\\\/kitaylegal.com\\\/es\\\/areas-de-practica\\\/abogado-de-defensa-criminal-en-pensilvania\\\/abogado-de-delitos-contra-la-propiedad-en-pensilvania\\\/#breadcrumb\"},\"inLanguage\":\"es\",\"potentialAction\":[{\"@type\":\"ReadAction\",\"target\":[\"https:\\\/\\\/kitaylegal.com\\\/es\\\/areas-de-practica\\\/abogado-de-defensa-criminal-en-pensilvania\\\/abogado-de-delitos-contra-la-propiedad-en-pensilvania\\\/\"]}]},{\"@type\":\"ImageObject\",\"inLanguage\":\"es\",\"@id\":\"https:\\\/\\\/kitaylegal.com\\\/es\\\/areas-de-practica\\\/abogado-de-defensa-criminal-en-pensilvania\\\/abogado-de-delitos-contra-la-propiedad-en-pensilvania\\\/#primaryimage\",\"url\":\"https:\\\/\\\/kitaylegal.com\\\/wp-content\\\/uploads\\\/2020\\\/04\\\/shutterstock_647094733.jpg\",\"contentUrl\":\"https:\\\/\\\/kitaylegal.com\\\/wp-content\\\/uploads\\\/2020\\\/04\\\/shutterstock_647094733.jpg\"},{\"@type\":\"BreadcrumbList\",\"@id\":\"https:\\\/\\\/kitaylegal.com\\\/es\\\/areas-de-practica\\\/abogado-de-defensa-criminal-en-pensilvania\\\/abogado-de-delitos-contra-la-propiedad-en-pensilvania\\\/#breadcrumb\",\"itemListElement\":[{\"@type\":\"ListItem\",\"position\":1,\"name\":\"Home\",\"item\":\"https:\\\/\\\/kitaylegal.com\\\/es\\\/\"},{\"@type\":\"ListItem\",\"position\":2,\"name\":\"Areas de Pr\u00e1ctica &#8211; Vista General\",\"item\":\"https:\\\/\\\/kitaylegal.com\\\/es\\\/areas-de-practica\\\/\"},{\"@type\":\"ListItem\",\"position\":3,\"name\":\"Abogado de defensa criminal en Pensilvania\",\"item\":\"https:\\\/\\\/kitaylegal.com\\\/es\\\/areas-de-practica\\\/abogado-de-defensa-criminal-en-pensilvania\\\/\"},{\"@type\":\"ListItem\",\"position\":4,\"name\":\"Abogado de delitos contra la propiedad en Pensilvania\"}]},{\"@type\":\"WebSite\",\"@id\":\"https:\\\/\\\/kitaylegal.com\\\/es\\\/#website\",\"url\":\"https:\\\/\\\/kitaylegal.com\\\/es\\\/\",\"name\":\"Kitay Law Offices - Personal Injury, Workers' Compensation, and Criminal Defense Lawyer in Pennsylvania\",\"description\":\"Specializing in Personal Injury, Workers&#039; Compensation, Criminal Defense, DUI Law, and Toxic Torts.\",\"alternateName\":\"Kitay Law Offices - Personal Injury Lawyer in PA\",\"potentialAction\":[{\"@type\":\"SearchAction\",\"target\":{\"@type\":\"EntryPoint\",\"urlTemplate\":\"https:\\\/\\\/kitaylegal.com\\\/es\\\/?s={search_term_string}\"},\"query-input\":{\"@type\":\"PropertyValueSpecification\",\"valueRequired\":true,\"valueName\":\"search_term_string\"}}],\"inLanguage\":\"es\"}]}<\/script>\n<!-- \/ Yoast SEO Premium plugin. -->","yoast_head_json":{"title":"Abogado de delitos contra la propiedad en Pensilvania - Kitay Law Offices - Experienced Attorneys in PA &amp; NJ","robots":{"index":"index","follow":"follow","max-snippet":"max-snippet:-1","max-image-preview":"max-image-preview:large","max-video-preview":"max-video-preview:-1"},"canonical":"https:\/\/kitaylegal.com\/es\/areas-de-practica\/abogado-de-defensa-criminal-en-pensilvania\/abogado-de-delitos-contra-la-propiedad-en-pensilvania\/","og_locale":"es_ES","og_type":"article","og_title":"Abogado de delitos contra la propiedad en Pensilvania","og_description":"Encuentre un abogado de delitos contra la propiedad en las oficinas legales Kitay Si enfrenta un\u00a0cargo por delitos contra la propiedad, es importante que hable con un abogado de delitos contra la propiedad de inmediato.\u00a0Ellos pueden ayudarlo a revisar los hechos de su caso y evaluar la mejor manera de manejarlo. Las Oficinas Legales Kitay... Read More","og_url":"https:\/\/kitaylegal.com\/es\/areas-de-practica\/abogado-de-defensa-criminal-en-pensilvania\/abogado-de-delitos-contra-la-propiedad-en-pensilvania\/","og_site_name":"Kitay Law Offices - Experienced Attorneys in PA &amp; NJ","article_modified_time":"2023-01-01T20:52:58+00:00","og_image":[{"url":"https:\/\/kitaylegal.com\/wp-content\/uploads\/2020\/04\/shutterstock_647094733.jpg","type":"","width":"","height":""}],"twitter_card":"summary_large_image","twitter_misc":{"Tiempo de lectura":"6 minutos"},"schema":{"@context":"https:\/\/schema.org","@graph":[{"@type":"WebPage","@id":"https:\/\/kitaylegal.com\/es\/areas-de-practica\/abogado-de-defensa-criminal-en-pensilvania\/abogado-de-delitos-contra-la-propiedad-en-pensilvania\/","url":"https:\/\/kitaylegal.com\/es\/areas-de-practica\/abogado-de-defensa-criminal-en-pensilvania\/abogado-de-delitos-contra-la-propiedad-en-pensilvania\/","name":"Abogado de delitos contra la propiedad en Pensilvania - Kitay Law Offices - Experienced Attorneys in PA &amp; NJ","isPartOf":{"@id":"https:\/\/kitaylegal.com\/es\/#website"},"primaryImageOfPage":{"@id":"https:\/\/kitaylegal.com\/es\/areas-de-practica\/abogado-de-defensa-criminal-en-pensilvania\/abogado-de-delitos-contra-la-propiedad-en-pensilvania\/#primaryimage"},"image":{"@id":"https:\/\/kitaylegal.com\/es\/areas-de-practica\/abogado-de-defensa-criminal-en-pensilvania\/abogado-de-delitos-contra-la-propiedad-en-pensilvania\/#primaryimage"},"thumbnailUrl":"https:\/\/kitaylegal.com\/wp-content\/uploads\/2020\/04\/shutterstock_647094733.jpg","datePublished":"2020-06-10T20:25:38+00:00","dateModified":"2023-01-01T20:52:58+00:00","breadcrumb":{"@id":"https:\/\/kitaylegal.com\/es\/areas-de-practica\/abogado-de-defensa-criminal-en-pensilvania\/abogado-de-delitos-contra-la-propiedad-en-pensilvania\/#breadcrumb"},"inLanguage":"es","potentialAction":[{"@type":"ReadAction","target":["https:\/\/kitaylegal.com\/es\/areas-de-practica\/abogado-de-defensa-criminal-en-pensilvania\/abogado-de-delitos-contra-la-propiedad-en-pensilvania\/"]}]},{"@type":"ImageObject","inLanguage":"es","@id":"https:\/\/kitaylegal.com\/es\/areas-de-practica\/abogado-de-defensa-criminal-en-pensilvania\/abogado-de-delitos-contra-la-propiedad-en-pensilvania\/#primaryimage","url":"https:\/\/kitaylegal.com\/wp-content\/uploads\/2020\/04\/shutterstock_647094733.jpg","contentUrl":"https:\/\/kitaylegal.com\/wp-content\/uploads\/2020\/04\/shutterstock_647094733.jpg"},{"@type":"BreadcrumbList","@id":"https:\/\/kitaylegal.com\/es\/areas-de-practica\/abogado-de-defensa-criminal-en-pensilvania\/abogado-de-delitos-contra-la-propiedad-en-pensilvania\/#breadcrumb","itemListElement":[{"@type":"ListItem","position":1,"name":"Home","item":"https:\/\/kitaylegal.com\/es\/"},{"@type":"ListItem","position":2,"name":"Areas de Pr\u00e1ctica &#8211; Vista General","item":"https:\/\/kitaylegal.com\/es\/areas-de-practica\/"},{"@type":"ListItem","position":3,"name":"Abogado de defensa criminal en Pensilvania","item":"https:\/\/kitaylegal.com\/es\/areas-de-practica\/abogado-de-defensa-criminal-en-pensilvania\/"},{"@type":"ListItem","position":4,"name":"Abogado de delitos contra la propiedad en Pensilvania"}]},{"@type":"WebSite","@id":"https:\/\/kitaylegal.com\/es\/#website","url":"https:\/\/kitaylegal.com\/es\/","name":"Kitay Law Offices - Personal Injury, Workers' Compensation, and Criminal Defense Lawyer in Pennsylvania","description":"Specializing in Personal Injury, Workers&#039; Compensation, Criminal Defense, DUI Law, and Toxic Torts.","alternateName":"Kitay Law Offices - Personal Injury Lawyer in PA","potentialAction":[{"@type":"SearchAction","target":{"@type":"EntryPoint","urlTemplate":"https:\/\/kitaylegal.com\/es\/?s={search_term_string}"},"query-input":{"@type":"PropertyValueSpecification","valueRequired":true,"valueName":"search_term_string"}}],"inLanguage":"es"}]}},"_links":{"self":[{"href":"https:\/\/kitaylegal.com\/es\/wp-json\/wp\/v2\/pages\/9045","targetHints":{"allow":["GET"]}}],"collection":[{"href":"https:\/\/kitaylegal.com\/es\/wp-json\/wp\/v2\/pages"}],"about":[{"href":"https:\/\/kitaylegal.com\/es\/wp-json\/wp\/v2\/types\/page"}],"author":[{"embeddable":true,"href":"https:\/\/kitaylegal.com\/es\/wp-json\/wp\/v2\/users\/2"}],"replies":[{"embeddable":true,"href":"https:\/\/kitaylegal.com\/es\/wp-json\/wp\/v2\/comments?post=9045"}],"version-history":[{"count":3,"href":"https:\/\/kitaylegal.com\/es\/wp-json\/wp\/v2\/pages\/9045\/revisions"}],"predecessor-version":[{"id":9432,"href":"https:\/\/kitaylegal.com\/es\/wp-json\/wp\/v2\/pages\/9045\/revisions\/9432"}],"up":[{"embeddable":true,"href":"https:\/\/kitaylegal.com\/es\/wp-json\/wp\/v2\/pages\/9038"}],"wp:attachment":[{"href":"https:\/\/kitaylegal.com\/es\/wp-json\/wp\/v2\/media?parent=9045"}],"curies":[{"name":"wp","href":"https:\/\/api.w.org\/{rel}","templated":true}]}}