{"id":9043,"date":"2020-06-01T13:43:19","date_gmt":"2020-06-01T17:43:19","guid":{"rendered":"https:\/\/kitaylegal.com\/areas-de-practica\/abogado-penalista-en-pensilvania\/abogado-de-agresion-agravada-en-pennsylvania\/"},"modified":"2023-01-01T16:23:31","modified_gmt":"2023-01-01T20:23:31","slug":"abogado-de-asalto-agravado-en-pensilvania","status":"publish","type":"page","link":"https:\/\/kitaylegal.com\/es\/areas-de-practica\/abogado-de-defensa-criminal-en-pensilvania\/abogado-de-asalto-agravado-en-pensilvania\/","title":{"rendered":"Abogado de asalto agravado en Pensilvania"},"content":{"rendered":"<h2>Un abogado de agresi\u00f3n agravada puede proteger sus derechos<\/h2>\n<p>Un\u00a0abogado con\u00a0experiencia en\u00a0<strong>casos de agresi\u00f3n agravada\u00a0<\/strong>puede ayudarlo a mantener su vida en orden.\u00a0Esto es importante porque una condena por agresi\u00f3n agravada podr\u00eda arruinar su vida.\u00a0Es importante destacar que podr\u00eda resultar en que usted pase a\u00f1os en prisi\u00f3n y pague una multa muy grande.\u00a0Muchos factores de su caso determinar\u00e1n el resultado.\u00a0Esto incluye c\u00f3mo, cu\u00e1ndo y por qu\u00e9 ocurri\u00f3 la agresi\u00f3n, as\u00ed como las opiniones del juez y el fiscal asignados a su caso.<\/p>\n<h2>Contrate un abogado con experiencia en casos de agresi\u00f3n agravada<\/h2>\n<p>Cualquier persona que se enfrente a un\u00a0cargo de\u00a0<strong>agresi\u00f3n agravada\u00a0<\/strong>debe hablar con un abogado con experiencia.\u00a0Aqu\u00ed, en las Oficinas Legales Kitay , llevamos m\u00e1s de 25 a\u00f1os en pr\u00e1ctica.\u00a0Por eso, conocemos a los jueces y fiscales locales.\u00a0Como resultado, podemos explicar c\u00f3mo es probable que procesen su caso de agresi\u00f3n.\u00a0Lucharemos para conseguirle el mejor resultado posible.\u00a0Es importante destacar que esto puede incluir obtener el despido, la absoluci\u00f3n o la pena de c\u00e1rcel m\u00e1s corta posible.<\/p>\n<h2>Dos tipos diferentes de cargos por agresi\u00f3n<\/h2>\n<p>Existen dos tipos diferentes de cargos por agresi\u00f3n en Pensilvania:\u00a0agresi\u00f3n agravada\u00a0y agresi\u00f3n simple.\u00a0<strong>La agresi\u00f3n o asalto simple<\/strong>\u00a0es un delito menor de segundo grado con una multa y una pena de c\u00e1rcel de hasta 2 a\u00f1os.<\/p>\n<p><strong>El asalto agravado <\/strong>es mucho m\u00e1s serio que el asalto o agresi\u00f3n simple (ver:\u00a0este enlace ).\u00a0Este delito tiene una clasificaci\u00f3n de delito grave de primer o segundo grado.\u00a0Todo depende de los detalles del caso.\u00a0Seg\u00fan la ley, la agresi\u00f3n agravada es un intento de causar, a sabiendas o imprudentemente, lesiones corporales graves a otra persona.\u00a0Para ganar el caso, el fiscal debe probar que el acusado se comport\u00f3 con intenci\u00f3n.\u00a0El fiscal tambi\u00e9n debe demostrar que el acusado sab\u00eda lo que estaba haciendo.<\/p>\n<h2>Presentar un caso de agresi\u00f3n agravada<\/h2>\n<div id=\"attachment_8781\" style=\"width: 447px\" class=\"wp-caption alignright\"><img decoding=\"async\" aria-describedby=\"caption-attachment-8781\" class=\"wp-image-7649\" title=\"Abogados de Asalto Agravado en Reading en Kitay Law Offices\" src=\"https:\/\/kitaylegal.com\/wp-content\/uploads\/2020\/04\/shutterstock_647095789-e1586460261746.jpg\" alt=\"Abogados de Asalto Agravado en Reading en Kitay Law Offices\" width=\"437\" height=\"327\" \/><p id=\"caption-attachment-8781\" class=\"wp-caption-text\">Comun\u00edquese con los abogados de asalto agravado en las oficinas legales Kitay<\/p><\/div>\n<p>El fiscal intentar\u00e1 probar que el acusado actu\u00f3 a sabiendas o imprudentemente.\u00a0Adem\u00e1s, el fiscal intentar\u00e1 demostrar que sus acciones causaron da\u00f1os corporales graves a otra persona que resultaron en una lesi\u00f3n.\u00a0La lesi\u00f3n puede resultar en una p\u00e9rdida permanente, deterioro, desfiguraci\u00f3n o incluso causar un riesgo de muerte.\u00a0Adem\u00e1s, si el altercado incluye el uso de un arma mortal, como una pistola o un cuchillo, es muy\u00a0probable que el\u00a0<strong>asalto agravado\u00a0<\/strong>se considere un delito grave.<\/p>\n<p>Adem\u00e1s, si el incidente involucra a un empleado o funcionario p\u00fablico, el cargo aumenta de Simple a Agravado.\u00a0M\u00e1s sobre este tema a continuaci\u00f3n en la secci\u00f3n de Preguntas frecuentes de esta p\u00e1gina.<\/p>\n<p>Por \u00faltimo, usted puede ser acusado de agresi\u00f3n agravada incluso si en realidad no causa lesiones graves a otra persona.\u00a0Puede ser suficiente para mantener la carga si intent\u00f3 causar da\u00f1o, pero no tuvo \u00e9xito.<\/p>\n<h2>Comun\u00edquese con las Oficinas Legales Kitay<\/h2>\n<p>Estos cargos son muy graves.\u00a0Una condena puede significar a\u00f1os y a\u00f1os de prisi\u00f3n.\u00a0Construir una defensa s\u00f3lida es lo mejor que se puede hacer.\u00a0Por lo tanto, es importante comprender sus derechos y conocer sus opciones.\u00a0Puede comunicarse con un\u00a0<strong>abogado de defensa criminal<\/strong>\u00a0en las\u00a0Oficinas Legales Kitay \u00a0hoy para obtener m\u00e1s informaci\u00f3n llamando al 888-KITAYLAW.<\/p>\n<h2>Preguntas frecuentes<\/h2>\n<h4>\u00bfPor qu\u00e9 es un asalto agravado cuando ciertos funcionarios p\u00fablicos y oficiales est\u00e1n involucrados?<\/h4>\n<p>Pensilvania eleva los cargos contra funcionarios y empleados p\u00fablicos espec\u00edficos de agresiones simples a agravadas, por las siguientes razones:<\/p>\n<ul>\n<li>Intencionalmente, a sabiendas o imprudentemente causar lesiones corporales graves o menores, mientras el funcionario o empleado p\u00fablico (v\u00edctima) est\u00e1 en el trabajo;<\/li>\n<li>Intentar causar lesiones corporales graves o menores, mientras el funcionario o empleado p\u00fablico (v\u00edctima) est\u00e1 en el trabajo;<\/li>\n<li>Intentar infundir miedo en un funcionario o empleado p\u00fablico amenazando con causarle da\u00f1o f\u00edsico;\u00a0o<\/li>\n<li>Usar gas o un dispositivo como un TASER, contra un funcionario o empleado p\u00fablico.<\/li>\n<\/ul>\n<p>Los funcionarios y empleados p\u00fablicos que tienen protecci\u00f3n bajo la ley de Pensilvania incluyen:<\/p>\n<ul>\n<li>Maestros, empleados y miembros de la junta de escuelas p\u00fablicas y privadas<\/li>\n<li>Agentes del orden, agentes de polic\u00eda y alguaciles<\/li>\n<li>Detectives privados<\/li>\n<li>Empleados de servicios m\u00e9dicos de emergencia y bomberos<\/li>\n<li>Jueces, fiscales de distrito, defensores p\u00fablicos, oficiales de libertad condicional y correccionales<\/li>\n<li>Empleados de la agencia de servicios para ni\u00f1os del condado<\/li>\n<li>Empleados de servicios p\u00fablicos<\/li>\n<li>Funcionarios estatales y legisladores<\/li>\n<\/ul>\n<h4>\u00bfC\u00f3mo define la ley de Pensilvania las lesiones corporales?<\/h4>\n<p>La definici\u00f3n del t\u00e9rmino\u00a0<em>lesi\u00f3n corporal grave\u00a0<\/em>es muy complicada.\u00a0Una persona debe tener simplemente la intenci\u00f3n de causar lesiones corporales graves para ser acusada de\u00a0<strong>agresi\u00f3n agravada\u00a0<\/strong>.<\/p>\n<p>De acuerdo con\u00a0<strong>la ley de Pensilvania<\/strong><strong>\u00a0, <\/strong>una<strong>\u00a0<\/strong><em>lesi\u00f3n corporal\u00a0<\/em>es\u00a0<em>el deterioro de la condici\u00f3n f\u00edsica o el dolor sustancial\u00a0<\/em>.\u00a0Adem\u00e1s, el t\u00e9rmino\u00a0<strong><em>lesi\u00f3n corporal grave<\/em><\/strong>\u00a0indica que la lesi\u00f3n crea un riesgo sustancial de muerte.\u00a0Adem\u00e1s,\u00a0<em>las lesiones corporales graves\u00a0<\/em>incluyen desfiguraci\u00f3n permanente grave o p\u00e9rdida o deterioro a largo plazo de cualquier parte u \u00f3rgano del cuerpo.<\/p>\n<h4>\u00bfCu\u00e1l es el castigo si me acusan?<\/h4>\n<p><strong>Asalto agravado\u00a0<\/strong>y sin lesiones corporales graves es un delito de 2\u00ba grado.\u00a0El castigo puede incluir hasta 10 a\u00f1os de prisi\u00f3n y una multa de hasta $ 25,000.<\/p>\n<p>Sin embargo, el asalto agravado es un delito grave de primer grado si el acusado causa lesiones corporales graves o intenta causar lesiones corporales graves.\u00a0El castigo incluye hasta 20 a\u00f1os de prisi\u00f3n y una multa de hasta $ 25,000.<\/p>\n<h4>\u00bfCon qu\u00e9 frecuencia ocurre el asalto agravado en Pensilvania?<\/h4>\n<p>Desafortunadamente, el asalto agravado ocurre con relativa frecuencia en Pensilvania.\u00a0De hecho, Pensilvania ha tenido\u00a0<strong>m\u00e1s de 300<\/strong>\u00a0asesinatos, violaciones, robos y agresiones agravadas por cada 1.000 personas cada a\u00f1o desde 1990.\u00a0En general, Pensilvania ha tenido\u00a0<strong>m\u00e1s de 20.000 agresiones agravadas<\/strong>\u00a0cada a\u00f1o desde 1986.\u00a0Recientemente, la tasa de agresiones agravadas en Pensilvania en 2018\u00a0<strong>aument\u00f3 un 3,22% con<\/strong>\u00a0respecto a 2017.<\/p>\n","protected":false},"excerpt":{"rendered":"<p>Un abogado de agresi\u00f3n agravada puede proteger sus derechos Un\u00a0abogado con\u00a0experiencia en\u00a0casos de agresi\u00f3n agravada\u00a0puede ayudarlo a mantener su vida en orden.\u00a0Esto es importante porque una condena por agresi\u00f3n agravada podr\u00eda arruinar su vida.\u00a0Es importante destacar que podr\u00eda resultar en que usted pase a\u00f1os en prisi\u00f3n y pague una multa muy grande.\u00a0Muchos factores de su&#8230; <\/p>\n<div class=\"clear\"><\/div>\n<p><a href=\"https:\/\/kitaylegal.com\/es\/areas-de-practica\/abogado-de-defensa-criminal-en-pensilvania\/abogado-de-asalto-agravado-en-pensilvania\/\" class=\"excerpt-read-more\">Read More<\/a><\/p>\n","protected":false},"author":2,"featured_media":0,"parent":9038,"menu_order":0,"comment_status":"closed","ping_status":"closed","template":"template-practice-sp.php","meta":{"_acf_changed":false,"footnotes":""},"class_list":["post-9043","page","type-page","status-publish","hentry"],"acf":[],"yoast_head":"<!-- This site is optimized with the Yoast SEO Premium plugin v27.3 (Yoast SEO v27.3) - https:\/\/yoast.com\/product\/yoast-seo-premium-wordpress\/ -->\n<title>Abogado de asalto agravado en Pensilvania - Kitay Law Offices - Experienced Attorneys in PA &amp; NJ<\/title>\n<meta name=\"robots\" content=\"index, follow, max-snippet:-1, max-image-preview:large, max-video-preview:-1\" \/>\n<link rel=\"canonical\" href=\"https:\/\/kitaylegal.com\/es\/areas-de-practica\/abogado-de-defensa-criminal-en-pensilvania\/abogado-de-asalto-agravado-en-pensilvania\/\" \/>\n<meta property=\"og:locale\" content=\"es_ES\" \/>\n<meta property=\"og:type\" content=\"article\" \/>\n<meta property=\"og:title\" content=\"Abogado de asalto agravado en Pensilvania\" \/>\n<meta property=\"og:description\" content=\"Un abogado de agresi\u00f3n agravada puede proteger sus derechos Un\u00a0abogado con\u00a0experiencia en\u00a0casos de agresi\u00f3n agravada\u00a0puede ayudarlo a mantener su vida en orden.\u00a0Esto es importante porque una condena por agresi\u00f3n agravada podr\u00eda arruinar su vida.\u00a0Es importante destacar que podr\u00eda resultar en que usted pase a\u00f1os en prisi\u00f3n y pague una multa muy grande.\u00a0Muchos factores de su... Read More\" \/>\n<meta property=\"og:url\" content=\"https:\/\/kitaylegal.com\/es\/areas-de-practica\/abogado-de-defensa-criminal-en-pensilvania\/abogado-de-asalto-agravado-en-pensilvania\/\" \/>\n<meta property=\"og:site_name\" content=\"Kitay Law Offices - Experienced Attorneys in PA &amp; NJ\" \/>\n<meta property=\"article:modified_time\" content=\"2023-01-01T20:23:31+00:00\" \/>\n<meta property=\"og:image\" content=\"https:\/\/kitaylegal.com\/wp-content\/uploads\/2020\/04\/shutterstock_647095789-e1586460261746.jpg\" \/>\n<meta name=\"twitter:card\" content=\"summary_large_image\" \/>\n<meta name=\"twitter:label1\" content=\"Tiempo de lectura\" \/>\n\t<meta name=\"twitter:data1\" content=\"5 minutos\" \/>\n<script type=\"application\/ld+json\" class=\"yoast-schema-graph\">{\"@context\":\"https:\\\/\\\/schema.org\",\"@graph\":[{\"@type\":\"WebPage\",\"@id\":\"https:\\\/\\\/kitaylegal.com\\\/es\\\/areas-de-practica\\\/abogado-de-defensa-criminal-en-pensilvania\\\/abogado-de-asalto-agravado-en-pensilvania\\\/\",\"url\":\"https:\\\/\\\/kitaylegal.com\\\/es\\\/areas-de-practica\\\/abogado-de-defensa-criminal-en-pensilvania\\\/abogado-de-asalto-agravado-en-pensilvania\\\/\",\"name\":\"Abogado de asalto agravado en Pensilvania - Kitay Law Offices - Experienced Attorneys in PA &amp; NJ\",\"isPartOf\":{\"@id\":\"https:\\\/\\\/kitaylegal.com\\\/es\\\/#website\"},\"primaryImageOfPage\":{\"@id\":\"https:\\\/\\\/kitaylegal.com\\\/es\\\/areas-de-practica\\\/abogado-de-defensa-criminal-en-pensilvania\\\/abogado-de-asalto-agravado-en-pensilvania\\\/#primaryimage\"},\"image\":{\"@id\":\"https:\\\/\\\/kitaylegal.com\\\/es\\\/areas-de-practica\\\/abogado-de-defensa-criminal-en-pensilvania\\\/abogado-de-asalto-agravado-en-pensilvania\\\/#primaryimage\"},\"thumbnailUrl\":\"https:\\\/\\\/kitaylegal.com\\\/wp-content\\\/uploads\\\/2020\\\/04\\\/shutterstock_647095789-e1586460261746.jpg\",\"datePublished\":\"2020-06-01T17:43:19+00:00\",\"dateModified\":\"2023-01-01T20:23:31+00:00\",\"breadcrumb\":{\"@id\":\"https:\\\/\\\/kitaylegal.com\\\/es\\\/areas-de-practica\\\/abogado-de-defensa-criminal-en-pensilvania\\\/abogado-de-asalto-agravado-en-pensilvania\\\/#breadcrumb\"},\"inLanguage\":\"es\",\"potentialAction\":[{\"@type\":\"ReadAction\",\"target\":[\"https:\\\/\\\/kitaylegal.com\\\/es\\\/areas-de-practica\\\/abogado-de-defensa-criminal-en-pensilvania\\\/abogado-de-asalto-agravado-en-pensilvania\\\/\"]}]},{\"@type\":\"ImageObject\",\"inLanguage\":\"es\",\"@id\":\"https:\\\/\\\/kitaylegal.com\\\/es\\\/areas-de-practica\\\/abogado-de-defensa-criminal-en-pensilvania\\\/abogado-de-asalto-agravado-en-pensilvania\\\/#primaryimage\",\"url\":\"https:\\\/\\\/kitaylegal.com\\\/wp-content\\\/uploads\\\/2020\\\/04\\\/shutterstock_647095789-e1586460261746.jpg\",\"contentUrl\":\"https:\\\/\\\/kitaylegal.com\\\/wp-content\\\/uploads\\\/2020\\\/04\\\/shutterstock_647095789-e1586460261746.jpg\"},{\"@type\":\"BreadcrumbList\",\"@id\":\"https:\\\/\\\/kitaylegal.com\\\/es\\\/areas-de-practica\\\/abogado-de-defensa-criminal-en-pensilvania\\\/abogado-de-asalto-agravado-en-pensilvania\\\/#breadcrumb\",\"itemListElement\":[{\"@type\":\"ListItem\",\"position\":1,\"name\":\"Home\",\"item\":\"https:\\\/\\\/kitaylegal.com\\\/es\\\/\"},{\"@type\":\"ListItem\",\"position\":2,\"name\":\"Areas de Pr\u00e1ctica &#8211; Vista General\",\"item\":\"https:\\\/\\\/kitaylegal.com\\\/es\\\/areas-de-practica\\\/\"},{\"@type\":\"ListItem\",\"position\":3,\"name\":\"Abogado de defensa criminal en Pensilvania\",\"item\":\"https:\\\/\\\/kitaylegal.com\\\/es\\\/areas-de-practica\\\/abogado-de-defensa-criminal-en-pensilvania\\\/\"},{\"@type\":\"ListItem\",\"position\":4,\"name\":\"Abogado de asalto agravado en Pensilvania\"}]},{\"@type\":\"WebSite\",\"@id\":\"https:\\\/\\\/kitaylegal.com\\\/es\\\/#website\",\"url\":\"https:\\\/\\\/kitaylegal.com\\\/es\\\/\",\"name\":\"Kitay Law Offices - Personal Injury, Workers' Compensation, and Criminal Defense Lawyer in Pennsylvania\",\"description\":\"Specializing in Personal Injury, Workers&#039; Compensation, Criminal Defense, DUI Law, and Toxic Torts.\",\"alternateName\":\"Kitay Law Offices - Personal Injury Lawyer in PA\",\"potentialAction\":[{\"@type\":\"SearchAction\",\"target\":{\"@type\":\"EntryPoint\",\"urlTemplate\":\"https:\\\/\\\/kitaylegal.com\\\/es\\\/?s={search_term_string}\"},\"query-input\":{\"@type\":\"PropertyValueSpecification\",\"valueRequired\":true,\"valueName\":\"search_term_string\"}}],\"inLanguage\":\"es\"}]}<\/script>\n<!-- \/ Yoast SEO Premium plugin. -->","yoast_head_json":{"title":"Abogado de asalto agravado en Pensilvania - Kitay Law Offices - Experienced Attorneys in PA &amp; NJ","robots":{"index":"index","follow":"follow","max-snippet":"max-snippet:-1","max-image-preview":"max-image-preview:large","max-video-preview":"max-video-preview:-1"},"canonical":"https:\/\/kitaylegal.com\/es\/areas-de-practica\/abogado-de-defensa-criminal-en-pensilvania\/abogado-de-asalto-agravado-en-pensilvania\/","og_locale":"es_ES","og_type":"article","og_title":"Abogado de asalto agravado en Pensilvania","og_description":"Un abogado de agresi\u00f3n agravada puede proteger sus derechos Un\u00a0abogado con\u00a0experiencia en\u00a0casos de agresi\u00f3n agravada\u00a0puede ayudarlo a mantener su vida en orden.\u00a0Esto es importante porque una condena por agresi\u00f3n agravada podr\u00eda arruinar su vida.\u00a0Es importante destacar que podr\u00eda resultar en que usted pase a\u00f1os en prisi\u00f3n y pague una multa muy grande.\u00a0Muchos factores de su... Read More","og_url":"https:\/\/kitaylegal.com\/es\/areas-de-practica\/abogado-de-defensa-criminal-en-pensilvania\/abogado-de-asalto-agravado-en-pensilvania\/","og_site_name":"Kitay Law Offices - Experienced Attorneys in PA &amp; NJ","article_modified_time":"2023-01-01T20:23:31+00:00","og_image":[{"url":"https:\/\/kitaylegal.com\/wp-content\/uploads\/2020\/04\/shutterstock_647095789-e1586460261746.jpg","type":"","width":"","height":""}],"twitter_card":"summary_large_image","twitter_misc":{"Tiempo de lectura":"5 minutos"},"schema":{"@context":"https:\/\/schema.org","@graph":[{"@type":"WebPage","@id":"https:\/\/kitaylegal.com\/es\/areas-de-practica\/abogado-de-defensa-criminal-en-pensilvania\/abogado-de-asalto-agravado-en-pensilvania\/","url":"https:\/\/kitaylegal.com\/es\/areas-de-practica\/abogado-de-defensa-criminal-en-pensilvania\/abogado-de-asalto-agravado-en-pensilvania\/","name":"Abogado de asalto agravado en Pensilvania - Kitay Law Offices - Experienced Attorneys in PA &amp; NJ","isPartOf":{"@id":"https:\/\/kitaylegal.com\/es\/#website"},"primaryImageOfPage":{"@id":"https:\/\/kitaylegal.com\/es\/areas-de-practica\/abogado-de-defensa-criminal-en-pensilvania\/abogado-de-asalto-agravado-en-pensilvania\/#primaryimage"},"image":{"@id":"https:\/\/kitaylegal.com\/es\/areas-de-practica\/abogado-de-defensa-criminal-en-pensilvania\/abogado-de-asalto-agravado-en-pensilvania\/#primaryimage"},"thumbnailUrl":"https:\/\/kitaylegal.com\/wp-content\/uploads\/2020\/04\/shutterstock_647095789-e1586460261746.jpg","datePublished":"2020-06-01T17:43:19+00:00","dateModified":"2023-01-01T20:23:31+00:00","breadcrumb":{"@id":"https:\/\/kitaylegal.com\/es\/areas-de-practica\/abogado-de-defensa-criminal-en-pensilvania\/abogado-de-asalto-agravado-en-pensilvania\/#breadcrumb"},"inLanguage":"es","potentialAction":[{"@type":"ReadAction","target":["https:\/\/kitaylegal.com\/es\/areas-de-practica\/abogado-de-defensa-criminal-en-pensilvania\/abogado-de-asalto-agravado-en-pensilvania\/"]}]},{"@type":"ImageObject","inLanguage":"es","@id":"https:\/\/kitaylegal.com\/es\/areas-de-practica\/abogado-de-defensa-criminal-en-pensilvania\/abogado-de-asalto-agravado-en-pensilvania\/#primaryimage","url":"https:\/\/kitaylegal.com\/wp-content\/uploads\/2020\/04\/shutterstock_647095789-e1586460261746.jpg","contentUrl":"https:\/\/kitaylegal.com\/wp-content\/uploads\/2020\/04\/shutterstock_647095789-e1586460261746.jpg"},{"@type":"BreadcrumbList","@id":"https:\/\/kitaylegal.com\/es\/areas-de-practica\/abogado-de-defensa-criminal-en-pensilvania\/abogado-de-asalto-agravado-en-pensilvania\/#breadcrumb","itemListElement":[{"@type":"ListItem","position":1,"name":"Home","item":"https:\/\/kitaylegal.com\/es\/"},{"@type":"ListItem","position":2,"name":"Areas de Pr\u00e1ctica &#8211; Vista General","item":"https:\/\/kitaylegal.com\/es\/areas-de-practica\/"},{"@type":"ListItem","position":3,"name":"Abogado de defensa criminal en Pensilvania","item":"https:\/\/kitaylegal.com\/es\/areas-de-practica\/abogado-de-defensa-criminal-en-pensilvania\/"},{"@type":"ListItem","position":4,"name":"Abogado de asalto agravado en Pensilvania"}]},{"@type":"WebSite","@id":"https:\/\/kitaylegal.com\/es\/#website","url":"https:\/\/kitaylegal.com\/es\/","name":"Kitay Law Offices - Personal Injury, Workers' Compensation, and Criminal Defense Lawyer in Pennsylvania","description":"Specializing in Personal Injury, Workers&#039; Compensation, Criminal Defense, DUI Law, and Toxic Torts.","alternateName":"Kitay Law Offices - Personal Injury Lawyer in PA","potentialAction":[{"@type":"SearchAction","target":{"@type":"EntryPoint","urlTemplate":"https:\/\/kitaylegal.com\/es\/?s={search_term_string}"},"query-input":{"@type":"PropertyValueSpecification","valueRequired":true,"valueName":"search_term_string"}}],"inLanguage":"es"}]}},"_links":{"self":[{"href":"https:\/\/kitaylegal.com\/es\/wp-json\/wp\/v2\/pages\/9043","targetHints":{"allow":["GET"]}}],"collection":[{"href":"https:\/\/kitaylegal.com\/es\/wp-json\/wp\/v2\/pages"}],"about":[{"href":"https:\/\/kitaylegal.com\/es\/wp-json\/wp\/v2\/types\/page"}],"author":[{"embeddable":true,"href":"https:\/\/kitaylegal.com\/es\/wp-json\/wp\/v2\/users\/2"}],"replies":[{"embeddable":true,"href":"https:\/\/kitaylegal.com\/es\/wp-json\/wp\/v2\/comments?post=9043"}],"version-history":[{"count":3,"href":"https:\/\/kitaylegal.com\/es\/wp-json\/wp\/v2\/pages\/9043\/revisions"}],"predecessor-version":[{"id":9424,"href":"https:\/\/kitaylegal.com\/es\/wp-json\/wp\/v2\/pages\/9043\/revisions\/9424"}],"up":[{"embeddable":true,"href":"https:\/\/kitaylegal.com\/es\/wp-json\/wp\/v2\/pages\/9038"}],"wp:attachment":[{"href":"https:\/\/kitaylegal.com\/es\/wp-json\/wp\/v2\/media?parent=9043"}],"curies":[{"name":"wp","href":"https:\/\/api.w.org\/{rel}","templated":true}]}}