{"id":9041,"date":"2020-06-10T16:32:29","date_gmt":"2020-06-10T20:32:29","guid":{"rendered":"https:\/\/kitaylegal.com\/areas-de-practica\/abogado-penalista-en-pensilvania\/robo-y-allanamiento-de-morada-penal-abogado-en-pennsylvania\/"},"modified":"2023-01-01T16:40:51","modified_gmt":"2023-01-01T20:40:51","slug":"abogado-de-robo-y-allanamiento-de-morada-en-pensilvania","status":"publish","type":"page","link":"https:\/\/kitaylegal.com\/es\/areas-de-practica\/abogado-de-defensa-criminal-en-pensilvania\/abogado-de-robo-y-allanamiento-de-morada-en-pensilvania\/","title":{"rendered":"Abogado de robo y allanamiento de morada en Pensilvania"},"content":{"rendered":"<h2>El robo y la entrada ilegal son delitos graves en Pensilvania.<\/h2>\n<h3>Contratar a un abogado de robo y allanamiento de morada puede ser \u00fatil si ha sido acusado.<\/h3>\n<p>\u00bfSe enfrenta a cargos penales por\u00a0<strong>robo o allanamiento de morada\u00a0<\/strong>?\u00a0Los abogados de las Oficinas Legales Kitay \u00a0pueden ayudarlo a preparar una defensa s\u00f3lida.\u00a0Primero, aseg\u00farese de comprender la siguiente informaci\u00f3n sobre robos y allanamiento de morada.\u00a0Esto le ayudar\u00e1 a comprender los conceptos b\u00e1sicos antes de hablar con un abogado de robo y allanamiento de morada.<\/p>\n<h2>\u00bfQu\u00e9 es un robo en Pensilvania?<\/h2>\n<p>Seg\u00fan\u00a0<strong>la ley de Pensilvania<\/strong>, el robo consiste en ingresar a un edificio con la intenci\u00f3n de cometer un delito.\u00a0Esto es ilegal<\/p>\n<p><strong>El robo\u00a0<\/strong>es un delito grave en todo Pensilvania.\u00a0El grado del delito grave depende de las circunstancias del delito.\u00a0El objetivo del fiscal es obtener una condena por robo.\u00a0Sin embargo, el fiscal debe probar, m\u00e1s all\u00e1 de una duda razonable, que el acusado hizo las dos cosas siguientes:<\/p>\n<ul>\n<li>No ten\u00eda permiso para entrar a una propiedad privada<\/li>\n<li>Lo hizo con la intenci\u00f3n de cometer un delito mientras estaba dentro<\/li>\n<\/ul>\n<h2>Intenci\u00f3n de cometer un delito<\/h2>\n<p>Demostrar que un acusado entr\u00f3 al edificio con la\u00a0<em>intenci\u00f3n\u00a0<\/em>de cometer un delito es una parte importante del caso de un fiscal.\u00a0Sin embargo, no es necesario que se haya cometido un delito para que se mantenga un veredicto de culpabilidad.\u00a0Solo es necesario demostrar que existe la intenci\u00f3n de cometer el delito para lograr una\u00a0condena\u00a0por\u00a0<strong>robo\u00a0<\/strong>.\u00a0Es por eso que siempre debe hablar con un\u00a0<strong>abogado de robo y allanamiento de morada\u00a0<\/strong>para revisar los hechos de su caso.<\/p>\n<h2>Invasi\u00f3n criminal<\/h2>\n<p>A diferencia del robo, con\u00a0<strong>la entrada ilegal<\/strong>\u00a0el acusado debe entrar a sabiendas en una propiedad privada sin el permiso o la autoridad.\u00a0Una propiedad privada para este cargo no es simplemente un edificio o estructura abierta al p\u00fablico, como un centro comercial.\u00a0Para asegurar un cargo de allanamiento de morada, el fiscal debe probar que el acusado desobedeci\u00f3 las se\u00f1ales de advertencia de entrada sin permiso.\u00a0\u00a0Sin embargo, las se\u00f1ales de advertencia deben colocarse claramente.\u00a0Es decir, las se\u00f1ales de advertencia no est\u00e1n obstruidas por \u00e1rboles o suciedad.\u00a0Por lo tanto, ignorar un letrero de no entrada ilegal, mentir sobre qui\u00e9n es usted o romper una puerta cerrada con llave respaldar\u00eda un cargo de entrada ilegal.<\/p>\n<h2>Las categor\u00edas de allanamiento con sanciones que incluyen multa, tiempo en la c\u00e1rcel o ambos son:<\/h2>\n<ul>\n<li><strong>Traspaso desafiante\u00a0<\/strong>: esto es cuando una persona ingresa a la propiedad a pesar de que hab\u00eda un aviso en contra de hacerlo.<\/li>\n<li><strong>Traspaso simple\u00a0<\/strong>: cuando una persona entra a sabiendas en una propiedad privada con la intenci\u00f3n de molestar al propietario o causar alg\u00fan da\u00f1o a las instalaciones.\u00a0El da\u00f1o no es tan severo como un robo.<\/li>\n<li><strong>Invasi\u00f3n agr\u00edcola\u00a0<\/strong>: Invasi\u00f3n en tierras utilizadas como propiedad privada<\/li>\n<li><strong>Bioseguridad agr\u00edcola\u00a0<\/strong>: Invasi\u00f3n en \u00e1reas de bioseguridad agr\u00edcola: Las \u00e1reas de bioseguridad son lugares para el manejo de amenazas biol\u00f3gicas.\u00a0Estas amenazas pueden provenir de organismos extra\u00f1os o generalizados, enfermedades pand\u00e9micas y bioterrorismo.<\/li>\n<\/ul>\n<div id=\"attachment_8775\" style=\"width: 394px\" class=\"wp-caption alignright\"><img decoding=\"async\" aria-describedby=\"caption-attachment-8775\" class=\"wp-image-7643\" src=\"https:\/\/kitaylegal.com\/wp-content\/uploads\/2020\/04\/shutterstock_647097295.jpg\" alt=\"Robo y allanamiento de morada Abogados\" width=\"384\" height=\"288\" srcset=\"https:\/\/kitaylegal.com\/wp-content\/uploads\/2020\/04\/shutterstock_647097295.jpg 5000w, https:\/\/kitaylegal.com\/wp-content\/uploads\/2020\/04\/shutterstock_647097295-300x225.jpg 300w, https:\/\/kitaylegal.com\/wp-content\/uploads\/2020\/04\/shutterstock_647097295-1024x768.jpg 1024w, https:\/\/kitaylegal.com\/wp-content\/uploads\/2020\/04\/shutterstock_647097295-768x576.jpg 768w, https:\/\/kitaylegal.com\/wp-content\/uploads\/2020\/04\/shutterstock_647097295-1536x1152.jpg 1536w, https:\/\/kitaylegal.com\/wp-content\/uploads\/2020\/04\/shutterstock_647097295-2048x1536.jpg 2048w, https:\/\/kitaylegal.com\/wp-content\/uploads\/2020\/04\/shutterstock_647097295-400x300.jpg 400w\" sizes=\"(max-width: 384px) 100vw, 384px\" \/><p id=\"caption-attachment-8775\" class=\"wp-caption-text\">Construya una s\u00f3lida defensa de cargos por robo con las oficinas legales Kitay<\/p><\/div>\n<h2>Comun\u00edquese con un abogado de robo y allanamiento de morada en las oficinas legales Kitay<\/h2>\n<p>Si enfrenta un cargo de robo o allanamiento de morada, puede comunicarse con un\u00a0<strong>abogado de defensa criminal<\/strong>\u00a0en las Oficinas Legales Kitay hoy mismo llamando al 888-KITAYLAW.\u00a0Revisaremos los hechos espec\u00edficos de su situaci\u00f3n y le asesoraremos sobre c\u00f3mo podemos crear la mejor defensa para su caso.\u00a0Adem\u00e1s, nos aseguraremos de que se asigne a su caso un abogado de robo y allanamiento de morada.<\/p>\n<h2>Preguntas frecuentes<\/h2>\n<h4>\u00bfC\u00f3mo puede un abogado de robo y allanamiento de morada ayudarme a vencer los cargos de robo y allanamiento de morada?<\/h4>\n<p>Para empezar, su abogado le har\u00e1 muchas preguntas.\u00a0Un equipo legal debe realizar una gran investigaci\u00f3n sobre el\u00a0cargo de\u00a0<strong>robo.<\/strong>\u00a0Por ejemplo, ser\u00e1 necesario determinar lo siguiente:<\/p>\n<ul>\n<li>\u00bfEstaba abandonado el edificio o la estructura en el momento del delito?<\/li>\n<li>\u00bfEl local estaba abierto al p\u00fablico?<\/li>\n<li>\u00bfTen\u00eda el acusado licencia o privilegio para entrar a la propiedad?<\/li>\n<\/ul>\n<h4>\u00bfQu\u00e9 se incluye con un cargo de entrada ilegal?<\/h4>\n<p>Alguien puede recibir un cargo de entrada ilegal si a sabiendas:<\/p>\n<ul>\n<li>No tiene autorizaci\u00f3n para entrar o permanecer en una estructura<\/li>\n<li>Entrar en una estructura a trav\u00e9s de una estafa o fraude<\/li>\n<li>Entrar en cualquier edificio o estructura ocupada<\/li>\n<li>Ir al terreno de otra persona para cometer un delito<\/li>\n<\/ul>\n<p>Dependiendo de los hechos de un caso, los cargos podr\u00edan ser un delito sumario, un delito menor o un delito grave contra la propiedad.<\/p>\n<h4>\u00bfQu\u00e9 incluye un cargo de traspaso desafiante?<\/h4>\n<p>Traspaso desafiante significa que alguien a sabiendas no ten\u00eda permiso para entrar o permanecer en un lugar donde hay un letrero de \u201cProhibida la Entrada\u201d o una comunicaci\u00f3n real de otra persona que dice \u00ab\u00a1Alto!\u00bb\u00a0Traspaso desafiante puede ser un delito sumario, un delito menor de tercer grado o un delito menor de primer grado contra la propiedad.\u00a0Un abogado de robo y allanamiento de morada puede ayudarlo a determinar el escenario probable para su situaci\u00f3n particular.<\/p>\n<h4>\u00bfQu\u00e9 significa exactamente la intenci\u00f3n de cometer un delito?<\/h4>\n<p>El estado de \u00e1nimo del acusado al momento de entrar al edificio sin permiso es el factor determinante.\u00a0Para una condena por robo, el acusado debe haber decidido cometer un delito y luego haber entrado al edificio para cometer un delito.<\/p>\n<p>No es necesario que el delito se lleve a cabo para demostrar que existe una intenci\u00f3n.\u00a0La prueba de que el acusado tuvo la intenci\u00f3n de cometer un delito en un edificio en el que no est\u00e1 autorizado satisfar\u00e1 los dos elementos del robo.\u00a0Como resultado, es m\u00e1s probable una condena.<\/p>\n<h4>\u00bfQu\u00e9 es un allanamiento de morada?<\/h4>\n<p>En Pensilvania, el allanamiento de morada es de hecho un robo.\u00a0La gran diferencia aqu\u00ed es que el robo no tiene lugar en un lugar como un edificio de oficinas.\u00a0Tiene lugar en una residencia real donde vive la gente.\u00a0En consecuencia, una invasi\u00f3n de casa puede ser castigada con mayor severidad.\u00a0Puede ser un delito grave de primer grado si alguien est\u00e1 en casa en el momento del robo.<\/p>\n<h4>Pensilvania sigue la doctrina del castillo<\/h4>\n<p>Curiosamente, las invasiones de viviendas pueden resultar incluso m\u00e1s peligrosas para el acusado que un simple robo.\u00a0Esto se debe a que Pennsylvania sigue una regla llamada la\u00a0<strong>Doctrina del Castillo<\/strong>\u00a0.\u00a0De hecho, muchos estados tienen la misma regla (si\u00e9ntase libre de preguntarle a su abogado de robo y allanamiento de morada para m\u00e1s detalles).\u00a0Seg\u00fan esta regla, los residentes de Pensilvania tienen derecho a usar la fuerza para defenderse a s\u00ed mismos o a los dem\u00e1s.\u00a0En pocas palabras, puede usar la fuerza para protegerse cuando:<\/p>\n<ul>\n<li>Cree que la fuerza es inmediatamente necesaria;<\/li>\n<li>La fuerza se utiliza para protegerse;\u00a0y<\/li>\n<li>Se est\u00e1 protegiendo de otra persona que est\u00e1 usando fuerza ilegal en su contra<\/li>\n<\/ul>\n<p>Sin embargo, hay algunas circunstancias en las que no est\u00e1 permitido usar la fuerza para protegerse.\u00a0Algunos ejemplos pueden incluir:<\/p>\n<ul>\n<li>Resistirse a un arresto<\/li>\n<li>En realidad no cree que el uso de la fuerza sea necesario para protegerse<\/li>\n<li>Sabe que puedes evitar el uso de la fuerza alej\u00e1ndose<\/li>\n<\/ul>\n<p>Adem\u00e1s, la Doctrina del Castillo te permite\u00a0<strong>usar la fuerza para proteger a otros<\/strong>\u00a0bajo ciertas circunstancias.\u00a0Aqu\u00ed, el uso de la fuerza est\u00e1 permitido cuando:<\/p>\n<ul>\n<li>El uso de la fuerza estar\u00eda justificado para protegerse;<\/li>\n<li>Con base en su observaci\u00f3n de las circunstancias, cree que la persona a la que est\u00e1 tratando de proteger estar\u00eda justificado en el uso de la fuerza para protegerse a s\u00ed misma;\u00a0y<\/li>\n<li>Cree que su uso de la fuerza es necesario para proteger a la otra persona<\/li>\n<\/ul>\n<h4>\u00bfEs ilegal poseer herramientas de ladr\u00f3n?<\/h4>\n<p>Es ilegal poseer herramientas para robar.\u00a0Sin embargo, el fiscal debe establecer que existe o hubo la intenci\u00f3n de utilizarlos en un robo.\u00a0Las sanciones por posesi\u00f3n de herramientas de ladr\u00f3n incluyen una multa de hasta $ 1,000, hasta 3 a\u00f1os de prisi\u00f3n o ambas.\u00a0Debido a que estos cargos son tan serios, siempre recomendamos revisar su caso con un abogado de robo y allanamiento de morada.<\/p>\n<p>Ejemplos de herramientas de ladr\u00f3n incluyen:<\/p>\n<ul>\n<li><strong>Martillos y destornilladores\u00a0<\/strong>: los martillos y destornilladores suelen estar en la caja de herramientas de un ladr\u00f3n.\u00a0Se puede usar un martillo para romper una ventana o atravesar una puerta.\u00a0Un destornillador afloja los tornillos expuestos y hace palanca para abrir las cerraduras.\u00a0Adem\u00e1s, estas herramientas son f\u00e1ciles de ocultar y transportar.<\/li>\n<li><strong>Palancas y Slim Jims\u00a0<\/strong>: una palanca de metal es la herramienta m\u00e1s com\u00fan utilizada por los ladrones porque es f\u00e1cil de usar para abrir una puerta o ventana e irrumpir en una residencia o veh\u00edculo.<\/li>\n<\/ul>\n<h4>\u00bfCon qu\u00e9 frecuencia ocurre un robo en Pensilvania?<\/h4>\n<p>A partir de 2016, Pensilvania experiment\u00f3\u00a0<strong>35,520 robos<\/strong>\u00a0por a\u00f1o.\u00a0Ese mismo a\u00f1o, Filadelfia, solamente tuvo\u00a0<strong>casi 7.000 robos<\/strong>\u00a0.\u00a0Adem\u00e1s, los datos recopilados tan recientemente como 2018 muestran que Pensilvania ha experimentado al menos\u00a0<strong>27,000 robos cada a\u00f1o desde 1960<\/strong>.<\/p>\n","protected":false},"excerpt":{"rendered":"<p>El robo y la entrada ilegal son delitos graves en Pensilvania. Contratar a un abogado de robo y allanamiento de morada puede ser \u00fatil si ha sido acusado. \u00bfSe enfrenta a cargos penales por\u00a0robo o allanamiento de morada\u00a0?\u00a0Los abogados de las Oficinas Legales Kitay \u00a0pueden ayudarlo a preparar una defensa s\u00f3lida.\u00a0Primero, aseg\u00farese de comprender la&#8230; <\/p>\n<div class=\"clear\"><\/div>\n<p><a href=\"https:\/\/kitaylegal.com\/es\/areas-de-practica\/abogado-de-defensa-criminal-en-pensilvania\/abogado-de-robo-y-allanamiento-de-morada-en-pensilvania\/\" class=\"excerpt-read-more\">Read More<\/a><\/p>\n","protected":false},"author":2,"featured_media":0,"parent":9038,"menu_order":0,"comment_status":"closed","ping_status":"closed","template":"template-practice-sp.php","meta":{"_acf_changed":false,"footnotes":""},"class_list":["post-9041","page","type-page","status-publish","hentry"],"acf":[],"yoast_head":"<!-- This site is optimized with the Yoast SEO Premium plugin v27.3 (Yoast SEO v27.3) - https:\/\/yoast.com\/product\/yoast-seo-premium-wordpress\/ -->\n<title>Abogado de robo y allanamiento de morada en Pensilvania - Kitay Law Offices - Experienced Attorneys in PA &amp; NJ<\/title>\n<meta name=\"robots\" content=\"index, follow, max-snippet:-1, max-image-preview:large, max-video-preview:-1\" \/>\n<link rel=\"canonical\" href=\"https:\/\/kitaylegal.com\/es\/areas-de-practica\/abogado-de-defensa-criminal-en-pensilvania\/abogado-de-robo-y-allanamiento-de-morada-en-pensilvania\/\" \/>\n<meta property=\"og:locale\" content=\"es_ES\" \/>\n<meta property=\"og:type\" content=\"article\" \/>\n<meta property=\"og:title\" content=\"Abogado de robo y allanamiento de morada en Pensilvania\" \/>\n<meta property=\"og:description\" content=\"El robo y la entrada ilegal son delitos graves en Pensilvania. Contratar a un abogado de robo y allanamiento de morada puede ser \u00fatil si ha sido acusado. \u00bfSe enfrenta a cargos penales por\u00a0robo o allanamiento de morada\u00a0?\u00a0Los abogados de las Oficinas Legales Kitay \u00a0pueden ayudarlo a preparar una defensa s\u00f3lida.\u00a0Primero, aseg\u00farese de comprender la... Read More\" \/>\n<meta property=\"og:url\" content=\"https:\/\/kitaylegal.com\/es\/areas-de-practica\/abogado-de-defensa-criminal-en-pensilvania\/abogado-de-robo-y-allanamiento-de-morada-en-pensilvania\/\" \/>\n<meta property=\"og:site_name\" content=\"Kitay Law Offices - Experienced Attorneys in PA &amp; NJ\" \/>\n<meta property=\"article:modified_time\" content=\"2023-01-01T20:40:51+00:00\" \/>\n<meta property=\"og:image\" content=\"https:\/\/kitaylegal.com\/wp-content\/uploads\/2020\/04\/shutterstock_647097295.jpg\" \/>\n<meta name=\"twitter:card\" content=\"summary_large_image\" \/>\n<meta name=\"twitter:label1\" content=\"Tiempo de lectura\" \/>\n\t<meta name=\"twitter:data1\" content=\"7 minutos\" \/>\n<script type=\"application\/ld+json\" class=\"yoast-schema-graph\">{\"@context\":\"https:\\\/\\\/schema.org\",\"@graph\":[{\"@type\":\"WebPage\",\"@id\":\"https:\\\/\\\/kitaylegal.com\\\/es\\\/areas-de-practica\\\/abogado-de-defensa-criminal-en-pensilvania\\\/abogado-de-robo-y-allanamiento-de-morada-en-pensilvania\\\/\",\"url\":\"https:\\\/\\\/kitaylegal.com\\\/es\\\/areas-de-practica\\\/abogado-de-defensa-criminal-en-pensilvania\\\/abogado-de-robo-y-allanamiento-de-morada-en-pensilvania\\\/\",\"name\":\"Abogado de robo y allanamiento de morada en Pensilvania - Kitay Law Offices - Experienced Attorneys in PA &amp; NJ\",\"isPartOf\":{\"@id\":\"https:\\\/\\\/kitaylegal.com\\\/es\\\/#website\"},\"primaryImageOfPage\":{\"@id\":\"https:\\\/\\\/kitaylegal.com\\\/es\\\/areas-de-practica\\\/abogado-de-defensa-criminal-en-pensilvania\\\/abogado-de-robo-y-allanamiento-de-morada-en-pensilvania\\\/#primaryimage\"},\"image\":{\"@id\":\"https:\\\/\\\/kitaylegal.com\\\/es\\\/areas-de-practica\\\/abogado-de-defensa-criminal-en-pensilvania\\\/abogado-de-robo-y-allanamiento-de-morada-en-pensilvania\\\/#primaryimage\"},\"thumbnailUrl\":\"https:\\\/\\\/kitaylegal.com\\\/wp-content\\\/uploads\\\/2020\\\/04\\\/shutterstock_647097295.jpg\",\"datePublished\":\"2020-06-10T20:32:29+00:00\",\"dateModified\":\"2023-01-01T20:40:51+00:00\",\"breadcrumb\":{\"@id\":\"https:\\\/\\\/kitaylegal.com\\\/es\\\/areas-de-practica\\\/abogado-de-defensa-criminal-en-pensilvania\\\/abogado-de-robo-y-allanamiento-de-morada-en-pensilvania\\\/#breadcrumb\"},\"inLanguage\":\"es\",\"potentialAction\":[{\"@type\":\"ReadAction\",\"target\":[\"https:\\\/\\\/kitaylegal.com\\\/es\\\/areas-de-practica\\\/abogado-de-defensa-criminal-en-pensilvania\\\/abogado-de-robo-y-allanamiento-de-morada-en-pensilvania\\\/\"]}]},{\"@type\":\"ImageObject\",\"inLanguage\":\"es\",\"@id\":\"https:\\\/\\\/kitaylegal.com\\\/es\\\/areas-de-practica\\\/abogado-de-defensa-criminal-en-pensilvania\\\/abogado-de-robo-y-allanamiento-de-morada-en-pensilvania\\\/#primaryimage\",\"url\":\"https:\\\/\\\/kitaylegal.com\\\/wp-content\\\/uploads\\\/2020\\\/04\\\/shutterstock_647097295.jpg\",\"contentUrl\":\"https:\\\/\\\/kitaylegal.com\\\/wp-content\\\/uploads\\\/2020\\\/04\\\/shutterstock_647097295.jpg\"},{\"@type\":\"BreadcrumbList\",\"@id\":\"https:\\\/\\\/kitaylegal.com\\\/es\\\/areas-de-practica\\\/abogado-de-defensa-criminal-en-pensilvania\\\/abogado-de-robo-y-allanamiento-de-morada-en-pensilvania\\\/#breadcrumb\",\"itemListElement\":[{\"@type\":\"ListItem\",\"position\":1,\"name\":\"Home\",\"item\":\"https:\\\/\\\/kitaylegal.com\\\/es\\\/\"},{\"@type\":\"ListItem\",\"position\":2,\"name\":\"Areas de Pr\u00e1ctica &#8211; Vista General\",\"item\":\"https:\\\/\\\/kitaylegal.com\\\/es\\\/areas-de-practica\\\/\"},{\"@type\":\"ListItem\",\"position\":3,\"name\":\"Abogado de defensa criminal en Pensilvania\",\"item\":\"https:\\\/\\\/kitaylegal.com\\\/es\\\/areas-de-practica\\\/abogado-de-defensa-criminal-en-pensilvania\\\/\"},{\"@type\":\"ListItem\",\"position\":4,\"name\":\"Abogado de robo y allanamiento de morada en Pensilvania\"}]},{\"@type\":\"WebSite\",\"@id\":\"https:\\\/\\\/kitaylegal.com\\\/es\\\/#website\",\"url\":\"https:\\\/\\\/kitaylegal.com\\\/es\\\/\",\"name\":\"Kitay Law Offices - Personal Injury, Workers' Compensation, and Criminal Defense Lawyer in Pennsylvania\",\"description\":\"Specializing in Personal Injury, Workers&#039; Compensation, Criminal Defense, DUI Law, and Toxic Torts.\",\"alternateName\":\"Kitay Law Offices - Personal Injury Lawyer in PA\",\"potentialAction\":[{\"@type\":\"SearchAction\",\"target\":{\"@type\":\"EntryPoint\",\"urlTemplate\":\"https:\\\/\\\/kitaylegal.com\\\/es\\\/?s={search_term_string}\"},\"query-input\":{\"@type\":\"PropertyValueSpecification\",\"valueRequired\":true,\"valueName\":\"search_term_string\"}}],\"inLanguage\":\"es\"}]}<\/script>\n<!-- \/ Yoast SEO Premium plugin. -->","yoast_head_json":{"title":"Abogado de robo y allanamiento de morada en Pensilvania - Kitay Law Offices - Experienced Attorneys in PA &amp; NJ","robots":{"index":"index","follow":"follow","max-snippet":"max-snippet:-1","max-image-preview":"max-image-preview:large","max-video-preview":"max-video-preview:-1"},"canonical":"https:\/\/kitaylegal.com\/es\/areas-de-practica\/abogado-de-defensa-criminal-en-pensilvania\/abogado-de-robo-y-allanamiento-de-morada-en-pensilvania\/","og_locale":"es_ES","og_type":"article","og_title":"Abogado de robo y allanamiento de morada en Pensilvania","og_description":"El robo y la entrada ilegal son delitos graves en Pensilvania. Contratar a un abogado de robo y allanamiento de morada puede ser \u00fatil si ha sido acusado. \u00bfSe enfrenta a cargos penales por\u00a0robo o allanamiento de morada\u00a0?\u00a0Los abogados de las Oficinas Legales Kitay \u00a0pueden ayudarlo a preparar una defensa s\u00f3lida.\u00a0Primero, aseg\u00farese de comprender la... Read More","og_url":"https:\/\/kitaylegal.com\/es\/areas-de-practica\/abogado-de-defensa-criminal-en-pensilvania\/abogado-de-robo-y-allanamiento-de-morada-en-pensilvania\/","og_site_name":"Kitay Law Offices - Experienced Attorneys in PA &amp; NJ","article_modified_time":"2023-01-01T20:40:51+00:00","og_image":[{"url":"https:\/\/kitaylegal.com\/wp-content\/uploads\/2020\/04\/shutterstock_647097295.jpg","type":"","width":"","height":""}],"twitter_card":"summary_large_image","twitter_misc":{"Tiempo de lectura":"7 minutos"},"schema":{"@context":"https:\/\/schema.org","@graph":[{"@type":"WebPage","@id":"https:\/\/kitaylegal.com\/es\/areas-de-practica\/abogado-de-defensa-criminal-en-pensilvania\/abogado-de-robo-y-allanamiento-de-morada-en-pensilvania\/","url":"https:\/\/kitaylegal.com\/es\/areas-de-practica\/abogado-de-defensa-criminal-en-pensilvania\/abogado-de-robo-y-allanamiento-de-morada-en-pensilvania\/","name":"Abogado de robo y allanamiento de morada en Pensilvania - Kitay Law Offices - Experienced Attorneys in PA &amp; NJ","isPartOf":{"@id":"https:\/\/kitaylegal.com\/es\/#website"},"primaryImageOfPage":{"@id":"https:\/\/kitaylegal.com\/es\/areas-de-practica\/abogado-de-defensa-criminal-en-pensilvania\/abogado-de-robo-y-allanamiento-de-morada-en-pensilvania\/#primaryimage"},"image":{"@id":"https:\/\/kitaylegal.com\/es\/areas-de-practica\/abogado-de-defensa-criminal-en-pensilvania\/abogado-de-robo-y-allanamiento-de-morada-en-pensilvania\/#primaryimage"},"thumbnailUrl":"https:\/\/kitaylegal.com\/wp-content\/uploads\/2020\/04\/shutterstock_647097295.jpg","datePublished":"2020-06-10T20:32:29+00:00","dateModified":"2023-01-01T20:40:51+00:00","breadcrumb":{"@id":"https:\/\/kitaylegal.com\/es\/areas-de-practica\/abogado-de-defensa-criminal-en-pensilvania\/abogado-de-robo-y-allanamiento-de-morada-en-pensilvania\/#breadcrumb"},"inLanguage":"es","potentialAction":[{"@type":"ReadAction","target":["https:\/\/kitaylegal.com\/es\/areas-de-practica\/abogado-de-defensa-criminal-en-pensilvania\/abogado-de-robo-y-allanamiento-de-morada-en-pensilvania\/"]}]},{"@type":"ImageObject","inLanguage":"es","@id":"https:\/\/kitaylegal.com\/es\/areas-de-practica\/abogado-de-defensa-criminal-en-pensilvania\/abogado-de-robo-y-allanamiento-de-morada-en-pensilvania\/#primaryimage","url":"https:\/\/kitaylegal.com\/wp-content\/uploads\/2020\/04\/shutterstock_647097295.jpg","contentUrl":"https:\/\/kitaylegal.com\/wp-content\/uploads\/2020\/04\/shutterstock_647097295.jpg"},{"@type":"BreadcrumbList","@id":"https:\/\/kitaylegal.com\/es\/areas-de-practica\/abogado-de-defensa-criminal-en-pensilvania\/abogado-de-robo-y-allanamiento-de-morada-en-pensilvania\/#breadcrumb","itemListElement":[{"@type":"ListItem","position":1,"name":"Home","item":"https:\/\/kitaylegal.com\/es\/"},{"@type":"ListItem","position":2,"name":"Areas de Pr\u00e1ctica &#8211; Vista General","item":"https:\/\/kitaylegal.com\/es\/areas-de-practica\/"},{"@type":"ListItem","position":3,"name":"Abogado de defensa criminal en Pensilvania","item":"https:\/\/kitaylegal.com\/es\/areas-de-practica\/abogado-de-defensa-criminal-en-pensilvania\/"},{"@type":"ListItem","position":4,"name":"Abogado de robo y allanamiento de morada en Pensilvania"}]},{"@type":"WebSite","@id":"https:\/\/kitaylegal.com\/es\/#website","url":"https:\/\/kitaylegal.com\/es\/","name":"Kitay Law Offices - Personal Injury, Workers' Compensation, and Criminal Defense Lawyer in Pennsylvania","description":"Specializing in Personal Injury, Workers&#039; Compensation, Criminal Defense, DUI Law, and Toxic Torts.","alternateName":"Kitay Law Offices - Personal Injury Lawyer in PA","potentialAction":[{"@type":"SearchAction","target":{"@type":"EntryPoint","urlTemplate":"https:\/\/kitaylegal.com\/es\/?s={search_term_string}"},"query-input":{"@type":"PropertyValueSpecification","valueRequired":true,"valueName":"search_term_string"}}],"inLanguage":"es"}]}},"_links":{"self":[{"href":"https:\/\/kitaylegal.com\/es\/wp-json\/wp\/v2\/pages\/9041","targetHints":{"allow":["GET"]}}],"collection":[{"href":"https:\/\/kitaylegal.com\/es\/wp-json\/wp\/v2\/pages"}],"about":[{"href":"https:\/\/kitaylegal.com\/es\/wp-json\/wp\/v2\/types\/page"}],"author":[{"embeddable":true,"href":"https:\/\/kitaylegal.com\/es\/wp-json\/wp\/v2\/users\/2"}],"replies":[{"embeddable":true,"href":"https:\/\/kitaylegal.com\/es\/wp-json\/wp\/v2\/comments?post=9041"}],"version-history":[{"count":4,"href":"https:\/\/kitaylegal.com\/es\/wp-json\/wp\/v2\/pages\/9041\/revisions"}],"predecessor-version":[{"id":9428,"href":"https:\/\/kitaylegal.com\/es\/wp-json\/wp\/v2\/pages\/9041\/revisions\/9428"}],"up":[{"embeddable":true,"href":"https:\/\/kitaylegal.com\/es\/wp-json\/wp\/v2\/pages\/9038"}],"wp:attachment":[{"href":"https:\/\/kitaylegal.com\/es\/wp-json\/wp\/v2\/media?parent=9041"}],"curies":[{"name":"wp","href":"https:\/\/api.w.org\/{rel}","templated":true}]}}