{"id":8991,"date":"2017-04-28T19:47:35","date_gmt":"2017-04-28T23:47:35","guid":{"rendered":"https:\/\/kitaylegal.com\/gestion-deportiva\/"},"modified":"2022-12-31T21:37:19","modified_gmt":"2023-01-01T01:37:19","slug":"director-deportivo","status":"publish","type":"page","link":"https:\/\/kitaylegal.com\/es\/director-deportivo\/","title":{"rendered":"Director Deportivo"},"content":{"rendered":"<p>Las Oficinas de Derecho de Kitay representan atletas de pa\u00edses latinoamericanos que buscan un estatus profesional dentro de la Liga Mayor de B\u00e9isbol. Cada atleta est\u00e1 representado en el mercado de los deportes con atenci\u00f3n individual y personal por el propio Kenneth M. Kitay. Su comprensi\u00f3n del sistema legal a nivel estatal y federal, as\u00ed como las regulaciones de la liga y la asociaci\u00f3n de jugadores son clave en la negociaci\u00f3n de contratos de jugador y compensaci\u00f3n.<\/p>\n","protected":false},"excerpt":{"rendered":"<p>Las Oficinas de Derecho de Kitay representan atletas de pa\u00edses latinoamericanos que buscan un estatus profesional dentro de la Liga Mayor de B\u00e9isbol. Cada atleta est\u00e1 representado en el mercado de los deportes con atenci\u00f3n individual y personal por el propio Kenneth M. Kitay. Su comprensi\u00f3n del sistema legal a nivel estatal y federal, as\u00ed&#8230; <\/p>\n<div class=\"clear\"><\/div>\n<p><a href=\"https:\/\/kitaylegal.com\/es\/director-deportivo\/\" class=\"excerpt-read-more\">Read More<\/a><\/p>\n","protected":false},"author":2,"featured_media":0,"parent":0,"menu_order":0,"comment_status":"closed","ping_status":"closed","template":"template-page-sp.php","meta":{"_acf_changed":false,"footnotes":""},"class_list":["post-8991","page","type-page","status-publish","hentry"],"acf":[],"yoast_head":"<!-- This site is optimized with the Yoast SEO Premium plugin v27.3 (Yoast SEO v27.3) - https:\/\/yoast.com\/product\/yoast-seo-premium-wordpress\/ -->\n<title>Director Deportivo - Kitay Law Offices - Experienced Attorneys in PA &amp; NJ<\/title>\n<meta name=\"robots\" content=\"index, follow, max-snippet:-1, max-image-preview:large, max-video-preview:-1\" \/>\n<link rel=\"canonical\" href=\"https:\/\/kitaylegal.com\/es\/director-deportivo\/\" \/>\n<meta property=\"og:locale\" content=\"es_ES\" \/>\n<meta property=\"og:type\" content=\"article\" \/>\n<meta property=\"og:title\" content=\"Director Deportivo\" \/>\n<meta property=\"og:description\" content=\"Las Oficinas de Derecho de Kitay representan atletas de pa\u00edses latinoamericanos que buscan un estatus profesional dentro de la Liga Mayor de B\u00e9isbol. Cada atleta est\u00e1 representado en el mercado de los deportes con atenci\u00f3n individual y personal por el propio Kenneth M. Kitay. Su comprensi\u00f3n del sistema legal a nivel estatal y federal, as\u00ed... Read More\" \/>\n<meta property=\"og:url\" content=\"https:\/\/kitaylegal.com\/es\/director-deportivo\/\" \/>\n<meta property=\"og:site_name\" content=\"Kitay Law Offices - Experienced Attorneys in PA &amp; NJ\" \/>\n<meta property=\"article:modified_time\" content=\"2023-01-01T01:37:19+00:00\" \/>\n<meta property=\"og:image\" content=\"https:\/\/kitaylegal.com\/wp-content\/uploads\/2025\/10\/Kitay-Law-Offices-Law-Firm-Group-Photo-2025-e1763145729528.jpg\" \/>\n\t<meta property=\"og:image:width\" content=\"1807\" \/>\n\t<meta property=\"og:image:height\" content=\"533\" \/>\n\t<meta property=\"og:image:type\" content=\"image\/jpeg\" \/>\n<meta name=\"twitter:card\" content=\"summary_large_image\" \/>\n<meta name=\"twitter:label1\" content=\"Tiempo de lectura\" \/>\n\t<meta name=\"twitter:data1\" content=\"1 minuto\" \/>\n<script type=\"application\/ld+json\" class=\"yoast-schema-graph\">{\"@context\":\"https:\\\/\\\/schema.org\",\"@graph\":[{\"@type\":\"WebPage\",\"@id\":\"https:\\\/\\\/kitaylegal.com\\\/es\\\/director-deportivo\\\/\",\"url\":\"https:\\\/\\\/kitaylegal.com\\\/es\\\/director-deportivo\\\/\",\"name\":\"Director Deportivo - Kitay Law Offices - Experienced Attorneys in PA &amp; NJ\",\"isPartOf\":{\"@id\":\"https:\\\/\\\/kitaylegal.com\\\/es\\\/#website\"},\"datePublished\":\"2017-04-28T23:47:35+00:00\",\"dateModified\":\"2023-01-01T01:37:19+00:00\",\"breadcrumb\":{\"@id\":\"https:\\\/\\\/kitaylegal.com\\\/es\\\/director-deportivo\\\/#breadcrumb\"},\"inLanguage\":\"es\",\"potentialAction\":[{\"@type\":\"ReadAction\",\"target\":[\"https:\\\/\\\/kitaylegal.com\\\/es\\\/director-deportivo\\\/\"]}]},{\"@type\":\"BreadcrumbList\",\"@id\":\"https:\\\/\\\/kitaylegal.com\\\/es\\\/director-deportivo\\\/#breadcrumb\",\"itemListElement\":[{\"@type\":\"ListItem\",\"position\":1,\"name\":\"Home\",\"item\":\"https:\\\/\\\/kitaylegal.com\\\/es\\\/\"},{\"@type\":\"ListItem\",\"position\":2,\"name\":\"Director Deportivo\"}]},{\"@type\":\"WebSite\",\"@id\":\"https:\\\/\\\/kitaylegal.com\\\/es\\\/#website\",\"url\":\"https:\\\/\\\/kitaylegal.com\\\/es\\\/\",\"name\":\"Kitay Law Offices - Personal Injury, Workers' Compensation, and Criminal Defense Lawyer in Pennsylvania\",\"description\":\"Specializing in Personal Injury, Workers&#039; Compensation, Criminal Defense, DUI Law, and Toxic Torts.\",\"alternateName\":\"Kitay Law Offices - Personal Injury Lawyer in PA\",\"potentialAction\":[{\"@type\":\"SearchAction\",\"target\":{\"@type\":\"EntryPoint\",\"urlTemplate\":\"https:\\\/\\\/kitaylegal.com\\\/es\\\/?s={search_term_string}\"},\"query-input\":{\"@type\":\"PropertyValueSpecification\",\"valueRequired\":true,\"valueName\":\"search_term_string\"}}],\"inLanguage\":\"es\"}]}<\/script>\n<!-- \/ Yoast SEO Premium plugin. -->","yoast_head_json":{"title":"Director Deportivo - Kitay Law Offices - Experienced Attorneys in PA &amp; NJ","robots":{"index":"index","follow":"follow","max-snippet":"max-snippet:-1","max-image-preview":"max-image-preview:large","max-video-preview":"max-video-preview:-1"},"canonical":"https:\/\/kitaylegal.com\/es\/director-deportivo\/","og_locale":"es_ES","og_type":"article","og_title":"Director Deportivo","og_description":"Las Oficinas de Derecho de Kitay representan atletas de pa\u00edses latinoamericanos que buscan un estatus profesional dentro de la Liga Mayor de B\u00e9isbol. Cada atleta est\u00e1 representado en el mercado de los deportes con atenci\u00f3n individual y personal por el propio Kenneth M. Kitay. Su comprensi\u00f3n del sistema legal a nivel estatal y federal, as\u00ed... Read More","og_url":"https:\/\/kitaylegal.com\/es\/director-deportivo\/","og_site_name":"Kitay Law Offices - Experienced Attorneys in PA &amp; NJ","article_modified_time":"2023-01-01T01:37:19+00:00","og_image":[{"width":1807,"height":533,"url":"https:\/\/kitaylegal.com\/wp-content\/uploads\/2025\/10\/Kitay-Law-Offices-Law-Firm-Group-Photo-2025-e1763145729528.jpg","type":"image\/jpeg"}],"twitter_card":"summary_large_image","twitter_misc":{"Tiempo de lectura":"1 minuto"},"schema":{"@context":"https:\/\/schema.org","@graph":[{"@type":"WebPage","@id":"https:\/\/kitaylegal.com\/es\/director-deportivo\/","url":"https:\/\/kitaylegal.com\/es\/director-deportivo\/","name":"Director Deportivo - Kitay Law Offices - Experienced Attorneys in PA &amp; NJ","isPartOf":{"@id":"https:\/\/kitaylegal.com\/es\/#website"},"datePublished":"2017-04-28T23:47:35+00:00","dateModified":"2023-01-01T01:37:19+00:00","breadcrumb":{"@id":"https:\/\/kitaylegal.com\/es\/director-deportivo\/#breadcrumb"},"inLanguage":"es","potentialAction":[{"@type":"ReadAction","target":["https:\/\/kitaylegal.com\/es\/director-deportivo\/"]}]},{"@type":"BreadcrumbList","@id":"https:\/\/kitaylegal.com\/es\/director-deportivo\/#breadcrumb","itemListElement":[{"@type":"ListItem","position":1,"name":"Home","item":"https:\/\/kitaylegal.com\/es\/"},{"@type":"ListItem","position":2,"name":"Director Deportivo"}]},{"@type":"WebSite","@id":"https:\/\/kitaylegal.com\/es\/#website","url":"https:\/\/kitaylegal.com\/es\/","name":"Kitay Law Offices - Personal Injury, Workers' Compensation, and Criminal Defense Lawyer in Pennsylvania","description":"Specializing in Personal Injury, Workers&#039; Compensation, Criminal Defense, DUI Law, and Toxic Torts.","alternateName":"Kitay Law Offices - Personal Injury Lawyer in PA","potentialAction":[{"@type":"SearchAction","target":{"@type":"EntryPoint","urlTemplate":"https:\/\/kitaylegal.com\/es\/?s={search_term_string}"},"query-input":{"@type":"PropertyValueSpecification","valueRequired":true,"valueName":"search_term_string"}}],"inLanguage":"es"}]}},"_links":{"self":[{"href":"https:\/\/kitaylegal.com\/es\/wp-json\/wp\/v2\/pages\/8991","targetHints":{"allow":["GET"]}}],"collection":[{"href":"https:\/\/kitaylegal.com\/es\/wp-json\/wp\/v2\/pages"}],"about":[{"href":"https:\/\/kitaylegal.com\/es\/wp-json\/wp\/v2\/types\/page"}],"author":[{"embeddable":true,"href":"https:\/\/kitaylegal.com\/es\/wp-json\/wp\/v2\/users\/2"}],"replies":[{"embeddable":true,"href":"https:\/\/kitaylegal.com\/es\/wp-json\/wp\/v2\/comments?post=8991"}],"version-history":[{"count":3,"href":"https:\/\/kitaylegal.com\/es\/wp-json\/wp\/v2\/pages\/8991\/revisions"}],"predecessor-version":[{"id":9377,"href":"https:\/\/kitaylegal.com\/es\/wp-json\/wp\/v2\/pages\/8991\/revisions\/9377"}],"wp:attachment":[{"href":"https:\/\/kitaylegal.com\/es\/wp-json\/wp\/v2\/media?parent=8991"}],"curies":[{"name":"wp","href":"https:\/\/api.w.org\/{rel}","templated":true}]}}