{"id":8983,"date":"2017-03-21T23:14:34","date_gmt":"2017-03-22T03:14:34","guid":{"rendered":"https:\/\/kitaylegal.com\/recursos-hispanos\/"},"modified":"2022-12-31T21:12:05","modified_gmt":"2023-01-01T01:12:05","slug":"recursos-hispanicos","status":"publish","type":"page","link":"https:\/\/kitaylegal.com\/es\/recursos-hispanicos\/","title":{"rendered":"Recursos hispanos"},"content":{"rendered":"<h1 style=\"text-align: left;\">Centro Hispanico del Lehigh Valley<\/h1>\n<p><a href=\"http:\/\/www.hclv.org\" target=\"_blank\" rel=\"noopener\"><strong>Centro Hispanico del Lehigh Valley<\/strong><\/a>\u00a0(HCLV) Ken Kitay se encuentra orgulloso de servir en la Junta de Directores del Centro Hispano Lehigh Valley. El centro sirve las necesidades de la comunidad hispana, as\u00ed como cualquier persona que pasea por las puertas de su centro para ancianos, la oficina de WIC y quiera participar en uno de sus programas para j\u00f3venes. La firma provee servicios de apoyo pro-bono para asesoramiento legal a individuos, incluyendo el llenado de formularios, interpretaci\u00f3n de documentos legales, escritura de cartas y comprensi\u00f3n del proceso legal.<\/p>\n<h1>Recursos Adicionales de la Comunidad<\/h1>\n<p><strong><a href=\"http:\/\/www.aspira.org\/\" target=\"_blank\" rel=\"noopener\">Aspira Association<\/a><\/strong> es la \u00fanica organizaci\u00f3n nacional sin fines de lucro dedicada exclusivamente a la educaci\u00f3n y desarrollo de liderazgo de puertorrique\u00f1os y otros j\u00f3venes latinos. ASPIRA toma su nombre del verbo en espa\u00f1ol de aspirar.<\/p>\n<p><strong><a href=\"http:\/\/www.chci.org\/\" target=\"_blank\" rel=\"noopener\">El Instituto Hispano de Caucus del Congreso<\/a><\/strong> (CHCI) es una organizaci\u00f3n educativa sin fines de lucro y no partidista establecida en 1978 para desarrollar la siguiente generaci\u00f3n de l\u00edderes latinos. Esto se logra a trav\u00e9s de programas para familiarizar a los estudiantes hispanos con carreras relacionadas con las pol\u00edticas, recursos para becas educativas y difusi\u00f3n de informaci\u00f3n a trav\u00e9s de conferencias y publicaciones.<\/p>\n<p><strong><a href=\"http:\/\/www.cnc.org\/\" target=\"_blank\" rel=\"noopener\">El Consejo Nacional Cubano-Americano<\/a><\/strong> (CNC) lleva a cabo investigaciones y an\u00e1lisis de pol\u00edticas sobre temas que afectan a latinos, minor\u00edas e inmigrantes en los Estados Unidos y proporciona educaci\u00f3n, empleo y servicios de vivienda a todas las personas desfavorecidas de diversos or\u00edgenes \u00e9tnicos, raciales y nacionales.<\/p>\n<p><strong><a href=\"http:\/\/www.hacr.org\/\" target=\"_blank\" rel=\"noopener\">La Asociaci\u00f3n Hispana de Responsabilidad Corporativa<\/a><\/strong> (HACR) fue fundada en 1986 y se esfuerza por asegurar que haya una participaci\u00f3n equitativa de la comunidad latina en Am\u00e9rica Corporativa proporcional al poder adquisitivo de los latinos.<\/p>\n<p><strong><a href=\"http:\/\/www.hnba.com\/\" target=\"_blank\" rel=\"noopener\">La Asociaci\u00f3n Nacional Hispana de Abogados<\/a><\/strong><br \/>\n(HNBA), fundada en 1972, representa a 25,000 abogados latinos, jueces, profesores de derecho y estudiantes de derecho.<\/p>\n<p><strong><a href=\"http:\/\/www.hsf.net\/\" target=\"_blank\" rel=\"noopener\">Hispanic Scholarship Funds<\/a><\/strong> (HSF) es la organizaci\u00f3n l\u00edder del pa\u00eds que apoya la educaci\u00f3n superior hispana. HSF fue fundada en 1975 con una visi\u00f3n para fortalecer el pa\u00eds mediante el avance de la educaci\u00f3n universitaria entre los latinoamericanos, el segmento de m\u00e1s r\u00e1pido crecimiento de la poblaci\u00f3n de los EE.UU.<\/p>\n<p><strong><a href=\"http:\/\/www.lanic.utexas.edu\/\" target=\"_blank\" rel=\"noopener\">El Centro de Informaci\u00f3n de Redes Latinoamericanas<\/a><\/strong> (LANIC), afiliado al Instituto de Estudios Latinoamericanos (ILAS) de la Universidad de Texas en Austin, facilita el acceso a informaci\u00f3n basada en Internet sobre, desde o sobre Am\u00e9rica Latina, Humanidad.<\/p>\n<p><strong><a href=\"http:\/\/lulac.org\/\" target=\"_blank\" rel=\"noopener\">La Liga de Ciudadanos Latinoamericanos Unidos<\/a><\/strong> (LULAC) busca promover la condici\u00f3n econ\u00f3mica, el logro educativo, la influencia pol\u00edtica, la salud y los derechos civiles de la poblaci\u00f3n latina en los Estados Unidos.<\/p>\n<p><strong><a href=\"http:\/\/www.civilrights.org\/\" target=\"_blank\" rel=\"noopener\">Conferencia de Liderazgo sobre Derechos Civiles \/ Conferencia de Liderazgo El Fondo Educativo<\/a><\/strong> es el hogar de programas de audio, video y escritos originales orientados a asuntos sociales, relacionados con temas, civilrights.org se compromete a servir como centro neur\u00e1lgico en l\u00ednea no s\u00f3lo para la lucha contra la discriminaci\u00f3n en Todas sus formas, sino tambi\u00e9n para construir la comprensi\u00f3n p\u00fablica de que es esencial para nuestra naci\u00f3n continuar su camino hacia la justicia social y econ\u00f3mica.<\/p>\n<p><strong><a href=\"http:\/\/www.maldef.org\/\" target=\"_blank\" rel=\"noopener\">El Fondo Mexicano de Defensa Legal y Educaci\u00f3n<\/a><\/strong> (MALDEF) es una organizaci\u00f3n nacional sin fines de lucro cuya misi\u00f3n es proteger y promover los derechos civiles de los m\u00e1s de 29 millones de latinos que viven en los Estados Unidos.<\/p>\n<p><strong><a href=\"http:\/\/www.hispanichealth.org\/\" target=\"_blank\" rel=\"noopener\">La Coalici\u00f3n Nacional de Organizaciones Hispanas de Servicios de Salud y Servicios Humanos<\/a><\/strong> (COSSMHO) es la \u00fanica organizaci\u00f3n que se enfoca en las necesidades de salud, salud mental y servicios humanos de las diversas comunidades latinas.<\/p>\n<p><strong><a href=\"http:\/\/www.nclr.org\/\" target=\"_blank\" rel=\"noopener\">El Consejo Nacional de La Raza<\/a><\/strong> (NCLR) es una organizaci\u00f3n privada, sin fines de lucro, no partidista, exenta de impuestos establecida en 1968 para reducir la pobreza y la discriminaci\u00f3n, y mejorar las oportunidades de vida para los Latinoamericanos.<\/p>\n<p><strong><a href=\"http:\/\/www.saludos.com\/\" target=\"_blank\" rel=\"noopener\">Saludos Hispanic Employment Service<\/a><\/strong> es un servicio de publicaci\u00f3n de curr\u00edculum patrocinado por la revista del mismo nombre, es un conducto entre los solicitantes y los empleadores potenciales que comparten el objetivo de reflejar la diversidad de la poblaci\u00f3n actual en el lugar de trabajo.<\/p>\n<p><strong><a href=\"http:\/\/www.ufw.org\/\" target=\"_blank\" rel=\"noopener\">United Farm Workers<\/a><\/strong> (UFW) (NFWA), iniciado por Cesar Ch\u00e1vez en 1962 con motivaci\u00f3n de organizar a los trabajadores agr\u00edcolas de California, ofrece una visi\u00f3n general del movimiento y actualizaciones sobre temas actuales.<\/p>\n","protected":false},"excerpt":{"rendered":"<p>Centro Hispanico del Lehigh Valley Centro Hispanico del Lehigh Valley\u00a0(HCLV) Ken Kitay se encuentra orgulloso de servir en la Junta de Directores del Centro Hispano Lehigh Valley. El centro sirve las necesidades de la comunidad hispana, as\u00ed como cualquier persona que pasea por las puertas de su centro para ancianos, la oficina de WIC y&#8230; <\/p>\n<div class=\"clear\"><\/div>\n<p><a href=\"https:\/\/kitaylegal.com\/es\/recursos-hispanicos\/\" class=\"excerpt-read-more\">Read More<\/a><\/p>\n","protected":false},"author":2,"featured_media":0,"parent":0,"menu_order":0,"comment_status":"closed","ping_status":"closed","template":"template-page-sp.php","meta":{"_acf_changed":false,"footnotes":""},"class_list":["post-8983","page","type-page","status-publish","hentry"],"acf":[],"yoast_head":"<!-- This site is optimized with the Yoast SEO Premium plugin v27.3 (Yoast SEO v27.3) - https:\/\/yoast.com\/product\/yoast-seo-premium-wordpress\/ -->\n<title>Recursos hispanos - Kitay Law Offices - Experienced Attorneys in PA &amp; NJ<\/title>\n<meta name=\"robots\" content=\"index, follow, max-snippet:-1, max-image-preview:large, max-video-preview:-1\" \/>\n<link rel=\"canonical\" href=\"https:\/\/kitaylegal.com\/es\/recursos-hispanicos\/\" \/>\n<meta property=\"og:locale\" content=\"es_ES\" \/>\n<meta property=\"og:type\" content=\"article\" \/>\n<meta property=\"og:title\" content=\"Recursos hispanos\" \/>\n<meta property=\"og:description\" content=\"Centro Hispanico del Lehigh Valley Centro Hispanico del Lehigh Valley\u00a0(HCLV) Ken Kitay se encuentra orgulloso de servir en la Junta de Directores del Centro Hispano Lehigh Valley. El centro sirve las necesidades de la comunidad hispana, as\u00ed como cualquier persona que pasea por las puertas de su centro para ancianos, la oficina de WIC y... Read More\" \/>\n<meta property=\"og:url\" content=\"https:\/\/kitaylegal.com\/es\/recursos-hispanicos\/\" \/>\n<meta property=\"og:site_name\" content=\"Kitay Law Offices - Experienced Attorneys in PA &amp; NJ\" \/>\n<meta property=\"article:modified_time\" content=\"2023-01-01T01:12:05+00:00\" \/>\n<meta property=\"og:image\" content=\"https:\/\/kitaylegal.com\/wp-content\/uploads\/2025\/10\/Kitay-Law-Offices-Law-Firm-Group-Photo-2025-e1763145729528.jpg\" \/>\n\t<meta property=\"og:image:width\" content=\"1807\" \/>\n\t<meta property=\"og:image:height\" content=\"533\" \/>\n\t<meta property=\"og:image:type\" content=\"image\/jpeg\" \/>\n<meta name=\"twitter:card\" content=\"summary_large_image\" \/>\n<meta name=\"twitter:label1\" content=\"Tiempo de lectura\" \/>\n\t<meta name=\"twitter:data1\" content=\"4 minutos\" \/>\n<script type=\"application\/ld+json\" class=\"yoast-schema-graph\">{\"@context\":\"https:\\\/\\\/schema.org\",\"@graph\":[{\"@type\":\"WebPage\",\"@id\":\"https:\\\/\\\/kitaylegal.com\\\/es\\\/recursos-hispanicos\\\/\",\"url\":\"https:\\\/\\\/kitaylegal.com\\\/es\\\/recursos-hispanicos\\\/\",\"name\":\"Recursos hispanos - Kitay Law Offices - Experienced Attorneys in PA &amp; NJ\",\"isPartOf\":{\"@id\":\"https:\\\/\\\/kitaylegal.com\\\/es\\\/#website\"},\"datePublished\":\"2017-03-22T03:14:34+00:00\",\"dateModified\":\"2023-01-01T01:12:05+00:00\",\"breadcrumb\":{\"@id\":\"https:\\\/\\\/kitaylegal.com\\\/es\\\/recursos-hispanicos\\\/#breadcrumb\"},\"inLanguage\":\"es\",\"potentialAction\":[{\"@type\":\"ReadAction\",\"target\":[\"https:\\\/\\\/kitaylegal.com\\\/es\\\/recursos-hispanicos\\\/\"]}]},{\"@type\":\"BreadcrumbList\",\"@id\":\"https:\\\/\\\/kitaylegal.com\\\/es\\\/recursos-hispanicos\\\/#breadcrumb\",\"itemListElement\":[{\"@type\":\"ListItem\",\"position\":1,\"name\":\"Home\",\"item\":\"https:\\\/\\\/kitaylegal.com\\\/es\\\/\"},{\"@type\":\"ListItem\",\"position\":2,\"name\":\"Recursos hispanos\"}]},{\"@type\":\"WebSite\",\"@id\":\"https:\\\/\\\/kitaylegal.com\\\/es\\\/#website\",\"url\":\"https:\\\/\\\/kitaylegal.com\\\/es\\\/\",\"name\":\"Kitay Law Offices - Personal Injury, Workers' Compensation, and Criminal Defense Lawyer in Pennsylvania\",\"description\":\"Specializing in Personal Injury, Workers&#039; Compensation, Criminal Defense, DUI Law, and Toxic Torts.\",\"alternateName\":\"Kitay Law Offices - Personal Injury Lawyer in PA\",\"potentialAction\":[{\"@type\":\"SearchAction\",\"target\":{\"@type\":\"EntryPoint\",\"urlTemplate\":\"https:\\\/\\\/kitaylegal.com\\\/es\\\/?s={search_term_string}\"},\"query-input\":{\"@type\":\"PropertyValueSpecification\",\"valueRequired\":true,\"valueName\":\"search_term_string\"}}],\"inLanguage\":\"es\"}]}<\/script>\n<!-- \/ Yoast SEO Premium plugin. -->","yoast_head_json":{"title":"Recursos hispanos - Kitay Law Offices - Experienced Attorneys in PA &amp; NJ","robots":{"index":"index","follow":"follow","max-snippet":"max-snippet:-1","max-image-preview":"max-image-preview:large","max-video-preview":"max-video-preview:-1"},"canonical":"https:\/\/kitaylegal.com\/es\/recursos-hispanicos\/","og_locale":"es_ES","og_type":"article","og_title":"Recursos hispanos","og_description":"Centro Hispanico del Lehigh Valley Centro Hispanico del Lehigh Valley\u00a0(HCLV) Ken Kitay se encuentra orgulloso de servir en la Junta de Directores del Centro Hispano Lehigh Valley. El centro sirve las necesidades de la comunidad hispana, as\u00ed como cualquier persona que pasea por las puertas de su centro para ancianos, la oficina de WIC y... Read More","og_url":"https:\/\/kitaylegal.com\/es\/recursos-hispanicos\/","og_site_name":"Kitay Law Offices - Experienced Attorneys in PA &amp; NJ","article_modified_time":"2023-01-01T01:12:05+00:00","og_image":[{"width":1807,"height":533,"url":"https:\/\/kitaylegal.com\/wp-content\/uploads\/2025\/10\/Kitay-Law-Offices-Law-Firm-Group-Photo-2025-e1763145729528.jpg","type":"image\/jpeg"}],"twitter_card":"summary_large_image","twitter_misc":{"Tiempo de lectura":"4 minutos"},"schema":{"@context":"https:\/\/schema.org","@graph":[{"@type":"WebPage","@id":"https:\/\/kitaylegal.com\/es\/recursos-hispanicos\/","url":"https:\/\/kitaylegal.com\/es\/recursos-hispanicos\/","name":"Recursos hispanos - Kitay Law Offices - Experienced Attorneys in PA &amp; NJ","isPartOf":{"@id":"https:\/\/kitaylegal.com\/es\/#website"},"datePublished":"2017-03-22T03:14:34+00:00","dateModified":"2023-01-01T01:12:05+00:00","breadcrumb":{"@id":"https:\/\/kitaylegal.com\/es\/recursos-hispanicos\/#breadcrumb"},"inLanguage":"es","potentialAction":[{"@type":"ReadAction","target":["https:\/\/kitaylegal.com\/es\/recursos-hispanicos\/"]}]},{"@type":"BreadcrumbList","@id":"https:\/\/kitaylegal.com\/es\/recursos-hispanicos\/#breadcrumb","itemListElement":[{"@type":"ListItem","position":1,"name":"Home","item":"https:\/\/kitaylegal.com\/es\/"},{"@type":"ListItem","position":2,"name":"Recursos hispanos"}]},{"@type":"WebSite","@id":"https:\/\/kitaylegal.com\/es\/#website","url":"https:\/\/kitaylegal.com\/es\/","name":"Kitay Law Offices - Personal Injury, Workers' Compensation, and Criminal Defense Lawyer in Pennsylvania","description":"Specializing in Personal Injury, Workers&#039; Compensation, Criminal Defense, DUI Law, and Toxic Torts.","alternateName":"Kitay Law Offices - Personal Injury Lawyer in PA","potentialAction":[{"@type":"SearchAction","target":{"@type":"EntryPoint","urlTemplate":"https:\/\/kitaylegal.com\/es\/?s={search_term_string}"},"query-input":{"@type":"PropertyValueSpecification","valueRequired":true,"valueName":"search_term_string"}}],"inLanguage":"es"}]}},"_links":{"self":[{"href":"https:\/\/kitaylegal.com\/es\/wp-json\/wp\/v2\/pages\/8983","targetHints":{"allow":["GET"]}}],"collection":[{"href":"https:\/\/kitaylegal.com\/es\/wp-json\/wp\/v2\/pages"}],"about":[{"href":"https:\/\/kitaylegal.com\/es\/wp-json\/wp\/v2\/types\/page"}],"author":[{"embeddable":true,"href":"https:\/\/kitaylegal.com\/es\/wp-json\/wp\/v2\/users\/2"}],"replies":[{"embeddable":true,"href":"https:\/\/kitaylegal.com\/es\/wp-json\/wp\/v2\/comments?post=8983"}],"version-history":[{"count":4,"href":"https:\/\/kitaylegal.com\/es\/wp-json\/wp\/v2\/pages\/8983\/revisions"}],"predecessor-version":[{"id":9368,"href":"https:\/\/kitaylegal.com\/es\/wp-json\/wp\/v2\/pages\/8983\/revisions\/9368"}],"wp:attachment":[{"href":"https:\/\/kitaylegal.com\/es\/wp-json\/wp\/v2\/media?parent=8983"}],"curies":[{"name":"wp","href":"https:\/\/api.w.org\/{rel}","templated":true}]}}