{"id":8978,"date":"2015-04-22T18:38:56","date_gmt":"2015-04-22T22:38:56","guid":{"rendered":"https:\/\/kitaylegal.com\/areas-de-practica\/abogado-de-lesiones-personales-en-pensilvania\/"},"modified":"2023-01-01T15:10:24","modified_gmt":"2023-01-01T19:10:24","slug":"lesiones-personales","status":"publish","type":"page","link":"https:\/\/kitaylegal.com\/es\/areas-de-practica\/lesiones-personales\/","title":{"rendered":"Abogado de lesiones personales en Pennsylvania"},"content":{"rendered":"<h2>\u00bfNecesita un abogado de lesiones personales? Puede comunicarse con las Oficinas Legales Kitay para una consulta gratuita en cualquier momento.<\/h2>\n<p>Elegir un <strong>abogado de lesiones personales<\/strong> es una decisi\u00f3n importante. Elija un abogado experimentado con un gran historial de casos ganados. Afortunadamente, las Oficinas Legales Kitay han luchado por miles y miles de personas como usted. Hemos estado obteniendo justicia durante m\u00e1s de 25 a\u00f1os para quienes sufren lesiones personales.<\/p>\n<p>Sin lugar a dudas, tenemos una experiencia extraordinaria en la lucha contra las compa\u00f1\u00edas de seguros en reclamos por lesiones personales y accidentes. Nuestros abogados con experiencia en lesiones personales en Pensilvania han representado a miles de clientes que han pasado por luchas similares a la suya. Es importante destacar que las Oficinas Legales Kitay le brindan dos cosas importantes: la representaci\u00f3n legal de la m\u00e1s alta calidad posible y tranquilidad. Debido a esto, puede estar seguro de que obtendr\u00e1 un acuerdo excepcional.<\/p>\n<p>Nuestros abogados con experiencia en lesiones personales en Pennsylvania manejan muchos tipos de casos. Por ejemplo, algunos tipos de casos incluyen:<\/p>\n<ul>\n<li><strong>Accidentes automovil\u00edsticos<\/strong><\/li>\n<li><strong>Accidentes de bicicletas<\/strong><\/li>\n<li><strong>Accidentes de peatones<\/strong><\/li>\n<li>Accidentes por resbalones y ca\u00eddas<\/li>\n<li><strong>Accidentes de camiones<\/strong><\/li>\n<li>Lesiones de nacimiento<\/li>\n<li>Lesiones de la m\u00e9dula espinal<\/li>\n<li>Lesiones en la cabeza<\/li>\n<li>Lesiones de espalda<\/li>\n<li>Quemaduras<\/li>\n<li>Lesiones cerebrales traum\u00e1ticas<\/li>\n<li><strong>Lesiones en el lugar de trabajo<\/strong><\/li>\n<li>Productos defectuosos y peligrosos<\/li>\n<\/ul>\n<p>\u00bfNo est\u00e1 seguro si tiene una lesi\u00f3n personal en Pensilvania? Llame ahora para una consulta gratuita.<\/p>\n<h2>Nuestros abogados de lesiones personales en Pennsylvania pueden revisar su caso de forma gratuita.<\/h2>\n<p>Despu\u00e9s de sufrir una lesi\u00f3n, nuestros abogados de lesiones personales en Pensilvania brindan una evaluaci\u00f3n gratuita del caso. Antes de eso, debe buscar atenci\u00f3n m\u00e9dica de inmediato. Es importante destacar que su salud es lo primero. A\u00fan as\u00ed, debe actuar r\u00e1pidamente para contactar un abogado. Recuerde, las reclamaciones por lesiones personales deben presentarse dentro de los dos a\u00f1os posteriores a la lesi\u00f3n. Sin embargo, cada situaci\u00f3n es diferente. Como resultado, esta regla no se aplica a todos los casos. En cambio, depende en \u00faltima instancia de los hechos de cada caso individual. Puede obtener una evaluaci\u00f3n gratuita de su caso en las Oficinas Legales Kitay llamando al 888-KITAYLAW o enviando este formulario. Despu\u00e9s de esto, un <em>abogado con experiencia en lesiones personales en Pennsylvania<\/em> se encargar\u00e1 de su caso.<\/p>\n<h3>Accidentes por resbalones y ca\u00eddas (responsabilidad de las instalaciones)<\/h3>\n<p>Otro nombre para un caso de accidente por resbal\u00f3n y ca\u00edda es \u00abresponsabilidad del local\u00bb. Los accidentes pueden ocurrir cuando la propiedad p\u00fablica o privada (\u201cinstalaciones\u201d) no son seguras. Desafortunadamente, las lesiones graves pueden ocurrir en casi cualquier lugar. Por ejemplo, los lugares como edificios residenciales, sitios de construcci\u00f3n, centros comerciales y estacionamientos son los m\u00e1s comunes.<\/p>\n<p>Las Oficinas Legales Kitay representan a personas lesionadas debido a condiciones de propiedad inseguras. Por ejemplo, estas condiciones inseguras pueden incluir:<\/p>\n<ul>\n<li>Escaleras y pisos defectuosos<\/li>\n<li>Porches colapsados<\/li>\n<li>Baches en las calles de la ciudad<\/li>\n<li>Las tuber\u00edas que estallan dentro de los apartamentos<\/li>\n<li>Detectores de humo da\u00f1ados o faltantes<\/li>\n<\/ul>\n<p>Si usted o alguien que conoce ha resultado lesionado en la propiedad de otra persona, llame a los abogados con experiencia en responsabilidad de locales de las Oficinas Legales Kitay al 1-888-KITAY-LAW para una consulta gratuita. De hecho, nuestros <em>abogados con experiencia en lesiones personales en Pennsylvania<\/em> est\u00e1n listos para luchar por sus derechos.<\/p>\n<h3>\u00bfCu\u00e1l es el cronograma de lesiones personales en Pensilvania?<\/h3>\n<p>Si se pregunta cu\u00e1nto tiempo lleva obtener una compensaci\u00f3n por su lesi\u00f3n personal en Pensilvania, consulte nuestro cronograma de lesiones personales para obtener m\u00e1s informaci\u00f3n. Adem\u00e1s, esta p\u00e1gina incluye una explicaci\u00f3n detallada de la l\u00ednea de tiempo junto con un diagrama para ayudarlo a ver todo de un vistazo. Sin embargo, cada caso es diferente. Ciertamente, esta l\u00ednea de tiempo le dar\u00e1 una buena idea de qu\u00e9 esperar.<\/p>\n<h3>\u00bfCu\u00e1l es el cronograma de litigios por lesiones personales en Pensilvania?<\/h3>\n<p>A veces, los casos no se pueden resolver fuera de los tribunales. Cuando eso suceda, su caso se presentar\u00e1 ante el tribunal. Es importante destacar que este proceso se denomina \u00ablitigio\u00bb. Para litigios, querr\u00e1 un abogado de su lado para luchar por sus derechos. Recuerde, la parte culpable tendr\u00e1 un abogado contratado por la compa\u00f1\u00eda de seguros. Adem\u00e1s, el proceso de litigio incluye muchos pasos.<\/p>\n<p>Si su caso entra en litigio, debe revisar nuestro cronograma de litigios por lesiones personales. Es importante destacar que el proceso de litigio es muy diferente de resolver su caso fuera de la corte. Recuerde, nuestra l\u00ednea de tiempo tiene informaci\u00f3n m\u00e1s espec\u00edfica para arrojar luz sobre el proceso. Por lo tanto, estar\u00e1 mejor preparado para un caso de lesiones personales que llegue a los tribunales.<\/p>\n<h2>Preguntas frecuentes<\/h2>\n<p>Obtenga respuestas a sus preguntas sobre accidentes y leyes de lesiones personales.<\/p>\n<h3>\u00bfCu\u00e1nto tiempo tengo para presentar una demanda si me lesiono?<\/h3>\n<p>En la mayor\u00eda de los casos, tiene dos a\u00f1os desde la fecha en que se da cuenta de la lesi\u00f3n para presentar una demanda. Esto se denomina \u00abestatuto de limitaciones\u00bb. Cada estado establece su propio estatuto de limitaciones para casos de lesiones personales. Sin embargo, incluso si ha superado el l\u00edmite de tiempo de dos a\u00f1os, debe comunicarse con abogados con experiencia en lesiones personales en Pensilvania para obtener ayuda. A veces, el l\u00edmite de tiempo de dos a\u00f1os tiene cierta flexibilidad. Los abogados experimentados de las Oficinas Legales Kitay pueden ayudarlo a determinar cu\u00e1ndo es la fecha l\u00edmite de su estatuto de limitaciones. Nos aseguraremos de que su caso se presente de manera oportuna y adecuada.<\/p>\n<h3>\u00bfCu\u00e1les son mis derechos despu\u00e9s de una lesi\u00f3n personal?<\/h3>\n<p>En las Oficinas Legales Kitay, usted se merece un abogado de lesiones personales que se comunique claramente y luche por sus derechos. Si la causa de su lesi\u00f3n es culpa de otra persona, es posible que merezca una compensaci\u00f3n seg\u00fan la ley. Por ejemplo, puede ser elegible para una compensaci\u00f3n por:<\/p>\n<ul>\n<li>Salarios perdidos, tanto pasados \u200b\u200bcomo futuros<\/li>\n<li>P\u00e9rdida del consorcio con su c\u00f3nyuge<\/li>\n<li>Dolor y sufrimiento<\/li>\n<\/ul>\n<p>Cada caso es diferente. Con base en los hechos, los abogados de lesiones personales en Pensilvania de las Oficinas Legales Kitay trabajar\u00e1n para descubrir los derechos legales y las limitaciones que pueden aplicarse a su caso. Le aconsejaremos sobre su mejor curso de acci\u00f3n. Podemos ayudarlo a determinar qu\u00e9 opciones de liquidaci\u00f3n est\u00e1n disponibles para usted y si debe aceptar una oferta de liquidaci\u00f3n o ir a juicio.<\/p>\n<p>Estaremos contigo en cada paso del camino, siempre teniendo en cuenta tus mejores intereses.<\/p>\n<h3>\u00bfQu\u00e9 sucede si me contacta una compa\u00f1\u00eda de seguros u otro investigador?<\/h3>\n<p>Para empezar, debe tener un abogado que est\u00e9 de su lado para revisar cualquier oferta de conciliaci\u00f3n. Un caso de lesiones personales no es el momento de intentar representarse a s\u00ed mismo; D\u00e9janos ayudarte. Cualquier documento que firme o acuerdos que acepte antes de hablar con un abogado podr\u00eda afectar su capacidad para recuperar una compensaci\u00f3n total por su lesi\u00f3n. Podr\u00eda terminar renunciando a sus derechos de demandar o podr\u00eda estar aceptando una cantidad significativamente menor de lo que podr\u00eda tener derecho a recibir.<\/p>\n<p>Estos contratos son extremadamente dif\u00edciles de revocar y pr\u00e1cticamente no hay forma de cancelarlos despu\u00e9s de la firma. Los abogados que representan a su compa\u00f1\u00eda de seguros siempre trabajar\u00e1n a favor de las compa\u00f1\u00edas de seguros. Los abogados legales Kitay tienen experiencia en la evaluaci\u00f3n de ofertas de acuerdos y en la revisi\u00f3n y redacci\u00f3n de contratos de acuerdos.<\/p>\n<h3>\u00bfCu\u00e1nto costar\u00e1 esto? \u00bfC\u00f3mo pago por sus servicios?<\/h3>\n<p>Para casos de lesiones personales en las Oficinas Legales Kitay, si no gana, no paga. Nuestra tarifa se basa en un porcentaje de cualquier liquidaci\u00f3n en efectivo o veredicto que podamos obtener para usted. Ponemos nuestro acuerdo de tarifas por escrito y lo revisamos con usted para asegurarnos de que comprenda c\u00f3mo nos pagan.<\/p>\n<h3>\u00bfMi caso ir\u00e1 a juicio?<\/h3>\n<p>Muchos casos se resuelven antes del juicio, pero si una oferta de acuerdo no es suficiente en relaci\u00f3n con la gravedad de sus lesiones, los abogados de Oficinas Legales Kitay tienen la experiencia para luchar por sus derechos durante el proceso de juicio. Nuestros abogados de lesiones personales en Pensilvania trabajan para obtener el mayor acuerdo en efectivo que se merece.<\/p>\n<h3>\u00bfCu\u00e1nto vale mi caso?<\/h3>\n<p>Hasta que su caso haya sido completamente investigado y su condici\u00f3n m\u00e9dica se haya estabilizado, debe tener cuidado con cualquier persona que intente decirle el valor de su posible reclamo. Pero puede estar tranquilo sabiendo que las Oficinas Legales Kitay luchar\u00e1n para obtener una compensaci\u00f3n completa, que puede incluir el pago de facturas m\u00e9dicas, salarios perdidos y \/ o capacidad de ganancia disminuida debido a su lesi\u00f3n, adem\u00e1s de dolor f\u00edsico, sufrimiento emocional, angustia mental. y p\u00e9rdida de la capacidad de disfrutar la vida.<\/p>\n<h3>\u00bfQu\u00e9 tan pronto despu\u00e9s de que se haga un acuerdo recibir\u00e9 mi cheque?<\/h3>\n<p>Tan pronto como sea posible. En promedio, puede tomar entre unas pocas semanas y algunos meses para que reciba los fondos del acuerdo. Esto puede deberse a varios factores. Por ejemplo, su caso puede involucrar facturas m\u00e9dicas pendientes, obligaciones, grav\u00e1menes u otros costos que deben cubrirse con los fondos del acuerdo. Este es un proceso que los abogados con experiencia en lesiones personales en Pennsylvania Kitay revisar\u00e1n con usted en detalle. Adem\u00e1s, ciertos tipos de casos pueden requerir la aprobaci\u00f3n del Tribunal antes de que se finalice un acuerdo. Sin embargo, lo mantendremos informado sobre el estado de su acuerdo y le proporcionaremos los fondos del acuerdo lo antes posible seg\u00fan la ley.<\/p>\n","protected":false},"excerpt":{"rendered":"<p>\u00bfNecesita un abogado de lesiones personales? Puede comunicarse con las Oficinas Legales Kitay para una consulta gratuita en cualquier momento. Elegir un abogado de lesiones personales es una decisi\u00f3n importante. Elija un abogado experimentado con un gran historial de casos ganados. Afortunadamente, las Oficinas Legales Kitay han luchado por miles y miles de personas como&#8230; <\/p>\n<div class=\"clear\"><\/div>\n<p><a href=\"https:\/\/kitaylegal.com\/es\/areas-de-practica\/lesiones-personales\/\" class=\"excerpt-read-more\">Read More<\/a><\/p>\n","protected":false},"author":2,"featured_media":8734,"parent":8971,"menu_order":0,"comment_status":"open","ping_status":"closed","template":"template-practice-sp.php","meta":{"_acf_changed":false,"footnotes":""},"class_list":["post-8978","page","type-page","status-publish","has-post-thumbnail","hentry"],"acf":[],"yoast_head":"<!-- This site is optimized with the Yoast SEO Premium plugin v27.3 (Yoast SEO v27.3) - https:\/\/yoast.com\/product\/yoast-seo-premium-wordpress\/ -->\n<title>Abogado de lesiones personales en Pennsylvania - Kitay Law Offices - Experienced Attorneys in PA &amp; NJ<\/title>\n<meta name=\"robots\" content=\"index, follow, max-snippet:-1, max-image-preview:large, max-video-preview:-1\" \/>\n<link rel=\"canonical\" href=\"https:\/\/kitaylegal.com\/es\/areas-de-practica\/lesiones-personales\/\" \/>\n<meta property=\"og:locale\" content=\"es_ES\" \/>\n<meta property=\"og:type\" content=\"article\" \/>\n<meta property=\"og:title\" content=\"Abogado de lesiones personales en Pennsylvania\" \/>\n<meta property=\"og:description\" content=\"\u00bfNecesita un abogado de lesiones personales? Puede comunicarse con las Oficinas Legales Kitay para una consulta gratuita en cualquier momento. Elegir un abogado de lesiones personales es una decisi\u00f3n importante. Elija un abogado experimentado con un gran historial de casos ganados. Afortunadamente, las Oficinas Legales Kitay han luchado por miles y miles de personas como... Read More\" \/>\n<meta property=\"og:url\" content=\"https:\/\/kitaylegal.com\/es\/areas-de-practica\/lesiones-personales\/\" \/>\n<meta property=\"og:site_name\" content=\"Kitay Law Offices - Experienced Attorneys in PA &amp; NJ\" \/>\n<meta property=\"article:modified_time\" content=\"2023-01-01T19:10:24+00:00\" \/>\n<meta property=\"og:image\" content=\"https:\/\/kitaylegal.com\/wp-content\/uploads\/2020\/01\/Car-Accident-Lawyers-in-Pennsylvania-Kitay-Law-Offices.jpg\" \/>\n\t<meta property=\"og:image:width\" content=\"2400\" \/>\n\t<meta property=\"og:image:height\" content=\"1200\" \/>\n\t<meta property=\"og:image:type\" content=\"image\/jpeg\" \/>\n<meta name=\"twitter:card\" content=\"summary_large_image\" \/>\n<meta name=\"twitter:label1\" content=\"Tiempo de lectura\" \/>\n\t<meta name=\"twitter:data1\" content=\"7 minutos\" \/>\n<script type=\"application\/ld+json\" class=\"yoast-schema-graph\">{\"@context\":\"https:\\\/\\\/schema.org\",\"@graph\":[{\"@type\":\"WebPage\",\"@id\":\"https:\\\/\\\/kitaylegal.com\\\/es\\\/areas-de-practica\\\/lesiones-personales\\\/\",\"url\":\"https:\\\/\\\/kitaylegal.com\\\/es\\\/areas-de-practica\\\/lesiones-personales\\\/\",\"name\":\"Abogado de lesiones personales en Pennsylvania - Kitay Law Offices - Experienced Attorneys in PA &amp; NJ\",\"isPartOf\":{\"@id\":\"https:\\\/\\\/kitaylegal.com\\\/es\\\/#website\"},\"primaryImageOfPage\":{\"@id\":\"https:\\\/\\\/kitaylegal.com\\\/es\\\/areas-de-practica\\\/lesiones-personales\\\/#primaryimage\"},\"image\":{\"@id\":\"https:\\\/\\\/kitaylegal.com\\\/es\\\/areas-de-practica\\\/lesiones-personales\\\/#primaryimage\"},\"thumbnailUrl\":\"https:\\\/\\\/kitaylegal.com\\\/wp-content\\\/uploads\\\/2020\\\/01\\\/Car-Accident-Lawyers-in-Pennsylvania-Kitay-Law-Offices.jpg\",\"datePublished\":\"2015-04-22T22:38:56+00:00\",\"dateModified\":\"2023-01-01T19:10:24+00:00\",\"breadcrumb\":{\"@id\":\"https:\\\/\\\/kitaylegal.com\\\/es\\\/areas-de-practica\\\/lesiones-personales\\\/#breadcrumb\"},\"inLanguage\":\"es\",\"potentialAction\":[{\"@type\":\"ReadAction\",\"target\":[\"https:\\\/\\\/kitaylegal.com\\\/es\\\/areas-de-practica\\\/lesiones-personales\\\/\"]}]},{\"@type\":\"ImageObject\",\"inLanguage\":\"es\",\"@id\":\"https:\\\/\\\/kitaylegal.com\\\/es\\\/areas-de-practica\\\/lesiones-personales\\\/#primaryimage\",\"url\":\"https:\\\/\\\/kitaylegal.com\\\/wp-content\\\/uploads\\\/2020\\\/01\\\/Car-Accident-Lawyers-in-Pennsylvania-Kitay-Law-Offices.jpg\",\"contentUrl\":\"https:\\\/\\\/kitaylegal.com\\\/wp-content\\\/uploads\\\/2020\\\/01\\\/Car-Accident-Lawyers-in-Pennsylvania-Kitay-Law-Offices.jpg\",\"width\":2400,\"height\":1200},{\"@type\":\"BreadcrumbList\",\"@id\":\"https:\\\/\\\/kitaylegal.com\\\/es\\\/areas-de-practica\\\/lesiones-personales\\\/#breadcrumb\",\"itemListElement\":[{\"@type\":\"ListItem\",\"position\":1,\"name\":\"Home\",\"item\":\"https:\\\/\\\/kitaylegal.com\\\/es\\\/\"},{\"@type\":\"ListItem\",\"position\":2,\"name\":\"Areas de Pr\u00e1ctica &#8211; Vista General\",\"item\":\"https:\\\/\\\/kitaylegal.com\\\/es\\\/areas-de-practica\\\/\"},{\"@type\":\"ListItem\",\"position\":3,\"name\":\"Abogado de lesiones personales en Pennsylvania\"}]},{\"@type\":\"WebSite\",\"@id\":\"https:\\\/\\\/kitaylegal.com\\\/es\\\/#website\",\"url\":\"https:\\\/\\\/kitaylegal.com\\\/es\\\/\",\"name\":\"Kitay Law Offices - Personal Injury, Workers' Compensation, and Criminal Defense Lawyer in Pennsylvania\",\"description\":\"Specializing in Personal Injury, Workers&#039; Compensation, Criminal Defense, DUI Law, and Toxic Torts.\",\"alternateName\":\"Kitay Law Offices - Personal Injury Lawyer in PA\",\"potentialAction\":[{\"@type\":\"SearchAction\",\"target\":{\"@type\":\"EntryPoint\",\"urlTemplate\":\"https:\\\/\\\/kitaylegal.com\\\/es\\\/?s={search_term_string}\"},\"query-input\":{\"@type\":\"PropertyValueSpecification\",\"valueRequired\":true,\"valueName\":\"search_term_string\"}}],\"inLanguage\":\"es\"}]}<\/script>\n<!-- \/ Yoast SEO Premium plugin. -->","yoast_head_json":{"title":"Abogado de lesiones personales en Pennsylvania - Kitay Law Offices - Experienced Attorneys in PA &amp; NJ","robots":{"index":"index","follow":"follow","max-snippet":"max-snippet:-1","max-image-preview":"max-image-preview:large","max-video-preview":"max-video-preview:-1"},"canonical":"https:\/\/kitaylegal.com\/es\/areas-de-practica\/lesiones-personales\/","og_locale":"es_ES","og_type":"article","og_title":"Abogado de lesiones personales en Pennsylvania","og_description":"\u00bfNecesita un abogado de lesiones personales? Puede comunicarse con las Oficinas Legales Kitay para una consulta gratuita en cualquier momento. Elegir un abogado de lesiones personales es una decisi\u00f3n importante. Elija un abogado experimentado con un gran historial de casos ganados. Afortunadamente, las Oficinas Legales Kitay han luchado por miles y miles de personas como... Read More","og_url":"https:\/\/kitaylegal.com\/es\/areas-de-practica\/lesiones-personales\/","og_site_name":"Kitay Law Offices - Experienced Attorneys in PA &amp; NJ","article_modified_time":"2023-01-01T19:10:24+00:00","og_image":[{"width":2400,"height":1200,"url":"https:\/\/kitaylegal.com\/wp-content\/uploads\/2020\/01\/Car-Accident-Lawyers-in-Pennsylvania-Kitay-Law-Offices.jpg","type":"image\/jpeg"}],"twitter_card":"summary_large_image","twitter_misc":{"Tiempo de lectura":"7 minutos"},"schema":{"@context":"https:\/\/schema.org","@graph":[{"@type":"WebPage","@id":"https:\/\/kitaylegal.com\/es\/areas-de-practica\/lesiones-personales\/","url":"https:\/\/kitaylegal.com\/es\/areas-de-practica\/lesiones-personales\/","name":"Abogado de lesiones personales en Pennsylvania - Kitay Law Offices - Experienced Attorneys in PA &amp; NJ","isPartOf":{"@id":"https:\/\/kitaylegal.com\/es\/#website"},"primaryImageOfPage":{"@id":"https:\/\/kitaylegal.com\/es\/areas-de-practica\/lesiones-personales\/#primaryimage"},"image":{"@id":"https:\/\/kitaylegal.com\/es\/areas-de-practica\/lesiones-personales\/#primaryimage"},"thumbnailUrl":"https:\/\/kitaylegal.com\/wp-content\/uploads\/2020\/01\/Car-Accident-Lawyers-in-Pennsylvania-Kitay-Law-Offices.jpg","datePublished":"2015-04-22T22:38:56+00:00","dateModified":"2023-01-01T19:10:24+00:00","breadcrumb":{"@id":"https:\/\/kitaylegal.com\/es\/areas-de-practica\/lesiones-personales\/#breadcrumb"},"inLanguage":"es","potentialAction":[{"@type":"ReadAction","target":["https:\/\/kitaylegal.com\/es\/areas-de-practica\/lesiones-personales\/"]}]},{"@type":"ImageObject","inLanguage":"es","@id":"https:\/\/kitaylegal.com\/es\/areas-de-practica\/lesiones-personales\/#primaryimage","url":"https:\/\/kitaylegal.com\/wp-content\/uploads\/2020\/01\/Car-Accident-Lawyers-in-Pennsylvania-Kitay-Law-Offices.jpg","contentUrl":"https:\/\/kitaylegal.com\/wp-content\/uploads\/2020\/01\/Car-Accident-Lawyers-in-Pennsylvania-Kitay-Law-Offices.jpg","width":2400,"height":1200},{"@type":"BreadcrumbList","@id":"https:\/\/kitaylegal.com\/es\/areas-de-practica\/lesiones-personales\/#breadcrumb","itemListElement":[{"@type":"ListItem","position":1,"name":"Home","item":"https:\/\/kitaylegal.com\/es\/"},{"@type":"ListItem","position":2,"name":"Areas de Pr\u00e1ctica &#8211; Vista General","item":"https:\/\/kitaylegal.com\/es\/areas-de-practica\/"},{"@type":"ListItem","position":3,"name":"Abogado de lesiones personales en Pennsylvania"}]},{"@type":"WebSite","@id":"https:\/\/kitaylegal.com\/es\/#website","url":"https:\/\/kitaylegal.com\/es\/","name":"Kitay Law Offices - Personal Injury, Workers' Compensation, and Criminal Defense Lawyer in Pennsylvania","description":"Specializing in Personal Injury, Workers&#039; Compensation, Criminal Defense, DUI Law, and Toxic Torts.","alternateName":"Kitay Law Offices - Personal Injury Lawyer in PA","potentialAction":[{"@type":"SearchAction","target":{"@type":"EntryPoint","urlTemplate":"https:\/\/kitaylegal.com\/es\/?s={search_term_string}"},"query-input":{"@type":"PropertyValueSpecification","valueRequired":true,"valueName":"search_term_string"}}],"inLanguage":"es"}]}},"_links":{"self":[{"href":"https:\/\/kitaylegal.com\/es\/wp-json\/wp\/v2\/pages\/8978","targetHints":{"allow":["GET"]}}],"collection":[{"href":"https:\/\/kitaylegal.com\/es\/wp-json\/wp\/v2\/pages"}],"about":[{"href":"https:\/\/kitaylegal.com\/es\/wp-json\/wp\/v2\/types\/page"}],"author":[{"embeddable":true,"href":"https:\/\/kitaylegal.com\/es\/wp-json\/wp\/v2\/users\/2"}],"replies":[{"embeddable":true,"href":"https:\/\/kitaylegal.com\/es\/wp-json\/wp\/v2\/comments?post=8978"}],"version-history":[{"count":4,"href":"https:\/\/kitaylegal.com\/es\/wp-json\/wp\/v2\/pages\/8978\/revisions"}],"predecessor-version":[{"id":9407,"href":"https:\/\/kitaylegal.com\/es\/wp-json\/wp\/v2\/pages\/8978\/revisions\/9407"}],"up":[{"embeddable":true,"href":"https:\/\/kitaylegal.com\/es\/wp-json\/wp\/v2\/pages\/8971"}],"wp:featuredmedia":[{"embeddable":true,"href":"https:\/\/kitaylegal.com\/es\/wp-json\/wp\/v2\/media\/8734"}],"wp:attachment":[{"href":"https:\/\/kitaylegal.com\/es\/wp-json\/wp\/v2\/media?parent=8978"}],"curies":[{"name":"wp","href":"https:\/\/api.w.org\/{rel}","templated":true}]}}